{"id":2605,"date":"2017-11-09T17:45:47","date_gmt":"2017-11-09T17:45:47","guid":{"rendered":"https:\/\/movepainfree.org\/fr\/?page_id=2605"},"modified":"2024-10-21T15:47:17","modified_gmt":"2024-10-21T15:47:17","slug":"rapport-annuel","status":"publish","type":"page","link":"https:\/\/movepainfree.org\/fr\/rapport-annuel\/","title":{"rendered":"Rapports annuels et d&rsquo;incidence"},"content":{"rendered":"<p>La Fondation Canadienne d\u2019Orthop\u00e9die est le seul organisme de bienfaisance canadien \u00e0 se consacrer exclusivement \u00e0 aider les gens \u00e0 maintenir et \u00e0 recouvrer la sant\u00e9 de leurs os et articulations, ou sant\u00e9 orthop\u00e9dique. Pour en savoir plus sur les progr\u00e8s que nous avons r\u00e9alis\u00e9s par rapport \u00e0 nos trois grands volets, soit la recherche en orthop\u00e9die, la sensibilisation des patients et les soins, consultez notre rapport\u00a0annuel.<\/p>\n<h4><a href=\"https:\/\/movepainfree.org\/fr\/wp-content\/uploads\/sites\/3\/2023-24-Annual-Report-FR.pdf\" target=\"_blank\" rel=\"noopener noreferrer\">Rapport annuel 2023-2024<\/a><\/h4>\n<p><a href=\"https:\/\/movepainfree.org\/fr\/wp-content\/uploads\/sites\/3\/2022-23-Annual-Report-FR.pdf\" target=\"_blank\" rel=\"noopener\">Rapport annuel 2022-2023<\/a><br \/>\n<a href=\"https:\/\/movepainfree.org\/fr\/wp-content\/uploads\/sites\/3\/2021-22-Annual-Report-FR-.pdf\" target=\"_blank\" rel=\"noopener\">Rapport annuel 2021-2022<\/a><br \/>\n<a href=\"https:\/\/movepainfree.org\/fr\/wp-content\/uploads\/sites\/3\/2020-21-Annual-Report-FINAL-FR-1.pdf\" target=\"_blank\" rel=\"noopener noreferrer\">Rapport annuel 2020-2021<\/a><br \/>\n<a href=\"https:\/\/movepainfree.org\/fr\/wp-content\/uploads\/sites\/3\/2019-20-Annual-Report-FINAL-FR.pdf\" target=\"_blank\" rel=\"noopener noreferrer\">Rapport annuel 2019-2020<\/a><br \/>\n<a href=\"https:\/\/movepainfree.org\/fr\/wp-content\/uploads\/sites\/3\/COF_AnnualReport_18-19_FR_WEB.pdf\" target=\"_blank\" rel=\"noopener noreferrer\">Rapport annuel 2018-2019<\/a><br \/>\n<a href=\"https:\/\/movepainfree.org\/fr\/wp-content\/uploads\/sites\/3\/2019-Fall-Impact-Report-FINAL-FR.pdf\" target=\"_blank\" rel=\"noopener noreferrer\">Rapport d&rsquo;incidence 2019 (autumne)<\/a><br \/>\n<a href=\"https:\/\/movepainfree.org\/fr\/wp-content\/uploads\/sites\/3\/2019-Spring-Patient-Education-Care-Impact-Report-FR.pdf\" target=\"_blank\" rel=\"noopener noreferrer\">Rapport d\u2019incidence 2019 (printemps)<\/a><br \/>\n<a href=\"https:\/\/movepainfree.org\/fr\/wp-content\/uploads\/sites\/3\/2017_18-COF_Annual_Report_FINAL-FR.pdf\" target=\"_blank\" rel=\"noopener noreferrer\">Rapport annuel 2017-2018<\/a> <span lang=\"fr\"><br \/>\n<\/span><a href=\"https:\/\/movepainfree.org\/fr\/wp-content\/uploads\/sites\/3\/Impact-Report-REV-FINAL-FR.pdf\" target=\"_blank\" rel=\"noopener noreferrer\">Rapport d&rsquo;incidence 2017-2018<\/a><br \/>\n<a href=\"https:\/\/movepainfree.org\/fr\/wp-content\/uploads\/sites\/3\/2018-Research-Impact-Report-FR-REV.pdf\" target=\"_blank\" rel=\"noopener noreferrer\">Rapport d&rsquo;incidence de la recherche 2017<\/a><br \/>\n<a href=\"https:\/\/movepainfree.org\/fr\/wp-content\/uploads\/sites\/3\/AnnualReport_16-17-FR-1.pdf\" target=\"_blank\" rel=\"noopener noreferrer\">Rapport annuel 2016-2017\u00a0<\/a><em><br \/>\n<\/em><a href=\"https:\/\/movepainfree.org\/fr\/wp-content\/uploads\/sites\/3\/Impact-Report-FR-FINAL-1.pdf\" target=\"_blank\" rel=\"noopener noreferrer\">Rapport d\u2019incidence 2016-2017<\/a><a href=\"https:\/\/movepainfree.org\/fr\/wp-content\/uploads\/sites\/3\/Impact-Report-FR-FINAL.pdf\" target=\"_blank\" rel=\"noopener noreferrer\"><br \/>\n<\/a><a href=\"https:\/\/movepainfree.org\/fr\/wp-content\/uploads\/sites\/3\/COF_50YearReport_2015_FINAL-FR.pdf\" target=\"_blank\" rel=\"noopener noreferrer\">Rapport annuel\u00a0: C\u00e9l\u00e9brons 50\u00a0ans de r\u00e9alisations<\/a><\/p>\n","protected":false},"excerpt":{"rendered":"La Fondation Canadienne d\u2019Orthop\u00e9die est le seul organisme de bienfaisance canadien \u00e0 se consacrer exclusivement \u00e0 aider les gens \u00e0 maintenir et \u00e0 recouvrer la sant\u00e9 de leurs os et&#8230; <a class=\"view-article\" href=\"https:\/\/movepainfree.org\/fr\/rapport-annuel\/\">View Article<\/a>","protected":false},"author":2,"featured_media":0,"parent":0,"menu_order":0,"comment_status":"closed","ping_status":"closed","template":"","meta":{"footnotes":""},"class_list":["post-2605","page","type-page","status-publish","hentry"],"yoast_head":"<!-- This site is optimized with the Yoast SEO plugin v27.0 - https:\/\/yoast.com\/product\/yoast-seo-wordpress\/ -->\n<title>Rapports annuels et d&#039;incidence - Fondation Canadienne d&#039;Orthop\u00e9die<\/title>\n<meta name=\"description\" content=\"La Fondation canadienne d&#039;orthop\u00e9die vient en aide aux patients orthop\u00e9diques, aux professionnels de la sant\u00e9 en orthop\u00e9die, ainsi qu&#039;aux personnes qui se pr\u00e9occupent de leur sant\u00e9 et des questions en mati\u00e8re de sant\u00e9 au sein de la collectivit\u00e9, et ce, \u00e0 l&#039;\u00e9gard de la sant\u00e9 des os et des articulations actuelle et \u00e0 venir.\" \/>\n<meta name=\"robots\" content=\"index, follow, max-snippet:-1, max-image-preview:large, max-video-preview:-1\" \/>\n<link rel=\"canonical\" href=\"https:\/\/movepainfree.org\/fr\/rapport-annuel\/\" \/>\n<meta property=\"og:locale\" content=\"fr_FR\" \/>\n<meta property=\"og:type\" content=\"article\" \/>\n<meta property=\"og:title\" content=\"Rapports annuels et d&#039;incidence - Fondation Canadienne d&#039;Orthop\u00e9die\" \/>\n<meta property=\"og:description\" content=\"La Fondation canadienne d&#039;orthop\u00e9die vient en aide aux patients orthop\u00e9diques, aux professionnels de la sant\u00e9 en orthop\u00e9die, ainsi qu&#039;aux personnes qui se pr\u00e9occupent de leur sant\u00e9 et des questions en mati\u00e8re de sant\u00e9 au sein de la collectivit\u00e9, et ce, \u00e0 l&#039;\u00e9gard de la sant\u00e9 des os et des articulations actuelle et \u00e0 venir.\" \/>\n<meta property=\"og:url\" content=\"https:\/\/movepainfree.org\/fr\/rapport-annuel\/\" \/>\n<meta property=\"og:site_name\" content=\"Fondation Canadienne d&#039;Orthop\u00e9die\" \/>\n<meta property=\"article:modified_time\" content=\"2024-10-21T15:47:17+00:00\" \/>\n<meta name=\"twitter:card\" content=\"summary_large_image\" \/>\n<meta name=\"twitter:label1\" content=\"Dur\u00e9e de lecture estim\u00e9e\" \/>\n\t<meta name=\"twitter:data1\" content=\"1 minute\" \/>\n<script type=\"application\/ld+json\" class=\"yoast-schema-graph\">{\"@context\":\"https:\/\/schema.org\",\"@graph\":[{\"@type\":\"WebPage\",\"@id\":\"https:\/\/movepainfree.org\/fr\/rapport-annuel\/\",\"url\":\"https:\/\/movepainfree.org\/fr\/rapport-annuel\/\",\"name\":\"Rapports annuels et d'incidence - Fondation Canadienne d&#039;Orthop\u00e9die\",\"isPartOf\":{\"@id\":\"https:\/\/movepainfree.org\/fr\/#website\"},\"datePublished\":\"2017-11-09T17:45:47+00:00\",\"dateModified\":\"2024-10-21T15:47:17+00:00\",\"description\":\"La Fondation canadienne d'orthop\u00e9die vient en aide aux patients orthop\u00e9diques, aux professionnels de la sant\u00e9 en orthop\u00e9die, ainsi qu'aux personnes qui se pr\u00e9occupent de leur sant\u00e9 et des questions en mati\u00e8re de sant\u00e9 au sein de la collectivit\u00e9, et ce, \u00e0 l'\u00e9gard de la sant\u00e9 des os et des articulations actuelle et \u00e0 venir.\",\"breadcrumb\":{\"@id\":\"https:\/\/movepainfree.org\/fr\/rapport-annuel\/#breadcrumb\"},\"inLanguage\":\"fr-FR\",\"potentialAction\":[{\"@type\":\"ReadAction\",\"target\":[\"https:\/\/movepainfree.org\/fr\/rapport-annuel\/\"]}]},{\"@type\":\"BreadcrumbList\",\"@id\":\"https:\/\/movepainfree.org\/fr\/rapport-annuel\/#breadcrumb\",\"itemListElement\":[{\"@type\":\"ListItem\",\"position\":1,\"name\":\"Home\",\"item\":\"https:\/\/movepainfree.org\/fr\/\"},{\"@type\":\"ListItem\",\"position\":2,\"name\":\"Rapports annuels et d&rsquo;incidence\"}]},{\"@type\":\"WebSite\",\"@id\":\"https:\/\/movepainfree.org\/fr\/#website\",\"url\":\"https:\/\/movepainfree.org\/fr\/\",\"name\":\"Fondation Canadienne d&#039;Orthop\u00e9die\",\"description\":\"Fund-raising Activities Support Research, Education, Community Care\",\"potentialAction\":[{\"@type\":\"SearchAction\",\"target\":{\"@type\":\"EntryPoint\",\"urlTemplate\":\"https:\/\/movepainfree.org\/fr\/?s={search_term_string}\"},\"query-input\":{\"@type\":\"PropertyValueSpecification\",\"valueRequired\":true,\"valueName\":\"search_term_string\"}}],\"inLanguage\":\"fr-FR\"}]}<\/script>\n<!-- \/ Yoast SEO plugin. -->","yoast_head_json":{"title":"Rapports annuels et d'incidence - Fondation Canadienne d&#039;Orthop\u00e9die","description":"La Fondation canadienne d'orthop\u00e9die vient en aide aux patients orthop\u00e9diques, aux professionnels de la sant\u00e9 en orthop\u00e9die, ainsi qu'aux personnes qui se pr\u00e9occupent de leur sant\u00e9 et des questions en mati\u00e8re de sant\u00e9 au sein de la collectivit\u00e9, et ce, \u00e0 l'\u00e9gard de la sant\u00e9 des os et des articulations actuelle et \u00e0 venir.","robots":{"index":"index","follow":"follow","max-snippet":"max-snippet:-1","max-image-preview":"max-image-preview:large","max-video-preview":"max-video-preview:-1"},"canonical":"https:\/\/movepainfree.org\/fr\/rapport-annuel\/","og_locale":"fr_FR","og_type":"article","og_title":"Rapports annuels et d'incidence - Fondation Canadienne d&#039;Orthop\u00e9die","og_description":"La Fondation canadienne d'orthop\u00e9die vient en aide aux patients orthop\u00e9diques, aux professionnels de la sant\u00e9 en orthop\u00e9die, ainsi qu'aux personnes qui se pr\u00e9occupent de leur sant\u00e9 et des questions en mati\u00e8re de sant\u00e9 au sein de la collectivit\u00e9, et ce, \u00e0 l'\u00e9gard de la sant\u00e9 des os et des articulations actuelle et \u00e0 venir.","og_url":"https:\/\/movepainfree.org\/fr\/rapport-annuel\/","og_site_name":"Fondation Canadienne d&#039;Orthop\u00e9die","article_modified_time":"2024-10-21T15:47:17+00:00","twitter_card":"summary_large_image","twitter_misc":{"Dur\u00e9e de lecture estim\u00e9e":"1 minute"},"schema":{"@context":"https:\/\/schema.org","@graph":[{"@type":"WebPage","@id":"https:\/\/movepainfree.org\/fr\/rapport-annuel\/","url":"https:\/\/movepainfree.org\/fr\/rapport-annuel\/","name":"Rapports annuels et d'incidence - Fondation Canadienne d&#039;Orthop\u00e9die","isPartOf":{"@id":"https:\/\/movepainfree.org\/fr\/#website"},"datePublished":"2017-11-09T17:45:47+00:00","dateModified":"2024-10-21T15:47:17+00:00","description":"La Fondation canadienne d'orthop\u00e9die vient en aide aux patients orthop\u00e9diques, aux professionnels de la sant\u00e9 en orthop\u00e9die, ainsi qu'aux personnes qui se pr\u00e9occupent de leur sant\u00e9 et des questions en mati\u00e8re de sant\u00e9 au sein de la collectivit\u00e9, et ce, \u00e0 l'\u00e9gard de la sant\u00e9 des os et des articulations actuelle et \u00e0 venir.","breadcrumb":{"@id":"https:\/\/movepainfree.org\/fr\/rapport-annuel\/#breadcrumb"},"inLanguage":"fr-FR","potentialAction":[{"@type":"ReadAction","target":["https:\/\/movepainfree.org\/fr\/rapport-annuel\/"]}]},{"@type":"BreadcrumbList","@id":"https:\/\/movepainfree.org\/fr\/rapport-annuel\/#breadcrumb","itemListElement":[{"@type":"ListItem","position":1,"name":"Home","item":"https:\/\/movepainfree.org\/fr\/"},{"@type":"ListItem","position":2,"name":"Rapports annuels et d&rsquo;incidence"}]},{"@type":"WebSite","@id":"https:\/\/movepainfree.org\/fr\/#website","url":"https:\/\/movepainfree.org\/fr\/","name":"Fondation Canadienne d&#039;Orthop\u00e9die","description":"Fund-raising Activities Support Research, Education, Community Care","potentialAction":[{"@type":"SearchAction","target":{"@type":"EntryPoint","urlTemplate":"https:\/\/movepainfree.org\/fr\/?s={search_term_string}"},"query-input":{"@type":"PropertyValueSpecification","valueRequired":true,"valueName":"search_term_string"}}],"inLanguage":"fr-FR"}]}},"_links":{"self":[{"href":"https:\/\/movepainfree.org\/fr\/wp-json\/wp\/v2\/pages\/2605","targetHints":{"allow":["GET"]}}],"collection":[{"href":"https:\/\/movepainfree.org\/fr\/wp-json\/wp\/v2\/pages"}],"about":[{"href":"https:\/\/movepainfree.org\/fr\/wp-json\/wp\/v2\/types\/page"}],"author":[{"embeddable":true,"href":"https:\/\/movepainfree.org\/fr\/wp-json\/wp\/v2\/users\/2"}],"replies":[{"embeddable":true,"href":"https:\/\/movepainfree.org\/fr\/wp-json\/wp\/v2\/comments?post=2605"}],"version-history":[{"count":32,"href":"https:\/\/movepainfree.org\/fr\/wp-json\/wp\/v2\/pages\/2605\/revisions"}],"predecessor-version":[{"id":4645,"href":"https:\/\/movepainfree.org\/fr\/wp-json\/wp\/v2\/pages\/2605\/revisions\/4645"}],"wp:attachment":[{"href":"https:\/\/movepainfree.org\/fr\/wp-json\/wp\/v2\/media?parent=2605"}],"curies":[{"name":"wp","href":"https:\/\/api.w.org\/{rel}","templated":true}]}}