{"id":2561,"date":"2017-09-12T19:01:49","date_gmt":"2017-09-12T19:01:49","guid":{"rendered":"https:\/\/movepainfree.org\/fr\/?page_id=2561"},"modified":"2025-02-13T19:34:53","modified_gmt":"2025-02-13T19:34:53","slug":"programme-glad-a-lintention-personnes-atteintes-darthrose","status":"publish","type":"page","link":"https:\/\/movepainfree.org\/fr\/programme-glad-a-lintention-personnes-atteintes-darthrose\/","title":{"rendered":"Le programme GLA:D, \u00e0 l\u2019intention des personnes atteintes d\u2019arthrose"},"content":{"rendered":"<p>Good Life with osteoArthritis in Denmark\u00a0(GLA:D<sup>MD<\/sup>) est un programme de sensibilisation et d\u2019exercices ax\u00e9s sur l\u2019entra\u00eenement \u00e0 l\u2019intention des personnes atteintes d\u2019arthrose aux genoux ou aux hanches.<\/p>\n<p>Les \u00e9tudes men\u00e9es au Danemark dans le cadre de ce programme montrent une r\u00e9duction de la progression des sympt\u00f4mes pouvant atteindre 15-29 %. Parmi les autres r\u00e9sultats constat\u00e9s, mentionnons une r\u00e9duction de l\u2019intensit\u00e9 de la douleur et de la prise d\u2019antidouleurs, de m\u00eame qu\u2019une baisse du nombre de personnes ayant recours aux cong\u00e9s de maladie. Les participants se sont dits tr\u00e8s satisfaits et ont affirm\u00e9 faire davantage d\u2019activit\u00e9 physique douze mois apr\u00e8s avoir commenc\u00e9 le programme.<\/p>\n<p>Il s\u2019agit d\u2019un programme unique, puisque les renseignements et les exercices fournis peuvent s\u2019appliquer aux activit\u00e9s quotidiennes. En renfor\u00e7ant et en corrigeant des mouvements qu\u2019ils font au quotidien, les participants s\u2019entra\u00eenent \u00e0 bouger convenablement, pr\u00e9viennent la progression des sympt\u00f4mes et ressentent moins de douleur.<\/p>\n<p><a href=\"https:\/\/www.uhn.ca\/\" target=\"_blank\" rel=\"noopener\">University Health Network (UHN)<\/a> d\u00e9tient la licence pour la prestation du programme GLA:D<sup>MC<\/sup> Canada (lien en anglais).<em>\u00a0<\/em><\/p>\n<p><a href=\"http:\/\/gladcanada.ca\/index.php\/how-to-participate-in-glad-canada\/\" target=\"_blank\" rel=\"noopener noreferrer\">Cliquez ici<\/a>\u00a0pour savoir comment participer au programme GLA:D Canada (lien en anglais).<br \/>\n<a href=\"https:\/\/www.youtube.com\/watch?v=DnwVPjleNuE\" target=\"_blank\" rel=\"noopener noreferrer\">Cliquez ici<\/a> pour regarder une vid\u00e9o en anglais sur le programme GLA:D.<\/p>\n<p><a href=\"https:\/\/gladcanada.ca\/wp-content\/uploads\/2023\/06\/2021-2022-GLAD-Canada-Annual-Report.pdf\">Cliquez ici<\/a>\u00a0pour lire le rapport annuel de GLA:D Canada (lien en anglais).<\/p>\n<p><img loading=\"lazy\" decoding=\"async\" class=\"wp-image-2565 alignnone\" src=\"https:\/\/movepainfree.org\/fr\/wp-content\/uploads\/sites\/3\/GLAD-CAnada-250x106.jpg\" alt=\"\" width=\"236\" height=\"100\" srcset=\"https:\/\/movepainfree.org\/fr\/wp-content\/uploads\/sites\/3\/GLAD-CAnada-250x106.jpg 250w, https:\/\/movepainfree.org\/fr\/wp-content\/uploads\/sites\/3\/GLAD-CAnada-120x51.jpg 120w, https:\/\/movepainfree.org\/fr\/wp-content\/uploads\/sites\/3\/GLAD-CAnada.jpg 295w\" sizes=\"auto, (max-width: 236px) 100vw, 236px\" \/><\/p>\n","protected":false},"excerpt":{"rendered":"Good Life with osteoArthritis in Denmark\u00a0(GLA:DMD) est un programme de sensibilisation et d\u2019exercices ax\u00e9s sur l\u2019entra\u00eenement \u00e0 l\u2019intention des personnes atteintes d\u2019arthrose aux genoux ou aux hanches. Les \u00e9tudes men\u00e9es&#8230; <a class=\"view-article\" href=\"https:\/\/movepainfree.org\/fr\/programme-glad-a-lintention-personnes-atteintes-darthrose\/\">View Article<\/a>","protected":false},"author":2,"featured_media":0,"parent":0,"menu_order":0,"comment_status":"closed","ping_status":"closed","template":"","meta":{"footnotes":""},"class_list":["post-2561","page","type-page","status-publish","hentry"],"yoast_head":"<!-- This site is optimized with the Yoast SEO plugin v27.0 - https:\/\/yoast.com\/product\/yoast-seo-wordpress\/ -->\n<title>Le programme GLA:D, \u00e0 l\u2019intention des personnes atteintes d\u2019arthrose - Fondation Canadienne d&#039;Orthop\u00e9die<\/title>\n<meta name=\"description\" content=\"La Fondation canadienne d&#039;orthop\u00e9die vient en aide aux patients orthop\u00e9diques, aux professionnels de la sant\u00e9 en orthop\u00e9die, ainsi qu&#039;aux personnes qui se pr\u00e9occupent de leur sant\u00e9 et des questions en mati\u00e8re de sant\u00e9 au sein de la collectivit\u00e9, et ce, \u00e0 l&#039;\u00e9gard de la sant\u00e9 des os et des articulations actuelle et \u00e0 venir.\" \/>\n<meta name=\"robots\" content=\"index, follow, max-snippet:-1, max-image-preview:large, max-video-preview:-1\" \/>\n<link rel=\"canonical\" href=\"https:\/\/movepainfree.org\/fr\/programme-glad-a-lintention-personnes-atteintes-darthrose\/\" \/>\n<meta property=\"og:locale\" content=\"fr_FR\" \/>\n<meta property=\"og:type\" content=\"article\" \/>\n<meta property=\"og:title\" content=\"Le programme GLA:D, \u00e0 l\u2019intention des personnes atteintes d\u2019arthrose - Fondation Canadienne d&#039;Orthop\u00e9die\" \/>\n<meta property=\"og:description\" content=\"La Fondation canadienne d&#039;orthop\u00e9die vient en aide aux patients orthop\u00e9diques, aux professionnels de la sant\u00e9 en orthop\u00e9die, ainsi qu&#039;aux personnes qui se pr\u00e9occupent de leur sant\u00e9 et des questions en mati\u00e8re de sant\u00e9 au sein de la collectivit\u00e9, et ce, \u00e0 l&#039;\u00e9gard de la sant\u00e9 des os et des articulations actuelle et \u00e0 venir.\" \/>\n<meta property=\"og:url\" content=\"https:\/\/movepainfree.org\/fr\/programme-glad-a-lintention-personnes-atteintes-darthrose\/\" \/>\n<meta property=\"og:site_name\" content=\"Fondation Canadienne d&#039;Orthop\u00e9die\" \/>\n<meta property=\"article:modified_time\" content=\"2025-02-13T19:34:53+00:00\" \/>\n<meta property=\"og:image\" content=\"https:\/\/movepainfree.org\/fr\/wp-content\/uploads\/sites\/3\/GLAD-CAnada-250x106.jpg\" \/>\n<meta name=\"twitter:card\" content=\"summary_large_image\" \/>\n<meta name=\"twitter:label1\" content=\"Dur\u00e9e de lecture estim\u00e9e\" \/>\n\t<meta name=\"twitter:data1\" content=\"2 minutes\" \/>\n<script type=\"application\/ld+json\" class=\"yoast-schema-graph\">{\"@context\":\"https:\/\/schema.org\",\"@graph\":[{\"@type\":\"WebPage\",\"@id\":\"https:\/\/movepainfree.org\/fr\/programme-glad-a-lintention-personnes-atteintes-darthrose\/\",\"url\":\"https:\/\/movepainfree.org\/fr\/programme-glad-a-lintention-personnes-atteintes-darthrose\/\",\"name\":\"Le programme GLA:D, \u00e0 l\u2019intention des personnes atteintes d\u2019arthrose - Fondation Canadienne d&#039;Orthop\u00e9die\",\"isPartOf\":{\"@id\":\"https:\/\/movepainfree.org\/fr\/#website\"},\"primaryImageOfPage\":{\"@id\":\"https:\/\/movepainfree.org\/fr\/programme-glad-a-lintention-personnes-atteintes-darthrose\/#primaryimage\"},\"image\":{\"@id\":\"https:\/\/movepainfree.org\/fr\/programme-glad-a-lintention-personnes-atteintes-darthrose\/#primaryimage\"},\"thumbnailUrl\":\"https:\/\/movepainfree.org\/fr\/wp-content\/uploads\/sites\/3\/GLAD-CAnada-250x106.jpg\",\"datePublished\":\"2017-09-12T19:01:49+00:00\",\"dateModified\":\"2025-02-13T19:34:53+00:00\",\"description\":\"La Fondation canadienne d'orthop\u00e9die vient en aide aux patients orthop\u00e9diques, aux professionnels de la sant\u00e9 en orthop\u00e9die, ainsi qu'aux personnes qui se pr\u00e9occupent de leur sant\u00e9 et des questions en mati\u00e8re de sant\u00e9 au sein de la collectivit\u00e9, et ce, \u00e0 l'\u00e9gard de la sant\u00e9 des os et des articulations actuelle et \u00e0 venir.\",\"breadcrumb\":{\"@id\":\"https:\/\/movepainfree.org\/fr\/programme-glad-a-lintention-personnes-atteintes-darthrose\/#breadcrumb\"},\"inLanguage\":\"fr-FR\",\"potentialAction\":[{\"@type\":\"ReadAction\",\"target\":[\"https:\/\/movepainfree.org\/fr\/programme-glad-a-lintention-personnes-atteintes-darthrose\/\"]}]},{\"@type\":\"ImageObject\",\"inLanguage\":\"fr-FR\",\"@id\":\"https:\/\/movepainfree.org\/fr\/programme-glad-a-lintention-personnes-atteintes-darthrose\/#primaryimage\",\"url\":\"https:\/\/movepainfree.org\/fr\/wp-content\/uploads\/sites\/3\/GLAD-CAnada.jpg\",\"contentUrl\":\"https:\/\/movepainfree.org\/fr\/wp-content\/uploads\/sites\/3\/GLAD-CAnada.jpg\",\"width\":295,\"height\":125},{\"@type\":\"BreadcrumbList\",\"@id\":\"https:\/\/movepainfree.org\/fr\/programme-glad-a-lintention-personnes-atteintes-darthrose\/#breadcrumb\",\"itemListElement\":[{\"@type\":\"ListItem\",\"position\":1,\"name\":\"Home\",\"item\":\"https:\/\/movepainfree.org\/fr\/\"},{\"@type\":\"ListItem\",\"position\":2,\"name\":\"Le programme GLA:D, \u00e0 l\u2019intention des personnes atteintes d\u2019arthrose\"}]},{\"@type\":\"WebSite\",\"@id\":\"https:\/\/movepainfree.org\/fr\/#website\",\"url\":\"https:\/\/movepainfree.org\/fr\/\",\"name\":\"Fondation Canadienne d&#039;Orthop\u00e9die\",\"description\":\"Fund-raising Activities Support Research, Education, Community Care\",\"potentialAction\":[{\"@type\":\"SearchAction\",\"target\":{\"@type\":\"EntryPoint\",\"urlTemplate\":\"https:\/\/movepainfree.org\/fr\/?s={search_term_string}\"},\"query-input\":{\"@type\":\"PropertyValueSpecification\",\"valueRequired\":true,\"valueName\":\"search_term_string\"}}],\"inLanguage\":\"fr-FR\"}]}<\/script>\n<!-- \/ Yoast SEO plugin. -->","yoast_head_json":{"title":"Le programme GLA:D, \u00e0 l\u2019intention des personnes atteintes d\u2019arthrose - Fondation Canadienne d&#039;Orthop\u00e9die","description":"La Fondation canadienne d'orthop\u00e9die vient en aide aux patients orthop\u00e9diques, aux professionnels de la sant\u00e9 en orthop\u00e9die, ainsi qu'aux personnes qui se pr\u00e9occupent de leur sant\u00e9 et des questions en mati\u00e8re de sant\u00e9 au sein de la collectivit\u00e9, et ce, \u00e0 l'\u00e9gard de la sant\u00e9 des os et des articulations actuelle et \u00e0 venir.","robots":{"index":"index","follow":"follow","max-snippet":"max-snippet:-1","max-image-preview":"max-image-preview:large","max-video-preview":"max-video-preview:-1"},"canonical":"https:\/\/movepainfree.org\/fr\/programme-glad-a-lintention-personnes-atteintes-darthrose\/","og_locale":"fr_FR","og_type":"article","og_title":"Le programme GLA:D, \u00e0 l\u2019intention des personnes atteintes d\u2019arthrose - Fondation Canadienne d&#039;Orthop\u00e9die","og_description":"La Fondation canadienne d'orthop\u00e9die vient en aide aux patients orthop\u00e9diques, aux professionnels de la sant\u00e9 en orthop\u00e9die, ainsi qu'aux personnes qui se pr\u00e9occupent de leur sant\u00e9 et des questions en mati\u00e8re de sant\u00e9 au sein de la collectivit\u00e9, et ce, \u00e0 l'\u00e9gard de la sant\u00e9 des os et des articulations actuelle et \u00e0 venir.","og_url":"https:\/\/movepainfree.org\/fr\/programme-glad-a-lintention-personnes-atteintes-darthrose\/","og_site_name":"Fondation Canadienne d&#039;Orthop\u00e9die","article_modified_time":"2025-02-13T19:34:53+00:00","og_image":[{"url":"https:\/\/movepainfree.org\/fr\/wp-content\/uploads\/sites\/3\/GLAD-CAnada-250x106.jpg","type":"","width":"","height":""}],"twitter_card":"summary_large_image","twitter_misc":{"Dur\u00e9e de lecture estim\u00e9e":"2 minutes"},"schema":{"@context":"https:\/\/schema.org","@graph":[{"@type":"WebPage","@id":"https:\/\/movepainfree.org\/fr\/programme-glad-a-lintention-personnes-atteintes-darthrose\/","url":"https:\/\/movepainfree.org\/fr\/programme-glad-a-lintention-personnes-atteintes-darthrose\/","name":"Le programme GLA:D, \u00e0 l\u2019intention des personnes atteintes d\u2019arthrose - Fondation Canadienne d&#039;Orthop\u00e9die","isPartOf":{"@id":"https:\/\/movepainfree.org\/fr\/#website"},"primaryImageOfPage":{"@id":"https:\/\/movepainfree.org\/fr\/programme-glad-a-lintention-personnes-atteintes-darthrose\/#primaryimage"},"image":{"@id":"https:\/\/movepainfree.org\/fr\/programme-glad-a-lintention-personnes-atteintes-darthrose\/#primaryimage"},"thumbnailUrl":"https:\/\/movepainfree.org\/fr\/wp-content\/uploads\/sites\/3\/GLAD-CAnada-250x106.jpg","datePublished":"2017-09-12T19:01:49+00:00","dateModified":"2025-02-13T19:34:53+00:00","description":"La Fondation canadienne d'orthop\u00e9die vient en aide aux patients orthop\u00e9diques, aux professionnels de la sant\u00e9 en orthop\u00e9die, ainsi qu'aux personnes qui se pr\u00e9occupent de leur sant\u00e9 et des questions en mati\u00e8re de sant\u00e9 au sein de la collectivit\u00e9, et ce, \u00e0 l'\u00e9gard de la sant\u00e9 des os et des articulations actuelle et \u00e0 venir.","breadcrumb":{"@id":"https:\/\/movepainfree.org\/fr\/programme-glad-a-lintention-personnes-atteintes-darthrose\/#breadcrumb"},"inLanguage":"fr-FR","potentialAction":[{"@type":"ReadAction","target":["https:\/\/movepainfree.org\/fr\/programme-glad-a-lintention-personnes-atteintes-darthrose\/"]}]},{"@type":"ImageObject","inLanguage":"fr-FR","@id":"https:\/\/movepainfree.org\/fr\/programme-glad-a-lintention-personnes-atteintes-darthrose\/#primaryimage","url":"https:\/\/movepainfree.org\/fr\/wp-content\/uploads\/sites\/3\/GLAD-CAnada.jpg","contentUrl":"https:\/\/movepainfree.org\/fr\/wp-content\/uploads\/sites\/3\/GLAD-CAnada.jpg","width":295,"height":125},{"@type":"BreadcrumbList","@id":"https:\/\/movepainfree.org\/fr\/programme-glad-a-lintention-personnes-atteintes-darthrose\/#breadcrumb","itemListElement":[{"@type":"ListItem","position":1,"name":"Home","item":"https:\/\/movepainfree.org\/fr\/"},{"@type":"ListItem","position":2,"name":"Le programme GLA:D, \u00e0 l\u2019intention des personnes atteintes d\u2019arthrose"}]},{"@type":"WebSite","@id":"https:\/\/movepainfree.org\/fr\/#website","url":"https:\/\/movepainfree.org\/fr\/","name":"Fondation Canadienne d&#039;Orthop\u00e9die","description":"Fund-raising Activities Support Research, Education, Community Care","potentialAction":[{"@type":"SearchAction","target":{"@type":"EntryPoint","urlTemplate":"https:\/\/movepainfree.org\/fr\/?s={search_term_string}"},"query-input":{"@type":"PropertyValueSpecification","valueRequired":true,"valueName":"search_term_string"}}],"inLanguage":"fr-FR"}]}},"_links":{"self":[{"href":"https:\/\/movepainfree.org\/fr\/wp-json\/wp\/v2\/pages\/2561","targetHints":{"allow":["GET"]}}],"collection":[{"href":"https:\/\/movepainfree.org\/fr\/wp-json\/wp\/v2\/pages"}],"about":[{"href":"https:\/\/movepainfree.org\/fr\/wp-json\/wp\/v2\/types\/page"}],"author":[{"embeddable":true,"href":"https:\/\/movepainfree.org\/fr\/wp-json\/wp\/v2\/users\/2"}],"replies":[{"embeddable":true,"href":"https:\/\/movepainfree.org\/fr\/wp-json\/wp\/v2\/comments?post=2561"}],"version-history":[{"count":10,"href":"https:\/\/movepainfree.org\/fr\/wp-json\/wp\/v2\/pages\/2561\/revisions"}],"predecessor-version":[{"id":4703,"href":"https:\/\/movepainfree.org\/fr\/wp-json\/wp\/v2\/pages\/2561\/revisions\/4703"}],"wp:attachment":[{"href":"https:\/\/movepainfree.org\/fr\/wp-json\/wp\/v2\/media?parent=2561"}],"curies":[{"name":"wp","href":"https:\/\/api.w.org\/{rel}","templated":true}]}}