{"id":2335,"date":"2016-11-11T17:08:59","date_gmt":"2016-11-11T17:08:59","guid":{"rendered":"https:\/\/movepainfree.org\/fr\/?page_id=2335"},"modified":"2024-10-04T20:19:23","modified_gmt":"2024-10-04T20:19:23","slug":"nos-genereux-donateurs","status":"publish","type":"page","link":"https:\/\/movepainfree.org\/fr\/nos-genereux-donateurs\/","title":{"rendered":"Nos g\u00e9n\u00e9reux donateurs"},"content":{"rendered":"<p>Le succ\u00e8s de la Fondation Canadienne d\u2019Orthop\u00e9die en tant qu\u2019organisme de bienfaisance repose sur la g\u00e9n\u00e9rosit\u00e9 de ses donateurs. Merci!<\/p>\n<p>Pour savoir comment faire partie des groupes ci-dessous, communiquez avec Todd Charlebois, \u00e0 <a href=\"mailto:executive@canorth.org\">executive@canorth.org<\/a> ou au 343-575-2142. Cliquez sur le lien qui suit pour \u00ab <a href=\"https:\/\/interland3.donorperfect.net\/weblink\/weblink.aspx?name=E353001QE&amp;id=4\" target=\"_blank\" rel=\"noopener noreferrer\">Donner\u00a0maintenant<\/a>\u00a0\u00bb.<\/p>\n<h2><strong>Les b\u00e2tisseurs de la fondation<\/strong><\/h2>\n<p>De nombreuses personnes donnent r\u00e9guli\u00e8rement pendant des ann\u00e9es, et leur g\u00e9n\u00e9rosit\u00e9 contribue \u00e0 b\u00e2tir la Fondation.<\/p>\n<p>Les b\u00e2tisseurs de la Fondation sont les donateurs dont la contribution totalise au moins 10 000 $.<br \/>\n<a href=\"https:\/\/movepainfree.org\/fr\/batisseurs-de-fondation\/\" target=\"_blank\" rel=\"noopener noreferrer\">Cliquez ici pour conna\u00eetre les b\u00e2tisseurs de la Fondation<\/a>.<\/p>\n<h2><strong>Les partenaires de la campagne <em>Misons sur une vie sans douleur<\/em><\/strong><\/h2>\n<p>En 2016, la Fondation a lanc\u00e9 une campagne de financement majeure afin de permettre \u00e0 ses alli\u00e9s de faire des dons consid\u00e9rables pour la soutenir et jeter de bonnes bases pour ses programmes de recherche, de sensibilisation et de soins en orthop\u00e9die.<\/p>\n<p>Nous soulignons d\u2019ailleurs la contribution des entreprises et particuliers qui prennent part \u00e0 la campagne en donnant au moins 5\u00a0000\u00a0$.<br \/>\n<a href=\"https:\/\/movepainfree.org\/fr\/partenaires-de-campagne-misons-vie-sans-douleur\/\" target=\"_blank\" rel=\"noopener noreferrer\">Cliquez ici pour conna\u00eetre les partenaires de la campagne <em>Misons\u00a0sur une vie sans\u00a0douleur<\/em><\/a>.<\/p>\n<h2><strong>Les moteurs de la Fondation<\/strong><\/h2>\n<p>Les moteurs de la Fondation sont des donateurs mensuels\u00a0: des orthop\u00e9distes, patients et amis g\u00e9n\u00e9reux dont l\u2019engagement est durable et r\u00e9gulier.<\/p>\n<p>Le D<sup>r<\/sup> Geoffrey Johnston, <span style=\"font-size: inherit;\">pr\u00e9sident sortant\u00a0<\/span>de la Fondation, a invit\u00e9 les orthop\u00e9distes \u00e0 faire comme lui en s\u2019engageant \u00e0 verser l\u2019\u00e9quivalent d\u2019une consultation par mois, soit 89\u00a0$ en g\u00e9n\u00e9ral. Consultez la liste des personnes qui ont accept\u00e9 de prendre cet engagement et de verser l\u2019\u00e9quivalent d\u2019une consultation ou un autre montant tous les\u00a0mois.<\/p>\n<p>Les patients en orthop\u00e9die, leur famille et leurs amis qui s\u2019engagent \u00e0 donner mensuellement sont aussi des moteurs de la Fondation. Nous tenons \u00e0 souligner leur contribution.<br \/>\n<a href=\"https:\/\/movepainfree.org\/fr\/moteurs-de-fondation\/\" target=\"_blank\" rel=\"noopener noreferrer\">Cliquez ici pour conna\u00eetre les moteurs de la Fondation<\/a>.<\/p>\n<h2><strong>Les instigateurs d&rsquo;un legs durable<\/strong><\/h2>\n<p>D\u00e9signer la Fondation Canadienne d\u2019Orthop\u00e9die dans son testament constitue un legs durable au profit de la sant\u00e9 des os et des articulations au Canada. Nous pouvons vous fournir une formulation type \u00e0 int\u00e9grer dans votre testament afin de continuer \u00e0 soutenir la recherche et les soins en orthop\u00e9die bien apr\u00e8s votre d\u00e9part.<\/p>\n<p>La Fondation remercie les g\u00e9n\u00e9reux donateurs qui cr\u00e9ent un tel legs.<br \/>\n<a href=\"https:\/\/movepainfree.org\/fr\/instigateurs-dun-legs-durable\/\" target=\"_blank\" rel=\"noopener noreferrer\">Cliquez ici pour conna\u00eetre les instigateurs d\u2019un legs durable<\/a>.<\/p>\n<h2><strong>Les orthop\u00e9distes donateurs cette ann\u00e9e<\/strong><\/h2>\n<p>La Fondation Canadienne d\u2019Orthop\u00e9die est l\u2019\u0153uvre de bienfaisance de l\u2019Association Canadienne d\u2019Orthop\u00e9die\u00a0(ACO). Cr\u00e9\u00e9e par l\u2019ACO, la Fondation \u0153uvre sans rel\u00e2che \u00e0 l\u2019avancement de la recherche, de la sensibilisation et des soins en orthop\u00e9die afin de soutenir le travail des orthop\u00e9distes canadiens.<\/p>\n<p>Chaque ann\u00e9e, \u00e0 la R\u00e9union annuelle de l\u2019ACO, la Fondation souligne la contribution des orthop\u00e9distes qui ont fait un don.<br \/>\n<a href=\"https:\/\/movepainfree.org\/wp-content\/uploads\/2024-COF-Surgeon-Donor-Poster-for-MPF-site-REV.pdf\" target=\"_blank\" rel=\"noopener\">Cliquez ici pour conna\u00eetre les orthop\u00e9distes donateurs cette ann\u00e9e<\/a>.<\/p>\n<h2><strong>Les membres du Club 206<br \/>\n<\/strong><\/h2>\n<p>Sans nos 206 os et leurs articulations, il n\u2019y a pas de mobilit\u00e9. Pourtant, nous les tenons trop souvent pour acquis. Les membres du Club206 ont donn\u00e9 au moins 206 $ en l\u2019honneur de la mobilit\u00e9 sans douleur et de chacun de leurs 206 os. <a href=\"https:\/\/movepainfree.org\/wp-content\/uploads\/FY24-Club206-Thank-You-Poster.pdf\" target=\"_blank\" rel=\"noopener noreferrer\">Cliquez ici pour conna\u00eetre les membres du Club206<\/a>.<\/p>\n<h2><strong>Commanditaires de l&rsquo;activit\u00e9<\/strong><\/h2>\n<p>Les participants \u00e0 notre classique annuelle de golf de bienfaisance <em>Bad\u00a0to the\u00a0Bone<\/em> aident des milliers de Canadiens \u00e0 g\u00e9rer leur cheminement orthop\u00e9dique et \u00e0 se r\u00e9tablir, et ce, afin d\u2019am\u00e9liorer leur qualit\u00e9 de vie en cessant d\u2019avoir mal et en retrouvant leur mobilit\u00e9 et leur autonomie. <a href=\"https:\/\/movepainfree.org\/wp-content\/uploads\/All-Event-Sponsors-2024.pdf\" target=\"_blank\" rel=\"noopener\"><u>Voici les commanditaires de l\u2019activit\u00e9<\/u>.<\/a><\/p>\n","protected":false},"excerpt":{"rendered":"Le succ\u00e8s de la Fondation Canadienne d\u2019Orthop\u00e9die en tant qu\u2019organisme de bienfaisance repose sur la g\u00e9n\u00e9rosit\u00e9 de ses donateurs. Merci! Pour savoir comment faire partie des groupes ci-dessous, communiquez avec&#8230; <a class=\"view-article\" href=\"https:\/\/movepainfree.org\/fr\/nos-genereux-donateurs\/\">View Article<\/a>","protected":false},"author":2,"featured_media":0,"parent":0,"menu_order":0,"comment_status":"closed","ping_status":"closed","template":"","meta":{"footnotes":""},"class_list":["post-2335","page","type-page","status-publish","hentry"],"yoast_head":"<!-- This site is optimized with the Yoast SEO plugin v27.0 - https:\/\/yoast.com\/product\/yoast-seo-wordpress\/ -->\n<title>Nos g\u00e9n\u00e9reux donateurs - Fondation Canadienne d&#039;Orthop\u00e9die<\/title>\n<meta name=\"description\" content=\"La Fondation canadienne d&#039;orthop\u00e9die vient en aide aux patients orthop\u00e9diques, aux professionnels de la sant\u00e9 en orthop\u00e9die, ainsi qu&#039;aux personnes qui se pr\u00e9occupent de leur sant\u00e9 et des questions en mati\u00e8re de sant\u00e9 au sein de la collectivit\u00e9, et ce, \u00e0 l&#039;\u00e9gard de la sant\u00e9 des os et des articulations actuelle et \u00e0 venir.\" \/>\n<meta name=\"robots\" content=\"index, follow, max-snippet:-1, max-image-preview:large, max-video-preview:-1\" \/>\n<link rel=\"canonical\" href=\"https:\/\/movepainfree.org\/fr\/nos-genereux-donateurs\/\" \/>\n<meta property=\"og:locale\" content=\"fr_FR\" \/>\n<meta property=\"og:type\" content=\"article\" \/>\n<meta property=\"og:title\" content=\"Nos g\u00e9n\u00e9reux donateurs - Fondation Canadienne d&#039;Orthop\u00e9die\" \/>\n<meta property=\"og:description\" content=\"La Fondation canadienne d&#039;orthop\u00e9die vient en aide aux patients orthop\u00e9diques, aux professionnels de la sant\u00e9 en orthop\u00e9die, ainsi qu&#039;aux personnes qui se pr\u00e9occupent de leur sant\u00e9 et des questions en mati\u00e8re de sant\u00e9 au sein de la collectivit\u00e9, et ce, \u00e0 l&#039;\u00e9gard de la sant\u00e9 des os et des articulations actuelle et \u00e0 venir.\" \/>\n<meta property=\"og:url\" content=\"https:\/\/movepainfree.org\/fr\/nos-genereux-donateurs\/\" \/>\n<meta property=\"og:site_name\" content=\"Fondation Canadienne d&#039;Orthop\u00e9die\" \/>\n<meta property=\"article:modified_time\" content=\"2024-10-04T20:19:23+00:00\" \/>\n<meta name=\"twitter:card\" content=\"summary_large_image\" \/>\n<meta name=\"twitter:label1\" content=\"Dur\u00e9e de lecture estim\u00e9e\" \/>\n\t<meta name=\"twitter:data1\" content=\"3 minutes\" \/>\n<script type=\"application\/ld+json\" class=\"yoast-schema-graph\">{\"@context\":\"https:\/\/schema.org\",\"@graph\":[{\"@type\":\"WebPage\",\"@id\":\"https:\/\/movepainfree.org\/fr\/nos-genereux-donateurs\/\",\"url\":\"https:\/\/movepainfree.org\/fr\/nos-genereux-donateurs\/\",\"name\":\"Nos g\u00e9n\u00e9reux donateurs - Fondation Canadienne d&#039;Orthop\u00e9die\",\"isPartOf\":{\"@id\":\"https:\/\/movepainfree.org\/fr\/#website\"},\"datePublished\":\"2016-11-11T17:08:59+00:00\",\"dateModified\":\"2024-10-04T20:19:23+00:00\",\"description\":\"La Fondation canadienne d'orthop\u00e9die vient en aide aux patients orthop\u00e9diques, aux professionnels de la sant\u00e9 en orthop\u00e9die, ainsi qu'aux personnes qui se pr\u00e9occupent de leur sant\u00e9 et des questions en mati\u00e8re de sant\u00e9 au sein de la collectivit\u00e9, et ce, \u00e0 l'\u00e9gard de la sant\u00e9 des os et des articulations actuelle et \u00e0 venir.\",\"breadcrumb\":{\"@id\":\"https:\/\/movepainfree.org\/fr\/nos-genereux-donateurs\/#breadcrumb\"},\"inLanguage\":\"fr-FR\",\"potentialAction\":[{\"@type\":\"ReadAction\",\"target\":[\"https:\/\/movepainfree.org\/fr\/nos-genereux-donateurs\/\"]}]},{\"@type\":\"BreadcrumbList\",\"@id\":\"https:\/\/movepainfree.org\/fr\/nos-genereux-donateurs\/#breadcrumb\",\"itemListElement\":[{\"@type\":\"ListItem\",\"position\":1,\"name\":\"Home\",\"item\":\"https:\/\/movepainfree.org\/fr\/\"},{\"@type\":\"ListItem\",\"position\":2,\"name\":\"Nos g\u00e9n\u00e9reux donateurs\"}]},{\"@type\":\"WebSite\",\"@id\":\"https:\/\/movepainfree.org\/fr\/#website\",\"url\":\"https:\/\/movepainfree.org\/fr\/\",\"name\":\"Fondation Canadienne d&#039;Orthop\u00e9die\",\"description\":\"Fund-raising Activities Support Research, Education, Community Care\",\"potentialAction\":[{\"@type\":\"SearchAction\",\"target\":{\"@type\":\"EntryPoint\",\"urlTemplate\":\"https:\/\/movepainfree.org\/fr\/?s={search_term_string}\"},\"query-input\":{\"@type\":\"PropertyValueSpecification\",\"valueRequired\":true,\"valueName\":\"search_term_string\"}}],\"inLanguage\":\"fr-FR\"}]}<\/script>\n<!-- \/ Yoast SEO plugin. -->","yoast_head_json":{"title":"Nos g\u00e9n\u00e9reux donateurs - Fondation Canadienne d&#039;Orthop\u00e9die","description":"La Fondation canadienne d'orthop\u00e9die vient en aide aux patients orthop\u00e9diques, aux professionnels de la sant\u00e9 en orthop\u00e9die, ainsi qu'aux personnes qui se pr\u00e9occupent de leur sant\u00e9 et des questions en mati\u00e8re de sant\u00e9 au sein de la collectivit\u00e9, et ce, \u00e0 l'\u00e9gard de la sant\u00e9 des os et des articulations actuelle et \u00e0 venir.","robots":{"index":"index","follow":"follow","max-snippet":"max-snippet:-1","max-image-preview":"max-image-preview:large","max-video-preview":"max-video-preview:-1"},"canonical":"https:\/\/movepainfree.org\/fr\/nos-genereux-donateurs\/","og_locale":"fr_FR","og_type":"article","og_title":"Nos g\u00e9n\u00e9reux donateurs - Fondation Canadienne d&#039;Orthop\u00e9die","og_description":"La Fondation canadienne d'orthop\u00e9die vient en aide aux patients orthop\u00e9diques, aux professionnels de la sant\u00e9 en orthop\u00e9die, ainsi qu'aux personnes qui se pr\u00e9occupent de leur sant\u00e9 et des questions en mati\u00e8re de sant\u00e9 au sein de la collectivit\u00e9, et ce, \u00e0 l'\u00e9gard de la sant\u00e9 des os et des articulations actuelle et \u00e0 venir.","og_url":"https:\/\/movepainfree.org\/fr\/nos-genereux-donateurs\/","og_site_name":"Fondation Canadienne d&#039;Orthop\u00e9die","article_modified_time":"2024-10-04T20:19:23+00:00","twitter_card":"summary_large_image","twitter_misc":{"Dur\u00e9e de lecture estim\u00e9e":"3 minutes"},"schema":{"@context":"https:\/\/schema.org","@graph":[{"@type":"WebPage","@id":"https:\/\/movepainfree.org\/fr\/nos-genereux-donateurs\/","url":"https:\/\/movepainfree.org\/fr\/nos-genereux-donateurs\/","name":"Nos g\u00e9n\u00e9reux donateurs - Fondation Canadienne d&#039;Orthop\u00e9die","isPartOf":{"@id":"https:\/\/movepainfree.org\/fr\/#website"},"datePublished":"2016-11-11T17:08:59+00:00","dateModified":"2024-10-04T20:19:23+00:00","description":"La Fondation canadienne d'orthop\u00e9die vient en aide aux patients orthop\u00e9diques, aux professionnels de la sant\u00e9 en orthop\u00e9die, ainsi qu'aux personnes qui se pr\u00e9occupent de leur sant\u00e9 et des questions en mati\u00e8re de sant\u00e9 au sein de la collectivit\u00e9, et ce, \u00e0 l'\u00e9gard de la sant\u00e9 des os et des articulations actuelle et \u00e0 venir.","breadcrumb":{"@id":"https:\/\/movepainfree.org\/fr\/nos-genereux-donateurs\/#breadcrumb"},"inLanguage":"fr-FR","potentialAction":[{"@type":"ReadAction","target":["https:\/\/movepainfree.org\/fr\/nos-genereux-donateurs\/"]}]},{"@type":"BreadcrumbList","@id":"https:\/\/movepainfree.org\/fr\/nos-genereux-donateurs\/#breadcrumb","itemListElement":[{"@type":"ListItem","position":1,"name":"Home","item":"https:\/\/movepainfree.org\/fr\/"},{"@type":"ListItem","position":2,"name":"Nos g\u00e9n\u00e9reux donateurs"}]},{"@type":"WebSite","@id":"https:\/\/movepainfree.org\/fr\/#website","url":"https:\/\/movepainfree.org\/fr\/","name":"Fondation Canadienne d&#039;Orthop\u00e9die","description":"Fund-raising Activities Support Research, Education, Community Care","potentialAction":[{"@type":"SearchAction","target":{"@type":"EntryPoint","urlTemplate":"https:\/\/movepainfree.org\/fr\/?s={search_term_string}"},"query-input":{"@type":"PropertyValueSpecification","valueRequired":true,"valueName":"search_term_string"}}],"inLanguage":"fr-FR"}]}},"_links":{"self":[{"href":"https:\/\/movepainfree.org\/fr\/wp-json\/wp\/v2\/pages\/2335","targetHints":{"allow":["GET"]}}],"collection":[{"href":"https:\/\/movepainfree.org\/fr\/wp-json\/wp\/v2\/pages"}],"about":[{"href":"https:\/\/movepainfree.org\/fr\/wp-json\/wp\/v2\/types\/page"}],"author":[{"embeddable":true,"href":"https:\/\/movepainfree.org\/fr\/wp-json\/wp\/v2\/users\/2"}],"replies":[{"embeddable":true,"href":"https:\/\/movepainfree.org\/fr\/wp-json\/wp\/v2\/comments?post=2335"}],"version-history":[{"count":41,"href":"https:\/\/movepainfree.org\/fr\/wp-json\/wp\/v2\/pages\/2335\/revisions"}],"predecessor-version":[{"id":4640,"href":"https:\/\/movepainfree.org\/fr\/wp-json\/wp\/v2\/pages\/2335\/revisions\/4640"}],"wp:attachment":[{"href":"https:\/\/movepainfree.org\/fr\/wp-json\/wp\/v2\/media?parent=2335"}],"curies":[{"name":"wp","href":"https:\/\/api.w.org\/{rel}","templated":true}]}}