{"id":2333,"date":"2016-11-11T16:39:11","date_gmt":"2016-11-11T16:39:11","guid":{"rendered":"https:\/\/movepainfree.org\/fr\/?page_id=2333"},"modified":"2023-10-13T15:44:16","modified_gmt":"2023-10-13T15:44:16","slug":"instigateurs-dun-legs-durable","status":"publish","type":"page","link":"https:\/\/movepainfree.org\/fr\/instigateurs-dun-legs-durable\/","title":{"rendered":"Les instigateurs d\u2019un legs durable"},"content":{"rendered":"<p>La Fondation Canadienne d\u2019Orthop\u00e9die est reconnaissante envers les personnes que la pr\u00e9venance a amen\u00e9es \u00e0 inclure la Fondation dans leur testament et, ainsi, \u00e0 faire une contribution majeure se prolongeant bien apr\u00e8s leur d\u00e9part.<\/p>\n<p>Agnes P.H. Anderson<br \/>\nD<sup>r\u00a0<\/sup>Igor J. Bitenc<br \/>\nJacqueline B. Brugger<br \/>\nAngela Mary Doyle<br \/>\nLizzie B. Fulton<br \/>\nLarry H. Hansen<br \/>\nDoris W. Hilton<br \/>\nBetty J. Joudrey<br \/>\nJoan M. Kennedy<br \/>\nEvelyn Lettice<br \/>\nMargaret Anne Lloyd<br \/>\nElaine Lynch<br \/>\nHugh Cameron MacNiel<br \/>\nAudrey McClenaghan<br \/>\nNorman Arnold Mitchell<br \/>\nF. Leota Moore<br \/>\nMyrtle M. Nefsky<br \/>\nElizabeth W. Newing<br \/>\nLouise Remmel<br \/>\nHelen Stadelbauer<br \/>\nGeorge Thomas<\/p>\n<p lang=\"fr-CA\" style=\"font-family: Calibri; font-size: 10.0pt; margin: 0pt 0pt 10pt 0pt;\"><span style=\"font-style: italic;\">La Fondation Canadienne d\u2019Orthop\u00e9die est reconnaissante envers tous ses g\u00e9n\u00e9reux donateurs et toujours heureuse d\u2019en souligner publiquement la contribution. Tout donateur qui pr\u00e9f\u00e8re que son nom ne soit pas publi\u00e9 sur le site de la Fondation peut \u00e9crire \u00e0 <a href=\"mailto:mailbox@canorth.org\" target=\"_blank\" rel=\"noopener noreferrer\">mailbox@canorth.org<\/a>. La Fondation s\u2019engage \u00e0 respecter les pr\u00e9f\u00e9rences de ses donateurs.<\/span><\/p>\n","protected":false},"excerpt":{"rendered":"La Fondation Canadienne d\u2019Orthop\u00e9die est reconnaissante envers les personnes que la pr\u00e9venance a amen\u00e9es \u00e0 inclure la Fondation dans leur testament et, ainsi, \u00e0 faire une contribution majeure se prolongeant&#8230; <a class=\"view-article\" href=\"https:\/\/movepainfree.org\/fr\/instigateurs-dun-legs-durable\/\">View Article<\/a>","protected":false},"author":2,"featured_media":0,"parent":0,"menu_order":0,"comment_status":"closed","ping_status":"closed","template":"","meta":{"footnotes":""},"class_list":["post-2333","page","type-page","status-publish","hentry"],"yoast_head":"<!-- This site is optimized with the Yoast SEO plugin v27.0 - https:\/\/yoast.com\/product\/yoast-seo-wordpress\/ -->\n<title>Les instigateurs d\u2019un legs durable - Fondation Canadienne d&#039;Orthop\u00e9die<\/title>\n<meta name=\"description\" content=\"La Fondation canadienne d&#039;orthop\u00e9die vient en aide aux patients orthop\u00e9diques, aux professionnels de la sant\u00e9 en orthop\u00e9die, ainsi qu&#039;aux personnes qui se pr\u00e9occupent de leur sant\u00e9 et des questions en mati\u00e8re de sant\u00e9 au sein de la collectivit\u00e9, et ce, \u00e0 l&#039;\u00e9gard de la sant\u00e9 des os et des articulations actuelle et \u00e0 venir.\" \/>\n<meta name=\"robots\" content=\"index, follow, max-snippet:-1, max-image-preview:large, max-video-preview:-1\" \/>\n<link rel=\"canonical\" href=\"https:\/\/movepainfree.org\/fr\/instigateurs-dun-legs-durable\/\" \/>\n<meta property=\"og:locale\" content=\"fr_FR\" \/>\n<meta property=\"og:type\" content=\"article\" \/>\n<meta property=\"og:title\" content=\"Les instigateurs d\u2019un legs durable - Fondation Canadienne d&#039;Orthop\u00e9die\" \/>\n<meta property=\"og:description\" content=\"La Fondation canadienne d&#039;orthop\u00e9die vient en aide aux patients orthop\u00e9diques, aux professionnels de la sant\u00e9 en orthop\u00e9die, ainsi qu&#039;aux personnes qui se pr\u00e9occupent de leur sant\u00e9 et des questions en mati\u00e8re de sant\u00e9 au sein de la collectivit\u00e9, et ce, \u00e0 l&#039;\u00e9gard de la sant\u00e9 des os et des articulations actuelle et \u00e0 venir.\" \/>\n<meta property=\"og:url\" content=\"https:\/\/movepainfree.org\/fr\/instigateurs-dun-legs-durable\/\" \/>\n<meta property=\"og:site_name\" content=\"Fondation Canadienne d&#039;Orthop\u00e9die\" \/>\n<meta property=\"article:modified_time\" content=\"2023-10-13T15:44:16+00:00\" \/>\n<meta name=\"twitter:card\" content=\"summary_large_image\" \/>\n<meta name=\"twitter:label1\" content=\"Dur\u00e9e de lecture estim\u00e9e\" \/>\n\t<meta name=\"twitter:data1\" content=\"1 minute\" \/>\n<script type=\"application\/ld+json\" class=\"yoast-schema-graph\">{\"@context\":\"https:\/\/schema.org\",\"@graph\":[{\"@type\":\"WebPage\",\"@id\":\"https:\/\/movepainfree.org\/fr\/instigateurs-dun-legs-durable\/\",\"url\":\"https:\/\/movepainfree.org\/fr\/instigateurs-dun-legs-durable\/\",\"name\":\"Les instigateurs d\u2019un legs durable - Fondation Canadienne d&#039;Orthop\u00e9die\",\"isPartOf\":{\"@id\":\"https:\/\/movepainfree.org\/fr\/#website\"},\"datePublished\":\"2016-11-11T16:39:11+00:00\",\"dateModified\":\"2023-10-13T15:44:16+00:00\",\"description\":\"La Fondation canadienne d'orthop\u00e9die vient en aide aux patients orthop\u00e9diques, aux professionnels de la sant\u00e9 en orthop\u00e9die, ainsi qu'aux personnes qui se pr\u00e9occupent de leur sant\u00e9 et des questions en mati\u00e8re de sant\u00e9 au sein de la collectivit\u00e9, et ce, \u00e0 l'\u00e9gard de la sant\u00e9 des os et des articulations actuelle et \u00e0 venir.\",\"breadcrumb\":{\"@id\":\"https:\/\/movepainfree.org\/fr\/instigateurs-dun-legs-durable\/#breadcrumb\"},\"inLanguage\":\"fr-FR\",\"potentialAction\":[{\"@type\":\"ReadAction\",\"target\":[\"https:\/\/movepainfree.org\/fr\/instigateurs-dun-legs-durable\/\"]}]},{\"@type\":\"BreadcrumbList\",\"@id\":\"https:\/\/movepainfree.org\/fr\/instigateurs-dun-legs-durable\/#breadcrumb\",\"itemListElement\":[{\"@type\":\"ListItem\",\"position\":1,\"name\":\"Home\",\"item\":\"https:\/\/movepainfree.org\/fr\/\"},{\"@type\":\"ListItem\",\"position\":2,\"name\":\"Les instigateurs d\u2019un legs durable\"}]},{\"@type\":\"WebSite\",\"@id\":\"https:\/\/movepainfree.org\/fr\/#website\",\"url\":\"https:\/\/movepainfree.org\/fr\/\",\"name\":\"Fondation Canadienne d&#039;Orthop\u00e9die\",\"description\":\"Fund-raising Activities Support Research, Education, Community Care\",\"potentialAction\":[{\"@type\":\"SearchAction\",\"target\":{\"@type\":\"EntryPoint\",\"urlTemplate\":\"https:\/\/movepainfree.org\/fr\/?s={search_term_string}\"},\"query-input\":{\"@type\":\"PropertyValueSpecification\",\"valueRequired\":true,\"valueName\":\"search_term_string\"}}],\"inLanguage\":\"fr-FR\"}]}<\/script>\n<!-- \/ Yoast SEO plugin. -->","yoast_head_json":{"title":"Les instigateurs d\u2019un legs durable - Fondation Canadienne d&#039;Orthop\u00e9die","description":"La Fondation canadienne d'orthop\u00e9die vient en aide aux patients orthop\u00e9diques, aux professionnels de la sant\u00e9 en orthop\u00e9die, ainsi qu'aux personnes qui se pr\u00e9occupent de leur sant\u00e9 et des questions en mati\u00e8re de sant\u00e9 au sein de la collectivit\u00e9, et ce, \u00e0 l'\u00e9gard de la sant\u00e9 des os et des articulations actuelle et \u00e0 venir.","robots":{"index":"index","follow":"follow","max-snippet":"max-snippet:-1","max-image-preview":"max-image-preview:large","max-video-preview":"max-video-preview:-1"},"canonical":"https:\/\/movepainfree.org\/fr\/instigateurs-dun-legs-durable\/","og_locale":"fr_FR","og_type":"article","og_title":"Les instigateurs d\u2019un legs durable - Fondation Canadienne d&#039;Orthop\u00e9die","og_description":"La Fondation canadienne d'orthop\u00e9die vient en aide aux patients orthop\u00e9diques, aux professionnels de la sant\u00e9 en orthop\u00e9die, ainsi qu'aux personnes qui se pr\u00e9occupent de leur sant\u00e9 et des questions en mati\u00e8re de sant\u00e9 au sein de la collectivit\u00e9, et ce, \u00e0 l'\u00e9gard de la sant\u00e9 des os et des articulations actuelle et \u00e0 venir.","og_url":"https:\/\/movepainfree.org\/fr\/instigateurs-dun-legs-durable\/","og_site_name":"Fondation Canadienne d&#039;Orthop\u00e9die","article_modified_time":"2023-10-13T15:44:16+00:00","twitter_card":"summary_large_image","twitter_misc":{"Dur\u00e9e de lecture estim\u00e9e":"1 minute"},"schema":{"@context":"https:\/\/schema.org","@graph":[{"@type":"WebPage","@id":"https:\/\/movepainfree.org\/fr\/instigateurs-dun-legs-durable\/","url":"https:\/\/movepainfree.org\/fr\/instigateurs-dun-legs-durable\/","name":"Les instigateurs d\u2019un legs durable - Fondation Canadienne d&#039;Orthop\u00e9die","isPartOf":{"@id":"https:\/\/movepainfree.org\/fr\/#website"},"datePublished":"2016-11-11T16:39:11+00:00","dateModified":"2023-10-13T15:44:16+00:00","description":"La Fondation canadienne d'orthop\u00e9die vient en aide aux patients orthop\u00e9diques, aux professionnels de la sant\u00e9 en orthop\u00e9die, ainsi qu'aux personnes qui se pr\u00e9occupent de leur sant\u00e9 et des questions en mati\u00e8re de sant\u00e9 au sein de la collectivit\u00e9, et ce, \u00e0 l'\u00e9gard de la sant\u00e9 des os et des articulations actuelle et \u00e0 venir.","breadcrumb":{"@id":"https:\/\/movepainfree.org\/fr\/instigateurs-dun-legs-durable\/#breadcrumb"},"inLanguage":"fr-FR","potentialAction":[{"@type":"ReadAction","target":["https:\/\/movepainfree.org\/fr\/instigateurs-dun-legs-durable\/"]}]},{"@type":"BreadcrumbList","@id":"https:\/\/movepainfree.org\/fr\/instigateurs-dun-legs-durable\/#breadcrumb","itemListElement":[{"@type":"ListItem","position":1,"name":"Home","item":"https:\/\/movepainfree.org\/fr\/"},{"@type":"ListItem","position":2,"name":"Les instigateurs d\u2019un legs durable"}]},{"@type":"WebSite","@id":"https:\/\/movepainfree.org\/fr\/#website","url":"https:\/\/movepainfree.org\/fr\/","name":"Fondation Canadienne d&#039;Orthop\u00e9die","description":"Fund-raising Activities Support Research, Education, Community Care","potentialAction":[{"@type":"SearchAction","target":{"@type":"EntryPoint","urlTemplate":"https:\/\/movepainfree.org\/fr\/?s={search_term_string}"},"query-input":{"@type":"PropertyValueSpecification","valueRequired":true,"valueName":"search_term_string"}}],"inLanguage":"fr-FR"}]}},"_links":{"self":[{"href":"https:\/\/movepainfree.org\/fr\/wp-json\/wp\/v2\/pages\/2333","targetHints":{"allow":["GET"]}}],"collection":[{"href":"https:\/\/movepainfree.org\/fr\/wp-json\/wp\/v2\/pages"}],"about":[{"href":"https:\/\/movepainfree.org\/fr\/wp-json\/wp\/v2\/types\/page"}],"author":[{"embeddable":true,"href":"https:\/\/movepainfree.org\/fr\/wp-json\/wp\/v2\/users\/2"}],"replies":[{"embeddable":true,"href":"https:\/\/movepainfree.org\/fr\/wp-json\/wp\/v2\/comments?post=2333"}],"version-history":[{"count":8,"href":"https:\/\/movepainfree.org\/fr\/wp-json\/wp\/v2\/pages\/2333\/revisions"}],"predecessor-version":[{"id":4331,"href":"https:\/\/movepainfree.org\/fr\/wp-json\/wp\/v2\/pages\/2333\/revisions\/4331"}],"wp:attachment":[{"href":"https:\/\/movepainfree.org\/fr\/wp-json\/wp\/v2\/media?parent=2333"}],"curies":[{"name":"wp","href":"https:\/\/api.w.org\/{rel}","templated":true}]}}