{"id":2331,"date":"2016-11-11T16:35:17","date_gmt":"2016-11-11T16:35:17","guid":{"rendered":"https:\/\/movepainfree.org\/fr\/?page_id=2331"},"modified":"2023-06-09T14:06:51","modified_gmt":"2023-06-09T14:06:51","slug":"moteurs-de-fondation","status":"publish","type":"page","link":"https:\/\/movepainfree.org\/fr\/moteurs-de-fondation\/","title":{"rendered":"Les moteurs de la Fondation"},"content":{"rendered":"<p>La Fondation Canadienne d\u2019Orthop\u00e9die est reconnaissante envers ses donateurs mensuels, dont l\u2019engagement contribue \u00e0 jeter des bases solides pour la Fondation. Les donateurs mensuels re\u00e7oivent \u00e0 l\u2019avance les communiqu\u00e9s diffus\u00e9s par la Fondation, en plus de son bulletin\u00a0<em>LiaisonOrtho<\/em>. Leur soutien constant est le moteur des activit\u00e9s et r\u00e9alisations de la Fondation.<\/p>\n<p><strong>Les orthop\u00e9distes moteurs de la Fondation\u00a0:<br \/>\n<\/strong>D<sup>r <\/sup>Paul Beaul\u00e9<br \/>\nD<sup>r<\/sup> Gordon Goplen<br \/>\nD<sup>r<\/sup> Robert Hollinshead<br \/>\nD<sup>r<\/sup>\u00a0Justin Leblanc<\/p>\n<p><strong>Les moteurs de la Fondation :<br \/>\n<\/strong>Janet Allcock<br \/>\nAntonio Barbaro<br \/>\nGregory A. Beatty<br \/>\nTerence Boylan<br \/>\nGeoffrey Chapman<br \/>\nTodd Charlebois<br \/>\nEmiliana F. Fleischmann<br \/>\nTom R. Heggie<br \/>\nTom P. Koretchuk<br \/>\nLinda Learn<br \/>\nKenneth Lozon<br \/>\nAndrew Lumsden<br \/>\nRose McIntyre<br \/>\nElizabeth A. Reimers<br \/>\nE. Diane Richards<br \/>\nMarty Weldon<\/p>\n<p lang=\"fr-CA\" style=\"font-family: Calibri; font-size: 10.0pt; margin: 0pt 0pt 10pt 0pt;\"><span style=\"font-style: italic;\">La Fondation Canadienne d\u2019Orthop\u00e9die est reconnaissante envers tous ses g\u00e9n\u00e9reux donateurs et toujours heureuse d\u2019en souligner publiquement la contribution. Tout donateur qui pr\u00e9f\u00e8re que son nom ne soit pas publi\u00e9 sur le site de la Fondation peut \u00e9crire \u00e0 <a href=\"mailto:mailbox@canorth.org\" target=\"_blank\" rel=\"noopener noreferrer\">mailbox@canorth.org<\/a>. La Fondation s\u2019engage \u00e0 respecter les pr\u00e9f\u00e9rences de ses donateurs.<\/span><\/p>\n","protected":false},"excerpt":{"rendered":"La Fondation Canadienne d\u2019Orthop\u00e9die est reconnaissante envers ses donateurs mensuels, dont l\u2019engagement contribue \u00e0 jeter des bases solides pour la Fondation. Les donateurs mensuels re\u00e7oivent \u00e0 l\u2019avance les communiqu\u00e9s diffus\u00e9s&#8230; <a class=\"view-article\" href=\"https:\/\/movepainfree.org\/fr\/moteurs-de-fondation\/\">View Article<\/a>","protected":false},"author":2,"featured_media":0,"parent":0,"menu_order":0,"comment_status":"closed","ping_status":"closed","template":"","meta":{"footnotes":""},"class_list":["post-2331","page","type-page","status-publish","hentry"],"yoast_head":"<!-- This site is optimized with the Yoast SEO plugin v27.0 - https:\/\/yoast.com\/product\/yoast-seo-wordpress\/ -->\n<title>Les moteurs de la Fondation - Fondation Canadienne d&#039;Orthop\u00e9die<\/title>\n<meta name=\"description\" content=\"La Fondation canadienne d&#039;orthop\u00e9die vient en aide aux patients orthop\u00e9diques, aux professionnels de la sant\u00e9 en orthop\u00e9die, ainsi qu&#039;aux personnes qui se pr\u00e9occupent de leur sant\u00e9 et des questions en mati\u00e8re de sant\u00e9 au sein de la collectivit\u00e9, et ce, \u00e0 l&#039;\u00e9gard de la sant\u00e9 des os et des articulations actuelle et \u00e0 venir.\" \/>\n<meta name=\"robots\" content=\"index, follow, max-snippet:-1, max-image-preview:large, max-video-preview:-1\" \/>\n<link rel=\"canonical\" href=\"https:\/\/movepainfree.org\/fr\/moteurs-de-fondation\/\" \/>\n<meta property=\"og:locale\" content=\"fr_FR\" \/>\n<meta property=\"og:type\" content=\"article\" \/>\n<meta property=\"og:title\" content=\"Les moteurs de la Fondation - Fondation Canadienne d&#039;Orthop\u00e9die\" \/>\n<meta property=\"og:description\" content=\"La Fondation canadienne d&#039;orthop\u00e9die vient en aide aux patients orthop\u00e9diques, aux professionnels de la sant\u00e9 en orthop\u00e9die, ainsi qu&#039;aux personnes qui se pr\u00e9occupent de leur sant\u00e9 et des questions en mati\u00e8re de sant\u00e9 au sein de la collectivit\u00e9, et ce, \u00e0 l&#039;\u00e9gard de la sant\u00e9 des os et des articulations actuelle et \u00e0 venir.\" \/>\n<meta property=\"og:url\" content=\"https:\/\/movepainfree.org\/fr\/moteurs-de-fondation\/\" \/>\n<meta property=\"og:site_name\" content=\"Fondation Canadienne d&#039;Orthop\u00e9die\" \/>\n<meta property=\"article:modified_time\" content=\"2023-06-09T14:06:51+00:00\" \/>\n<meta name=\"twitter:card\" content=\"summary_large_image\" \/>\n<meta name=\"twitter:label1\" content=\"Dur\u00e9e de lecture estim\u00e9e\" \/>\n\t<meta name=\"twitter:data1\" content=\"1 minute\" \/>\n<script type=\"application\/ld+json\" class=\"yoast-schema-graph\">{\"@context\":\"https:\/\/schema.org\",\"@graph\":[{\"@type\":\"WebPage\",\"@id\":\"https:\/\/movepainfree.org\/fr\/moteurs-de-fondation\/\",\"url\":\"https:\/\/movepainfree.org\/fr\/moteurs-de-fondation\/\",\"name\":\"Les moteurs de la Fondation - Fondation Canadienne d&#039;Orthop\u00e9die\",\"isPartOf\":{\"@id\":\"https:\/\/movepainfree.org\/fr\/#website\"},\"datePublished\":\"2016-11-11T16:35:17+00:00\",\"dateModified\":\"2023-06-09T14:06:51+00:00\",\"description\":\"La Fondation canadienne d'orthop\u00e9die vient en aide aux patients orthop\u00e9diques, aux professionnels de la sant\u00e9 en orthop\u00e9die, ainsi qu'aux personnes qui se pr\u00e9occupent de leur sant\u00e9 et des questions en mati\u00e8re de sant\u00e9 au sein de la collectivit\u00e9, et ce, \u00e0 l'\u00e9gard de la sant\u00e9 des os et des articulations actuelle et \u00e0 venir.\",\"breadcrumb\":{\"@id\":\"https:\/\/movepainfree.org\/fr\/moteurs-de-fondation\/#breadcrumb\"},\"inLanguage\":\"fr-FR\",\"potentialAction\":[{\"@type\":\"ReadAction\",\"target\":[\"https:\/\/movepainfree.org\/fr\/moteurs-de-fondation\/\"]}]},{\"@type\":\"BreadcrumbList\",\"@id\":\"https:\/\/movepainfree.org\/fr\/moteurs-de-fondation\/#breadcrumb\",\"itemListElement\":[{\"@type\":\"ListItem\",\"position\":1,\"name\":\"Home\",\"item\":\"https:\/\/movepainfree.org\/fr\/\"},{\"@type\":\"ListItem\",\"position\":2,\"name\":\"Les moteurs de la Fondation\"}]},{\"@type\":\"WebSite\",\"@id\":\"https:\/\/movepainfree.org\/fr\/#website\",\"url\":\"https:\/\/movepainfree.org\/fr\/\",\"name\":\"Fondation Canadienne d&#039;Orthop\u00e9die\",\"description\":\"Fund-raising Activities Support Research, Education, Community Care\",\"potentialAction\":[{\"@type\":\"SearchAction\",\"target\":{\"@type\":\"EntryPoint\",\"urlTemplate\":\"https:\/\/movepainfree.org\/fr\/?s={search_term_string}\"},\"query-input\":{\"@type\":\"PropertyValueSpecification\",\"valueRequired\":true,\"valueName\":\"search_term_string\"}}],\"inLanguage\":\"fr-FR\"}]}<\/script>\n<!-- \/ Yoast SEO plugin. -->","yoast_head_json":{"title":"Les moteurs de la Fondation - Fondation Canadienne d&#039;Orthop\u00e9die","description":"La Fondation canadienne d'orthop\u00e9die vient en aide aux patients orthop\u00e9diques, aux professionnels de la sant\u00e9 en orthop\u00e9die, ainsi qu'aux personnes qui se pr\u00e9occupent de leur sant\u00e9 et des questions en mati\u00e8re de sant\u00e9 au sein de la collectivit\u00e9, et ce, \u00e0 l'\u00e9gard de la sant\u00e9 des os et des articulations actuelle et \u00e0 venir.","robots":{"index":"index","follow":"follow","max-snippet":"max-snippet:-1","max-image-preview":"max-image-preview:large","max-video-preview":"max-video-preview:-1"},"canonical":"https:\/\/movepainfree.org\/fr\/moteurs-de-fondation\/","og_locale":"fr_FR","og_type":"article","og_title":"Les moteurs de la Fondation - Fondation Canadienne d&#039;Orthop\u00e9die","og_description":"La Fondation canadienne d'orthop\u00e9die vient en aide aux patients orthop\u00e9diques, aux professionnels de la sant\u00e9 en orthop\u00e9die, ainsi qu'aux personnes qui se pr\u00e9occupent de leur sant\u00e9 et des questions en mati\u00e8re de sant\u00e9 au sein de la collectivit\u00e9, et ce, \u00e0 l'\u00e9gard de la sant\u00e9 des os et des articulations actuelle et \u00e0 venir.","og_url":"https:\/\/movepainfree.org\/fr\/moteurs-de-fondation\/","og_site_name":"Fondation Canadienne d&#039;Orthop\u00e9die","article_modified_time":"2023-06-09T14:06:51+00:00","twitter_card":"summary_large_image","twitter_misc":{"Dur\u00e9e de lecture estim\u00e9e":"1 minute"},"schema":{"@context":"https:\/\/schema.org","@graph":[{"@type":"WebPage","@id":"https:\/\/movepainfree.org\/fr\/moteurs-de-fondation\/","url":"https:\/\/movepainfree.org\/fr\/moteurs-de-fondation\/","name":"Les moteurs de la Fondation - Fondation Canadienne d&#039;Orthop\u00e9die","isPartOf":{"@id":"https:\/\/movepainfree.org\/fr\/#website"},"datePublished":"2016-11-11T16:35:17+00:00","dateModified":"2023-06-09T14:06:51+00:00","description":"La Fondation canadienne d'orthop\u00e9die vient en aide aux patients orthop\u00e9diques, aux professionnels de la sant\u00e9 en orthop\u00e9die, ainsi qu'aux personnes qui se pr\u00e9occupent de leur sant\u00e9 et des questions en mati\u00e8re de sant\u00e9 au sein de la collectivit\u00e9, et ce, \u00e0 l'\u00e9gard de la sant\u00e9 des os et des articulations actuelle et \u00e0 venir.","breadcrumb":{"@id":"https:\/\/movepainfree.org\/fr\/moteurs-de-fondation\/#breadcrumb"},"inLanguage":"fr-FR","potentialAction":[{"@type":"ReadAction","target":["https:\/\/movepainfree.org\/fr\/moteurs-de-fondation\/"]}]},{"@type":"BreadcrumbList","@id":"https:\/\/movepainfree.org\/fr\/moteurs-de-fondation\/#breadcrumb","itemListElement":[{"@type":"ListItem","position":1,"name":"Home","item":"https:\/\/movepainfree.org\/fr\/"},{"@type":"ListItem","position":2,"name":"Les moteurs de la Fondation"}]},{"@type":"WebSite","@id":"https:\/\/movepainfree.org\/fr\/#website","url":"https:\/\/movepainfree.org\/fr\/","name":"Fondation Canadienne d&#039;Orthop\u00e9die","description":"Fund-raising Activities Support Research, Education, Community Care","potentialAction":[{"@type":"SearchAction","target":{"@type":"EntryPoint","urlTemplate":"https:\/\/movepainfree.org\/fr\/?s={search_term_string}"},"query-input":{"@type":"PropertyValueSpecification","valueRequired":true,"valueName":"search_term_string"}}],"inLanguage":"fr-FR"}]}},"_links":{"self":[{"href":"https:\/\/movepainfree.org\/fr\/wp-json\/wp\/v2\/pages\/2331","targetHints":{"allow":["GET"]}}],"collection":[{"href":"https:\/\/movepainfree.org\/fr\/wp-json\/wp\/v2\/pages"}],"about":[{"href":"https:\/\/movepainfree.org\/fr\/wp-json\/wp\/v2\/types\/page"}],"author":[{"embeddable":true,"href":"https:\/\/movepainfree.org\/fr\/wp-json\/wp\/v2\/users\/2"}],"replies":[{"embeddable":true,"href":"https:\/\/movepainfree.org\/fr\/wp-json\/wp\/v2\/comments?post=2331"}],"version-history":[{"count":30,"href":"https:\/\/movepainfree.org\/fr\/wp-json\/wp\/v2\/pages\/2331\/revisions"}],"predecessor-version":[{"id":4219,"href":"https:\/\/movepainfree.org\/fr\/wp-json\/wp\/v2\/pages\/2331\/revisions\/4219"}],"wp:attachment":[{"href":"https:\/\/movepainfree.org\/fr\/wp-json\/wp\/v2\/media?parent=2331"}],"curies":[{"name":"wp","href":"https:\/\/api.w.org\/{rel}","templated":true}]}}