{"id":2324,"date":"2016-11-11T16:30:25","date_gmt":"2016-11-11T16:30:25","guid":{"rendered":"https:\/\/movepainfree.org\/fr\/?page_id=2324"},"modified":"2024-05-17T20:52:57","modified_gmt":"2024-05-17T20:52:57","slug":"partenaires-de-campagne-misons-vie-sans-douleur","status":"publish","type":"page","link":"https:\/\/movepainfree.org\/fr\/partenaires-de-campagne-misons-vie-sans-douleur\/","title":{"rendered":"Les partenaires de la campagne Misons sur une vie sans douleur"},"content":{"rendered":"<div class=\"mceTemp\">\u00a0<\/div>\n<p>La campagne <em>Misons\u00a0sur une vie sans\u00a0douleur<\/em> vise \u00e0 recueillir des fonds pour soutenir le mandat et les programmes de recherche de la Fondation Canadienne d\u2019Orthop\u00e9die.<\/p>\n<p>Seul organisme de bienfaisance canadien \u00e0 se consacrer exclusivement \u00e0 aider les gens \u00e0 maintenir et \u00e0 recouvrer la sant\u00e9 de leurs os et articulations, la Fondation est tr\u00e8s bien plac\u00e9e pour faire progresser la recherche en orthop\u00e9die, accro\u00eetre la sensibilisation et soutenir les soins.<\/p>\n<p>Merci \u00e0 tous ceux et celles qui prennent part \u00e0 la campagne <em>Misons sur une vie sans douleur\u00a0<\/em>pour 2023-2024.<\/p>\n<h4><strong>Bienfaiteur :\u00a0<\/strong><\/h4>\n<p>Zimmer Biomet \u00a0 \u00a0<img loading=\"lazy\" decoding=\"async\" class=\"wp-image-4759  alignnone\" src=\"https:\/\/movepainfree.org\/wp-content\/uploads\/zb_h_Moving-You-Forward_cmyk-TM_Dark-Tagline-250x63.png\" alt=\"\" width=\"270\" height=\"68\" \/><\/p>\n<h4><strong>Ami : <\/strong>\u00a0 \u00a0 \u00a0<\/h4>\n<p>Nelson Arthur Hyland Foundation \u00a0<\/p>\n<h4><strong><em>Pr\u00e9c\u00e9dent partenaires de la campagne Misons sur une vie sans douleur :<\/em><\/strong><\/h4>\n<div class=\"mks_accordion\"><div class=\"mks_accordion_item\"><div class=\"mks_accordion_heading\">2022-2023<i class=\"fa fa-plus\"><\/i><i class=\"fa fa-minus\"><\/i><\/div><div class=\"mks_accordion_content\"><\/p>\n<p><strong>Bienfaiteurs : <\/strong>Zimmer Biomet<\/p>\n<p><strong>Champions : <\/strong>DePuy Synthes Canada<\/div><\/div><\/p>\n<p><div class=\"mks_accordion\"><\/div><div class=\"mks_accordion_item\"><div class=\"mks_accordion_heading\">2021-2022<i class=\"fa fa-plus\"><\/i><i class=\"fa fa-minus\"><\/i><\/div><div class=\"mks_accordion_content\"><\/p>\n<p><strong>Bienfaiteurs : <\/strong>Zimmer Biomet<\/p>\n<p><strong>Champions : <\/strong>Bayer Healthcare, DePuy Synthes Canada, The Wright Family Legacy<\/p>\n<p style=\"text-align: left;\"><strong>Contributeurs : <\/strong>Nelson Arthur Hyland Foundation, Smith &amp; Nephew Inc.<\/div><\/div><\/p>\n<p><div class=\"mks_accordion\"><\/div><div class=\"mks_accordion_item\"><div class=\"mks_accordion_heading\">2020-2021<i class=\"fa fa-plus\"><\/i><i class=\"fa fa-minus\"><\/i><\/div><div class=\"mks_accordion_content\"><\/p>\n<p><strong>Bienfaiteurs : <\/strong>Zimmer Biomet<\/p>\n<p style=\"text-align: left;\"><strong>Champion : <\/strong>DePuy Synthes Canada<\/p>\n<p style=\"text-align: left;\"><strong>Contributeurs : <\/strong>Bayer HealthCare, Nelson Arthur Hyland Foundation, Sunnybrook Orthopaedic Associates<\/div><\/div><\/p>\n<p><div class=\"mks_accordion\"><\/div><div class=\"mks_accordion_item\"><div class=\"mks_accordion_heading\">2019-2020<i class=\"fa fa-plus\"><\/i><i class=\"fa fa-minus\"><\/i><\/div><div class=\"mks_accordion_content\"><\/p>\n<p><strong>Bienfaiteurs : <\/strong>Zimmer Biomet<\/p>\n<p style=\"text-align: left;\"><strong>Champion : <\/strong>DePuy Synthes Canada<\/p>\n<p style=\"text-align: left;\"><strong>Contributeurs : <\/strong>Bayer HealthCare, Nelson Arthur Hyland Foundation, Sunnybrook Orthopaedic Associates<\/div><\/div><\/p>\n<p><div class=\"mks_accordion\"><\/div><div class=\"mks_accordion_item\"><div class=\"mks_accordion_heading\">2018-2019<i class=\"fa fa-plus\"><\/i><i class=\"fa fa-minus\"><\/i><\/div><div class=\"mks_accordion_content\"><\/p>\n<p><strong>Bienfaiteurs : <\/strong>Zimmer Biomet, Dr Robin Richards<\/p>\n<p style=\"text-align: left;\"><strong>Parrain : <\/strong>Dr Cecil H. Rorabeck<\/p>\n<p style=\"text-align: left;\"><strong>Champion : <\/strong>DePuy Synthes Canada<\/p>\n<p style=\"text-align: left;\"><strong>Contributeurs : <\/strong>Bayer HealthCare, Nelson Arthur Hyland Foundation, Sunnybrook Orthopaedic Associates, Wright Medical Technology Inc.<\/p>\n<p style=\"text-align: left;\"><strong>Ami : <\/strong>Dr\u00a0Albert J. M. Yee<\/div><\/div><\/p>\n<p><div class=\"mks_accordion\"><\/div><div class=\"mks_accordion_item\"><div class=\"mks_accordion_heading\">2017-2018<i class=\"fa fa-plus\"><\/i><i class=\"fa fa-minus\"><\/i><\/div><div class=\"mks_accordion_content\"><\/p>\n<p><strong>Bienfaiteur : <\/strong>Zimmer Biomet<\/p>\n<p style=\"text-align: left;\"><strong>Parrain : <\/strong>DePuy Synthes Canada<\/p>\n<p style=\"text-align: left;\"><strong>Contributeurs : <\/strong>Bayer HealthCare, Nelson Arthur Hyland Foundation, Sunnybrook Orthopaedic Associates,Wright Medical Technology Inc.<\/p>\n<p><\/div><\/div><\/p>\n<p><div class=\"mks_accordion\"><\/div><div class=\"mks_accordion_item\"><div class=\"mks_accordion_heading\">2016-2017<i class=\"fa fa-plus\"><\/i><i class=\"fa fa-minus\"><\/i><\/div><div class=\"mks_accordion_content\"><\/p>\n<p><strong>Bienfaiteur : <\/strong>Zimmer Biomet<\/p>\n<p style=\"text-align: left;\"><strong>Champions : <\/strong>DePuy Synthes Canada, The Wright Family Legacy<\/p>\n<p style=\"text-align: left;\"><strong>Contributeurs : <\/strong>Bayer HealthCare, Sunnybrook Orthopaedic Associates<\/p>\n<p style=\"text-align: left;\"><\/div><\/div><\/div>\n<p lang=\"fr-CA\" style=\"font-family: Calibri; font-size: 10.0pt; margin: 0pt 0pt 10pt 0pt;\"><span style=\"font-style: italic;\">La Fondation Canadienne d\u2019Orthop\u00e9die est reconnaissante envers tous ses g\u00e9n\u00e9reux donateurs et toujours heureuse d\u2019en souligner publiquement la contribution. Tout donateur qui pr\u00e9f\u00e8re que son nom ne soit pas publi\u00e9 sur le site de la Fondation peut \u00e9crire \u00e0 <a href=\"mailto:mailbox@canorth.org\" target=\"_blank\" rel=\"noopener noreferrer\">mailbox@canorth.org<\/a>. La Fondation s\u2019engage \u00e0 respecter les pr\u00e9f\u00e9rences de ses donateurs.<\/span><\/p>\n\n\n\n\n<p><\/p>\n","protected":false},"excerpt":{"rendered":"\u00a0 La campagne Misons\u00a0sur une vie sans\u00a0douleur vise \u00e0 recueillir des fonds pour soutenir le mandat et les programmes de recherche de la Fondation Canadienne d\u2019Orthop\u00e9die. Seul organisme de bienfaisance&#8230; <a class=\"view-article\" href=\"https:\/\/movepainfree.org\/fr\/partenaires-de-campagne-misons-vie-sans-douleur\/\">View Article<\/a>","protected":false},"author":2,"featured_media":0,"parent":0,"menu_order":0,"comment_status":"closed","ping_status":"closed","template":"","meta":{"footnotes":""},"class_list":["post-2324","page","type-page","status-publish","hentry"],"yoast_head":"<!-- This site is optimized with the Yoast SEO plugin v27.0 - https:\/\/yoast.com\/product\/yoast-seo-wordpress\/ -->\n<title>Les partenaires de la campagne Misons sur une vie sans douleur - Fondation Canadienne d&#039;Orthop\u00e9die<\/title>\n<meta name=\"description\" content=\"La Fondation canadienne d&#039;orthop\u00e9die vient en aide aux patients orthop\u00e9diques, aux professionnels de la sant\u00e9 en orthop\u00e9die, ainsi qu&#039;aux personnes qui se pr\u00e9occupent de leur sant\u00e9 et des questions en mati\u00e8re de sant\u00e9 au sein de la collectivit\u00e9, et ce, \u00e0 l&#039;\u00e9gard de la sant\u00e9 des os et des articulations actuelle et \u00e0 venir.\" \/>\n<meta name=\"robots\" content=\"index, follow, max-snippet:-1, max-image-preview:large, max-video-preview:-1\" \/>\n<link rel=\"canonical\" href=\"https:\/\/movepainfree.org\/fr\/partenaires-de-campagne-misons-vie-sans-douleur\/\" \/>\n<meta property=\"og:locale\" content=\"fr_FR\" \/>\n<meta property=\"og:type\" content=\"article\" \/>\n<meta property=\"og:title\" content=\"Les partenaires de la campagne Misons sur une vie sans douleur - Fondation Canadienne d&#039;Orthop\u00e9die\" \/>\n<meta property=\"og:description\" content=\"La Fondation canadienne d&#039;orthop\u00e9die vient en aide aux patients orthop\u00e9diques, aux professionnels de la sant\u00e9 en orthop\u00e9die, ainsi qu&#039;aux personnes qui se pr\u00e9occupent de leur sant\u00e9 et des questions en mati\u00e8re de sant\u00e9 au sein de la collectivit\u00e9, et ce, \u00e0 l&#039;\u00e9gard de la sant\u00e9 des os et des articulations actuelle et \u00e0 venir.\" \/>\n<meta property=\"og:url\" content=\"https:\/\/movepainfree.org\/fr\/partenaires-de-campagne-misons-vie-sans-douleur\/\" \/>\n<meta property=\"og:site_name\" content=\"Fondation Canadienne d&#039;Orthop\u00e9die\" \/>\n<meta property=\"article:modified_time\" content=\"2024-05-17T20:52:57+00:00\" \/>\n<meta property=\"og:image\" content=\"https:\/\/movepainfree.org\/wp-content\/uploads\/zb_h_Moving-You-Forward_cmyk-TM_Dark-Tagline-250x63.png\" \/>\n<meta name=\"twitter:card\" content=\"summary_large_image\" \/>\n<meta name=\"twitter:label1\" content=\"Dur\u00e9e de lecture estim\u00e9e\" \/>\n\t<meta name=\"twitter:data1\" content=\"3 minutes\" \/>\n<script type=\"application\/ld+json\" class=\"yoast-schema-graph\">{\"@context\":\"https:\/\/schema.org\",\"@graph\":[{\"@type\":\"WebPage\",\"@id\":\"https:\/\/movepainfree.org\/fr\/partenaires-de-campagne-misons-vie-sans-douleur\/\",\"url\":\"https:\/\/movepainfree.org\/fr\/partenaires-de-campagne-misons-vie-sans-douleur\/\",\"name\":\"Les partenaires de la campagne Misons sur une vie sans douleur - Fondation Canadienne d&#039;Orthop\u00e9die\",\"isPartOf\":{\"@id\":\"https:\/\/movepainfree.org\/fr\/#website\"},\"primaryImageOfPage\":{\"@id\":\"https:\/\/movepainfree.org\/fr\/partenaires-de-campagne-misons-vie-sans-douleur\/#primaryimage\"},\"image\":{\"@id\":\"https:\/\/movepainfree.org\/fr\/partenaires-de-campagne-misons-vie-sans-douleur\/#primaryimage\"},\"thumbnailUrl\":\"https:\/\/movepainfree.org\/wp-content\/uploads\/zb_h_Moving-You-Forward_cmyk-TM_Dark-Tagline-250x63.png\",\"datePublished\":\"2016-11-11T16:30:25+00:00\",\"dateModified\":\"2024-05-17T20:52:57+00:00\",\"description\":\"La Fondation canadienne d'orthop\u00e9die vient en aide aux patients orthop\u00e9diques, aux professionnels de la sant\u00e9 en orthop\u00e9die, ainsi qu'aux personnes qui se pr\u00e9occupent de leur sant\u00e9 et des questions en mati\u00e8re de sant\u00e9 au sein de la collectivit\u00e9, et ce, \u00e0 l'\u00e9gard de la sant\u00e9 des os et des articulations actuelle et \u00e0 venir.\",\"breadcrumb\":{\"@id\":\"https:\/\/movepainfree.org\/fr\/partenaires-de-campagne-misons-vie-sans-douleur\/#breadcrumb\"},\"inLanguage\":\"fr-FR\",\"potentialAction\":[{\"@type\":\"ReadAction\",\"target\":[\"https:\/\/movepainfree.org\/fr\/partenaires-de-campagne-misons-vie-sans-douleur\/\"]}]},{\"@type\":\"ImageObject\",\"inLanguage\":\"fr-FR\",\"@id\":\"https:\/\/movepainfree.org\/fr\/partenaires-de-campagne-misons-vie-sans-douleur\/#primaryimage\",\"url\":\"https:\/\/movepainfree.org\/wp-content\/uploads\/zb_h_Moving-You-Forward_cmyk-TM_Dark-Tagline-250x63.png\",\"contentUrl\":\"https:\/\/movepainfree.org\/wp-content\/uploads\/zb_h_Moving-You-Forward_cmyk-TM_Dark-Tagline-250x63.png\"},{\"@type\":\"BreadcrumbList\",\"@id\":\"https:\/\/movepainfree.org\/fr\/partenaires-de-campagne-misons-vie-sans-douleur\/#breadcrumb\",\"itemListElement\":[{\"@type\":\"ListItem\",\"position\":1,\"name\":\"Home\",\"item\":\"https:\/\/movepainfree.org\/fr\/\"},{\"@type\":\"ListItem\",\"position\":2,\"name\":\"Les partenaires de la campagne Misons sur une vie sans douleur\"}]},{\"@type\":\"WebSite\",\"@id\":\"https:\/\/movepainfree.org\/fr\/#website\",\"url\":\"https:\/\/movepainfree.org\/fr\/\",\"name\":\"Fondation Canadienne d&#039;Orthop\u00e9die\",\"description\":\"Fund-raising Activities Support Research, Education, Community Care\",\"potentialAction\":[{\"@type\":\"SearchAction\",\"target\":{\"@type\":\"EntryPoint\",\"urlTemplate\":\"https:\/\/movepainfree.org\/fr\/?s={search_term_string}\"},\"query-input\":{\"@type\":\"PropertyValueSpecification\",\"valueRequired\":true,\"valueName\":\"search_term_string\"}}],\"inLanguage\":\"fr-FR\"}]}<\/script>\n<!-- \/ Yoast SEO plugin. -->","yoast_head_json":{"title":"Les partenaires de la campagne Misons sur une vie sans douleur - Fondation Canadienne d&#039;Orthop\u00e9die","description":"La Fondation canadienne d'orthop\u00e9die vient en aide aux patients orthop\u00e9diques, aux professionnels de la sant\u00e9 en orthop\u00e9die, ainsi qu'aux personnes qui se pr\u00e9occupent de leur sant\u00e9 et des questions en mati\u00e8re de sant\u00e9 au sein de la collectivit\u00e9, et ce, \u00e0 l'\u00e9gard de la sant\u00e9 des os et des articulations actuelle et \u00e0 venir.","robots":{"index":"index","follow":"follow","max-snippet":"max-snippet:-1","max-image-preview":"max-image-preview:large","max-video-preview":"max-video-preview:-1"},"canonical":"https:\/\/movepainfree.org\/fr\/partenaires-de-campagne-misons-vie-sans-douleur\/","og_locale":"fr_FR","og_type":"article","og_title":"Les partenaires de la campagne Misons sur une vie sans douleur - Fondation Canadienne d&#039;Orthop\u00e9die","og_description":"La Fondation canadienne d'orthop\u00e9die vient en aide aux patients orthop\u00e9diques, aux professionnels de la sant\u00e9 en orthop\u00e9die, ainsi qu'aux personnes qui se pr\u00e9occupent de leur sant\u00e9 et des questions en mati\u00e8re de sant\u00e9 au sein de la collectivit\u00e9, et ce, \u00e0 l'\u00e9gard de la sant\u00e9 des os et des articulations actuelle et \u00e0 venir.","og_url":"https:\/\/movepainfree.org\/fr\/partenaires-de-campagne-misons-vie-sans-douleur\/","og_site_name":"Fondation Canadienne d&#039;Orthop\u00e9die","article_modified_time":"2024-05-17T20:52:57+00:00","og_image":[{"url":"https:\/\/movepainfree.org\/wp-content\/uploads\/zb_h_Moving-You-Forward_cmyk-TM_Dark-Tagline-250x63.png","type":"","width":"","height":""}],"twitter_card":"summary_large_image","twitter_misc":{"Dur\u00e9e de lecture estim\u00e9e":"3 minutes"},"schema":{"@context":"https:\/\/schema.org","@graph":[{"@type":"WebPage","@id":"https:\/\/movepainfree.org\/fr\/partenaires-de-campagne-misons-vie-sans-douleur\/","url":"https:\/\/movepainfree.org\/fr\/partenaires-de-campagne-misons-vie-sans-douleur\/","name":"Les partenaires de la campagne Misons sur une vie sans douleur - Fondation Canadienne d&#039;Orthop\u00e9die","isPartOf":{"@id":"https:\/\/movepainfree.org\/fr\/#website"},"primaryImageOfPage":{"@id":"https:\/\/movepainfree.org\/fr\/partenaires-de-campagne-misons-vie-sans-douleur\/#primaryimage"},"image":{"@id":"https:\/\/movepainfree.org\/fr\/partenaires-de-campagne-misons-vie-sans-douleur\/#primaryimage"},"thumbnailUrl":"https:\/\/movepainfree.org\/wp-content\/uploads\/zb_h_Moving-You-Forward_cmyk-TM_Dark-Tagline-250x63.png","datePublished":"2016-11-11T16:30:25+00:00","dateModified":"2024-05-17T20:52:57+00:00","description":"La Fondation canadienne d'orthop\u00e9die vient en aide aux patients orthop\u00e9diques, aux professionnels de la sant\u00e9 en orthop\u00e9die, ainsi qu'aux personnes qui se pr\u00e9occupent de leur sant\u00e9 et des questions en mati\u00e8re de sant\u00e9 au sein de la collectivit\u00e9, et ce, \u00e0 l'\u00e9gard de la sant\u00e9 des os et des articulations actuelle et \u00e0 venir.","breadcrumb":{"@id":"https:\/\/movepainfree.org\/fr\/partenaires-de-campagne-misons-vie-sans-douleur\/#breadcrumb"},"inLanguage":"fr-FR","potentialAction":[{"@type":"ReadAction","target":["https:\/\/movepainfree.org\/fr\/partenaires-de-campagne-misons-vie-sans-douleur\/"]}]},{"@type":"ImageObject","inLanguage":"fr-FR","@id":"https:\/\/movepainfree.org\/fr\/partenaires-de-campagne-misons-vie-sans-douleur\/#primaryimage","url":"https:\/\/movepainfree.org\/wp-content\/uploads\/zb_h_Moving-You-Forward_cmyk-TM_Dark-Tagline-250x63.png","contentUrl":"https:\/\/movepainfree.org\/wp-content\/uploads\/zb_h_Moving-You-Forward_cmyk-TM_Dark-Tagline-250x63.png"},{"@type":"BreadcrumbList","@id":"https:\/\/movepainfree.org\/fr\/partenaires-de-campagne-misons-vie-sans-douleur\/#breadcrumb","itemListElement":[{"@type":"ListItem","position":1,"name":"Home","item":"https:\/\/movepainfree.org\/fr\/"},{"@type":"ListItem","position":2,"name":"Les partenaires de la campagne Misons sur une vie sans douleur"}]},{"@type":"WebSite","@id":"https:\/\/movepainfree.org\/fr\/#website","url":"https:\/\/movepainfree.org\/fr\/","name":"Fondation Canadienne d&#039;Orthop\u00e9die","description":"Fund-raising Activities Support Research, Education, Community Care","potentialAction":[{"@type":"SearchAction","target":{"@type":"EntryPoint","urlTemplate":"https:\/\/movepainfree.org\/fr\/?s={search_term_string}"},"query-input":{"@type":"PropertyValueSpecification","valueRequired":true,"valueName":"search_term_string"}}],"inLanguage":"fr-FR"}]}},"_links":{"self":[{"href":"https:\/\/movepainfree.org\/fr\/wp-json\/wp\/v2\/pages\/2324","targetHints":{"allow":["GET"]}}],"collection":[{"href":"https:\/\/movepainfree.org\/fr\/wp-json\/wp\/v2\/pages"}],"about":[{"href":"https:\/\/movepainfree.org\/fr\/wp-json\/wp\/v2\/types\/page"}],"author":[{"embeddable":true,"href":"https:\/\/movepainfree.org\/fr\/wp-json\/wp\/v2\/users\/2"}],"replies":[{"embeddable":true,"href":"https:\/\/movepainfree.org\/fr\/wp-json\/wp\/v2\/comments?post=2324"}],"version-history":[{"count":56,"href":"https:\/\/movepainfree.org\/fr\/wp-json\/wp\/v2\/pages\/2324\/revisions"}],"predecessor-version":[{"id":4553,"href":"https:\/\/movepainfree.org\/fr\/wp-json\/wp\/v2\/pages\/2324\/revisions\/4553"}],"wp:attachment":[{"href":"https:\/\/movepainfree.org\/fr\/wp-json\/wp\/v2\/media?parent=2324"}],"curies":[{"name":"wp","href":"https:\/\/api.w.org\/{rel}","templated":true}]}}