{"id":2320,"date":"2016-11-11T16:18:39","date_gmt":"2016-11-11T16:18:39","guid":{"rendered":"https:\/\/movepainfree.org\/fr\/?page_id=2320"},"modified":"2024-08-09T15:38:55","modified_gmt":"2024-08-09T15:38:55","slug":"batisseurs-de-fondation","status":"publish","type":"page","link":"https:\/\/movepainfree.org\/fr\/batisseurs-de-fondation\/","title":{"rendered":"Les b\u00e2tisseurs de la Fondation"},"content":{"rendered":"<p>Merci aux g\u00e9n\u00e9reux donateurs dont la contribution totalise au moins 10 000 $. Ils sont la pierre angulaire de la Fondation.<\/p>\n<p>D<sup>r <\/sup>Paul-Edgar Beaul\u00e9<br \/>\nBobechko Foundation<br \/>\nMarnie et\u00a0Andr\u00e9 Borer<br \/>\nD<sup>re<\/sup><strong><sup>\u00a0<\/sup><\/strong>Erin L. Boynton<br \/>\nD<sup>r <\/sup>Gregory M.L. Buchko<br \/>\nNancy et Mike Cloutier<br \/>\nD<sup>r <\/sup>Derek Cooke<br \/>\nGwenythe Crosdale<br \/>\nDavid Dunsmore<br \/>\nSuzanne et\u00a0Bill Dust<br \/>\nMike Garbutt<br \/>\nD<sup>r<\/sup> Gordon R. Goplen<br \/>\nJames L. Hall<br \/>\nWhitney Hammond<br \/>\nD<sup>r<\/sup> Kevin A. Hildebrand<br \/>\nD<sup>r<\/sup> Richard M. Holtby<br \/>\nJames Raymond Cowling Foundation<br \/>\nD<sup>r<\/sup> Geoffrey H. Johnston<br \/>\nD<sup>r<\/sup> Hans J. Kreder<br \/>\nD<sup>r<\/sup>\u00a0Ross K. Leighton<br \/>\nD<sup>r <\/sup>R. Mervyn Letts<br \/>\nLewis Jackson and Dale Gardiner Foundation<br \/>\nD<sup>r <\/sup>Steven J.M. MacDonald<br \/>\nVera D. Maidment<br \/>\nD<sup>r<\/sup> Michael Manley-Casimir<br \/>\nAnthony Moro<br \/>\nD<sup>re<\/sup> Michelle O&rsquo;Neill<br \/>\nD<sup>r<\/sup> Kevin G. Orrell<br \/>\nElaine et Len Parry<br \/>\nD<sup>r<\/sup>\u00a0Robin R. Richards<br \/>\nD<sup>r<\/sup> Cecil H. Rorabeck<br \/>\nD<sup>r<\/sup> Franklin H. Sim<br \/>\nD<sup>r <\/sup>Thomas V. Smallman<br \/>\nLinda et Michael Spears<br \/>\nIla May Stewart<br \/>\nPatrick M. Stroulger<br \/>\nBernard Syron<br \/>\nBruce Thomas<br \/>\nDouglas Thomson<br \/>\nWilliam Vermeer<br \/>\nD<sup>r<\/sup> James P. Waddell<br \/>\nD<sup>re<\/sup> Veronica Wadey et\u00a0M. Henry Chow<br \/>\nJames Waters<br \/>\nD<sup>r<\/sup> C. Stewart et Mme. Marilyn Wright<br \/>\nJean Wright Kilpatrick<br \/>\nD<sup>r<\/sup> Paul H. Wright<br \/>\nD<sup>r<\/sup>\u00a0Albert J. M. Yee<\/p>\n<p lang=\"fr-CA\" style=\"font-family: Calibri; font-size: 10.0pt; margin: 0pt 0pt 10pt 0pt;\"><span style=\"font-style: italic;\">La Fondation Canadienne d\u2019Orthop\u00e9die est reconnaissante envers tous ses g\u00e9n\u00e9reux donateurs et toujours heureuse d\u2019en souligner publiquement la contribution. Tout donateur qui pr\u00e9f\u00e8re que son nom ne soit pas publi\u00e9 sur le site de la Fondation peut \u00e9crire \u00e0 <a href=\"mailto:mailbox@canorth.org\" target=\"_blank\" rel=\"noopener noreferrer\">mailbox@canorth.org<\/a>. La Fondation s\u2019engage \u00e0 respecter les pr\u00e9f\u00e9rences de ses donateurs.<\/span><\/p>\n","protected":false},"excerpt":{"rendered":"Merci aux g\u00e9n\u00e9reux donateurs dont la contribution totalise au moins 10 000 $. Ils sont la pierre angulaire de la Fondation. Dr Paul-Edgar Beaul\u00e9 Bobechko Foundation Marnie et\u00a0Andr\u00e9 Borer Dre\u00a0Erin&#8230; <a class=\"view-article\" href=\"https:\/\/movepainfree.org\/fr\/batisseurs-de-fondation\/\">View Article<\/a>","protected":false},"author":2,"featured_media":0,"parent":0,"menu_order":0,"comment_status":"closed","ping_status":"closed","template":"","meta":{"footnotes":""},"class_list":["post-2320","page","type-page","status-publish","hentry"],"yoast_head":"<!-- This site is optimized with the Yoast SEO plugin v27.0 - https:\/\/yoast.com\/product\/yoast-seo-wordpress\/ -->\n<title>Les b\u00e2tisseurs de la Fondation - Fondation Canadienne d&#039;Orthop\u00e9die<\/title>\n<meta name=\"description\" content=\"La Fondation canadienne d&#039;orthop\u00e9die vient en aide aux patients orthop\u00e9diques, aux professionnels de la sant\u00e9 en orthop\u00e9die, ainsi qu&#039;aux personnes qui se pr\u00e9occupent de leur sant\u00e9 et des questions en mati\u00e8re de sant\u00e9 au sein de la collectivit\u00e9, et ce, \u00e0 l&#039;\u00e9gard de la sant\u00e9 des os et des articulations actuelle et \u00e0 venir.\" \/>\n<meta name=\"robots\" content=\"index, follow, max-snippet:-1, max-image-preview:large, max-video-preview:-1\" \/>\n<link rel=\"canonical\" href=\"https:\/\/movepainfree.org\/fr\/batisseurs-de-fondation\/\" \/>\n<meta property=\"og:locale\" content=\"fr_FR\" \/>\n<meta property=\"og:type\" content=\"article\" \/>\n<meta property=\"og:title\" content=\"Les b\u00e2tisseurs de la Fondation - Fondation Canadienne d&#039;Orthop\u00e9die\" \/>\n<meta property=\"og:description\" content=\"La Fondation canadienne d&#039;orthop\u00e9die vient en aide aux patients orthop\u00e9diques, aux professionnels de la sant\u00e9 en orthop\u00e9die, ainsi qu&#039;aux personnes qui se pr\u00e9occupent de leur sant\u00e9 et des questions en mati\u00e8re de sant\u00e9 au sein de la collectivit\u00e9, et ce, \u00e0 l&#039;\u00e9gard de la sant\u00e9 des os et des articulations actuelle et \u00e0 venir.\" \/>\n<meta property=\"og:url\" content=\"https:\/\/movepainfree.org\/fr\/batisseurs-de-fondation\/\" \/>\n<meta property=\"og:site_name\" content=\"Fondation Canadienne d&#039;Orthop\u00e9die\" \/>\n<meta property=\"article:modified_time\" content=\"2024-08-09T15:38:55+00:00\" \/>\n<meta name=\"twitter:card\" content=\"summary_large_image\" \/>\n<meta name=\"twitter:label1\" content=\"Dur\u00e9e de lecture estim\u00e9e\" \/>\n\t<meta name=\"twitter:data1\" content=\"2 minutes\" \/>\n<script type=\"application\/ld+json\" class=\"yoast-schema-graph\">{\"@context\":\"https:\/\/schema.org\",\"@graph\":[{\"@type\":\"WebPage\",\"@id\":\"https:\/\/movepainfree.org\/fr\/batisseurs-de-fondation\/\",\"url\":\"https:\/\/movepainfree.org\/fr\/batisseurs-de-fondation\/\",\"name\":\"Les b\u00e2tisseurs de la Fondation - Fondation Canadienne d&#039;Orthop\u00e9die\",\"isPartOf\":{\"@id\":\"https:\/\/movepainfree.org\/fr\/#website\"},\"datePublished\":\"2016-11-11T16:18:39+00:00\",\"dateModified\":\"2024-08-09T15:38:55+00:00\",\"description\":\"La Fondation canadienne d'orthop\u00e9die vient en aide aux patients orthop\u00e9diques, aux professionnels de la sant\u00e9 en orthop\u00e9die, ainsi qu'aux personnes qui se pr\u00e9occupent de leur sant\u00e9 et des questions en mati\u00e8re de sant\u00e9 au sein de la collectivit\u00e9, et ce, \u00e0 l'\u00e9gard de la sant\u00e9 des os et des articulations actuelle et \u00e0 venir.\",\"breadcrumb\":{\"@id\":\"https:\/\/movepainfree.org\/fr\/batisseurs-de-fondation\/#breadcrumb\"},\"inLanguage\":\"fr-FR\",\"potentialAction\":[{\"@type\":\"ReadAction\",\"target\":[\"https:\/\/movepainfree.org\/fr\/batisseurs-de-fondation\/\"]}]},{\"@type\":\"BreadcrumbList\",\"@id\":\"https:\/\/movepainfree.org\/fr\/batisseurs-de-fondation\/#breadcrumb\",\"itemListElement\":[{\"@type\":\"ListItem\",\"position\":1,\"name\":\"Home\",\"item\":\"https:\/\/movepainfree.org\/fr\/\"},{\"@type\":\"ListItem\",\"position\":2,\"name\":\"Les b\u00e2tisseurs de la Fondation\"}]},{\"@type\":\"WebSite\",\"@id\":\"https:\/\/movepainfree.org\/fr\/#website\",\"url\":\"https:\/\/movepainfree.org\/fr\/\",\"name\":\"Fondation Canadienne d&#039;Orthop\u00e9die\",\"description\":\"Fund-raising Activities Support Research, Education, Community Care\",\"potentialAction\":[{\"@type\":\"SearchAction\",\"target\":{\"@type\":\"EntryPoint\",\"urlTemplate\":\"https:\/\/movepainfree.org\/fr\/?s={search_term_string}\"},\"query-input\":{\"@type\":\"PropertyValueSpecification\",\"valueRequired\":true,\"valueName\":\"search_term_string\"}}],\"inLanguage\":\"fr-FR\"}]}<\/script>\n<!-- \/ Yoast SEO plugin. -->","yoast_head_json":{"title":"Les b\u00e2tisseurs de la Fondation - Fondation Canadienne d&#039;Orthop\u00e9die","description":"La Fondation canadienne d'orthop\u00e9die vient en aide aux patients orthop\u00e9diques, aux professionnels de la sant\u00e9 en orthop\u00e9die, ainsi qu'aux personnes qui se pr\u00e9occupent de leur sant\u00e9 et des questions en mati\u00e8re de sant\u00e9 au sein de la collectivit\u00e9, et ce, \u00e0 l'\u00e9gard de la sant\u00e9 des os et des articulations actuelle et \u00e0 venir.","robots":{"index":"index","follow":"follow","max-snippet":"max-snippet:-1","max-image-preview":"max-image-preview:large","max-video-preview":"max-video-preview:-1"},"canonical":"https:\/\/movepainfree.org\/fr\/batisseurs-de-fondation\/","og_locale":"fr_FR","og_type":"article","og_title":"Les b\u00e2tisseurs de la Fondation - Fondation Canadienne d&#039;Orthop\u00e9die","og_description":"La Fondation canadienne d'orthop\u00e9die vient en aide aux patients orthop\u00e9diques, aux professionnels de la sant\u00e9 en orthop\u00e9die, ainsi qu'aux personnes qui se pr\u00e9occupent de leur sant\u00e9 et des questions en mati\u00e8re de sant\u00e9 au sein de la collectivit\u00e9, et ce, \u00e0 l'\u00e9gard de la sant\u00e9 des os et des articulations actuelle et \u00e0 venir.","og_url":"https:\/\/movepainfree.org\/fr\/batisseurs-de-fondation\/","og_site_name":"Fondation Canadienne d&#039;Orthop\u00e9die","article_modified_time":"2024-08-09T15:38:55+00:00","twitter_card":"summary_large_image","twitter_misc":{"Dur\u00e9e de lecture estim\u00e9e":"2 minutes"},"schema":{"@context":"https:\/\/schema.org","@graph":[{"@type":"WebPage","@id":"https:\/\/movepainfree.org\/fr\/batisseurs-de-fondation\/","url":"https:\/\/movepainfree.org\/fr\/batisseurs-de-fondation\/","name":"Les b\u00e2tisseurs de la Fondation - Fondation Canadienne d&#039;Orthop\u00e9die","isPartOf":{"@id":"https:\/\/movepainfree.org\/fr\/#website"},"datePublished":"2016-11-11T16:18:39+00:00","dateModified":"2024-08-09T15:38:55+00:00","description":"La Fondation canadienne d'orthop\u00e9die vient en aide aux patients orthop\u00e9diques, aux professionnels de la sant\u00e9 en orthop\u00e9die, ainsi qu'aux personnes qui se pr\u00e9occupent de leur sant\u00e9 et des questions en mati\u00e8re de sant\u00e9 au sein de la collectivit\u00e9, et ce, \u00e0 l'\u00e9gard de la sant\u00e9 des os et des articulations actuelle et \u00e0 venir.","breadcrumb":{"@id":"https:\/\/movepainfree.org\/fr\/batisseurs-de-fondation\/#breadcrumb"},"inLanguage":"fr-FR","potentialAction":[{"@type":"ReadAction","target":["https:\/\/movepainfree.org\/fr\/batisseurs-de-fondation\/"]}]},{"@type":"BreadcrumbList","@id":"https:\/\/movepainfree.org\/fr\/batisseurs-de-fondation\/#breadcrumb","itemListElement":[{"@type":"ListItem","position":1,"name":"Home","item":"https:\/\/movepainfree.org\/fr\/"},{"@type":"ListItem","position":2,"name":"Les b\u00e2tisseurs de la Fondation"}]},{"@type":"WebSite","@id":"https:\/\/movepainfree.org\/fr\/#website","url":"https:\/\/movepainfree.org\/fr\/","name":"Fondation Canadienne d&#039;Orthop\u00e9die","description":"Fund-raising Activities Support Research, Education, Community Care","potentialAction":[{"@type":"SearchAction","target":{"@type":"EntryPoint","urlTemplate":"https:\/\/movepainfree.org\/fr\/?s={search_term_string}"},"query-input":{"@type":"PropertyValueSpecification","valueRequired":true,"valueName":"search_term_string"}}],"inLanguage":"fr-FR"}]}},"_links":{"self":[{"href":"https:\/\/movepainfree.org\/fr\/wp-json\/wp\/v2\/pages\/2320","targetHints":{"allow":["GET"]}}],"collection":[{"href":"https:\/\/movepainfree.org\/fr\/wp-json\/wp\/v2\/pages"}],"about":[{"href":"https:\/\/movepainfree.org\/fr\/wp-json\/wp\/v2\/types\/page"}],"author":[{"embeddable":true,"href":"https:\/\/movepainfree.org\/fr\/wp-json\/wp\/v2\/users\/2"}],"replies":[{"embeddable":true,"href":"https:\/\/movepainfree.org\/fr\/wp-json\/wp\/v2\/comments?post=2320"}],"version-history":[{"count":32,"href":"https:\/\/movepainfree.org\/fr\/wp-json\/wp\/v2\/pages\/2320\/revisions"}],"predecessor-version":[{"id":4616,"href":"https:\/\/movepainfree.org\/fr\/wp-json\/wp\/v2\/pages\/2320\/revisions\/4616"}],"wp:attachment":[{"href":"https:\/\/movepainfree.org\/fr\/wp-json\/wp\/v2\/media?parent=2320"}],"curies":[{"name":"wp","href":"https:\/\/api.w.org\/{rel}","templated":true}]}}