{"id":2270,"date":"2016-08-09T16:21:31","date_gmt":"2016-08-09T16:21:31","guid":{"rendered":"https:\/\/movepainfree.org\/fr\/?page_id=2270"},"modified":"2016-08-17T14:02:04","modified_gmt":"2016-08-17T14:02:04","slug":"retablissement-apres-fracture-de-hanche","status":"publish","type":"page","link":"https:\/\/movepainfree.org\/fr\/patient-information-resources\/retablissement-apres-fracture-de-hanche\/","title":{"rendered":"R\u00e9tablissement apr\u00e8s une fracture de la hanche"},"content":{"rendered":"<p>Renseignements pour les patients et les aidants apr\u00e8s une fracture de la hanche\u00a0:<\/p>\n<ul>\n<li><a href=\"https:\/\/movepainfree.org\/fr\/wp-content\/uploads\/sites\/3\/Assisstive-Devices-and-Home-Adapation-Following-a-Hip-Fracture-FR.pdf\" target=\"_blank\">Appareils fonctionnels et adaptation du domicile<\/a>\u00a0apr\u00e8s une fracture de la hanche<\/li>\n<li><a href=\"https:\/\/movepainfree.org\/fr\/wp-content\/uploads\/sites\/3\/Getting-Active-Following-a-Hip-Fracture-FR.pdf\" target=\"_blank\">Activit\u00e9 physique<\/a>\u00a0apr\u00e8s une fracture de la hanche<\/li>\n<li><a href=\"https:\/\/movepainfree.org\/fr\/wp-content\/uploads\/sites\/3\/Maximizing-Your-Benefits-Following-a-Hip-Fracture-FR.pdf\" target=\"_blank\">Maximisez les avantages<\/a>\u00a0apr\u00e8s une fracture de la hanche<\/li>\n<li><a href=\"https:\/\/movepainfree.org\/fr\/wp-content\/uploads\/sites\/3\/Nutrition-Following-a-Hip-Fracture-FR.pdf\" target=\"_blank\">Alimentation<\/a> apr\u00e8s une fracture de la hanche<\/li>\n<li><a href=\"https:\/\/movepainfree.org\/fr\/wp-content\/uploads\/sites\/3\/Osteoporosis-and-Hip-Fractures-FR.pdf\" target=\"_blank\">Ost\u00e9oporose<\/a>\u00a0et fracture de la hanche<\/li>\n<li><a href=\"https:\/\/movepainfree.org\/fr\/wp-content\/uploads\/sites\/3\/Travel-and-Activities-Following-a-Hip-Fracture-FR.pdf\" target=\"_blank\">Activit\u00e9s et d\u00e9placements <\/a>apr\u00e8s une fracture de la hanche<\/li>\n<\/ul>\n","protected":false},"excerpt":{"rendered":"Renseignements pour les patients et les aidants apr\u00e8s une fracture de la hanche\u00a0: Appareils fonctionnels et adaptation du domicile\u00a0apr\u00e8s une fracture de la hanche Activit\u00e9 physique\u00a0apr\u00e8s une fracture de la&#8230; <a class=\"view-article\" href=\"https:\/\/movepainfree.org\/fr\/patient-information-resources\/retablissement-apres-fracture-de-hanche\/\">View Article<\/a>","protected":false},"author":2,"featured_media":0,"parent":469,"menu_order":0,"comment_status":"closed","ping_status":"closed","template":"","meta":{"footnotes":""},"class_list":["post-2270","page","type-page","status-publish","hentry"],"yoast_head":"<!-- This site is optimized with the Yoast SEO plugin v27.0 - https:\/\/yoast.com\/product\/yoast-seo-wordpress\/ -->\n<title>R\u00e9tablissement apr\u00e8s une fracture de la hanche - Fondation Canadienne d&#039;Orthop\u00e9die<\/title>\n<meta name=\"description\" content=\"La Fondation canadienne d&#039;orthop\u00e9die vient en aide aux patients orthop\u00e9diques, aux professionnels de la sant\u00e9 en orthop\u00e9die, ainsi qu&#039;aux personnes qui se pr\u00e9occupent de leur sant\u00e9 et des questions en mati\u00e8re de sant\u00e9 au sein de la collectivit\u00e9, et ce, \u00e0 l&#039;\u00e9gard de la sant\u00e9 des os et des articulations actuelle et \u00e0 venir.\" \/>\n<meta name=\"robots\" content=\"index, follow, max-snippet:-1, max-image-preview:large, max-video-preview:-1\" \/>\n<link rel=\"canonical\" href=\"https:\/\/movepainfree.org\/fr\/patient-information-resources\/retablissement-apres-fracture-de-hanche\/\" \/>\n<meta property=\"og:locale\" content=\"fr_FR\" \/>\n<meta property=\"og:type\" content=\"article\" \/>\n<meta property=\"og:title\" content=\"R\u00e9tablissement apr\u00e8s une fracture de la hanche - Fondation Canadienne d&#039;Orthop\u00e9die\" \/>\n<meta property=\"og:description\" content=\"La Fondation canadienne d&#039;orthop\u00e9die vient en aide aux patients orthop\u00e9diques, aux professionnels de la sant\u00e9 en orthop\u00e9die, ainsi qu&#039;aux personnes qui se pr\u00e9occupent de leur sant\u00e9 et des questions en mati\u00e8re de sant\u00e9 au sein de la collectivit\u00e9, et ce, \u00e0 l&#039;\u00e9gard de la sant\u00e9 des os et des articulations actuelle et \u00e0 venir.\" \/>\n<meta property=\"og:url\" content=\"https:\/\/movepainfree.org\/fr\/patient-information-resources\/retablissement-apres-fracture-de-hanche\/\" \/>\n<meta property=\"og:site_name\" content=\"Fondation Canadienne d&#039;Orthop\u00e9die\" \/>\n<meta property=\"article:modified_time\" content=\"2016-08-17T14:02:04+00:00\" \/>\n<meta name=\"twitter:card\" content=\"summary_large_image\" \/>\n<script type=\"application\/ld+json\" class=\"yoast-schema-graph\">{\"@context\":\"https:\/\/schema.org\",\"@graph\":[{\"@type\":\"WebPage\",\"@id\":\"https:\/\/movepainfree.org\/fr\/patient-information-resources\/retablissement-apres-fracture-de-hanche\/\",\"url\":\"https:\/\/movepainfree.org\/fr\/patient-information-resources\/retablissement-apres-fracture-de-hanche\/\",\"name\":\"R\u00e9tablissement apr\u00e8s une fracture de la hanche - Fondation Canadienne d&#039;Orthop\u00e9die\",\"isPartOf\":{\"@id\":\"https:\/\/movepainfree.org\/fr\/#website\"},\"datePublished\":\"2016-08-09T16:21:31+00:00\",\"dateModified\":\"2016-08-17T14:02:04+00:00\",\"description\":\"La Fondation canadienne d'orthop\u00e9die vient en aide aux patients orthop\u00e9diques, aux professionnels de la sant\u00e9 en orthop\u00e9die, ainsi qu'aux personnes qui se pr\u00e9occupent de leur sant\u00e9 et des questions en mati\u00e8re de sant\u00e9 au sein de la collectivit\u00e9, et ce, \u00e0 l'\u00e9gard de la sant\u00e9 des os et des articulations actuelle et \u00e0 venir.\",\"breadcrumb\":{\"@id\":\"https:\/\/movepainfree.org\/fr\/patient-information-resources\/retablissement-apres-fracture-de-hanche\/#breadcrumb\"},\"inLanguage\":\"fr-FR\",\"potentialAction\":[{\"@type\":\"ReadAction\",\"target\":[\"https:\/\/movepainfree.org\/fr\/patient-information-resources\/retablissement-apres-fracture-de-hanche\/\"]}]},{\"@type\":\"BreadcrumbList\",\"@id\":\"https:\/\/movepainfree.org\/fr\/patient-information-resources\/retablissement-apres-fracture-de-hanche\/#breadcrumb\",\"itemListElement\":[{\"@type\":\"ListItem\",\"position\":1,\"name\":\"Home\",\"item\":\"https:\/\/movepainfree.org\/fr\/\"},{\"@type\":\"ListItem\",\"position\":2,\"name\":\"Ressources informatives pour les patients\",\"item\":\"https:\/\/movepainfree.org\/fr\/patient-information-resources\/\"},{\"@type\":\"ListItem\",\"position\":3,\"name\":\"R\u00e9tablissement apr\u00e8s une fracture de la hanche\"}]},{\"@type\":\"WebSite\",\"@id\":\"https:\/\/movepainfree.org\/fr\/#website\",\"url\":\"https:\/\/movepainfree.org\/fr\/\",\"name\":\"Fondation Canadienne d&#039;Orthop\u00e9die\",\"description\":\"Fund-raising Activities Support Research, Education, Community Care\",\"potentialAction\":[{\"@type\":\"SearchAction\",\"target\":{\"@type\":\"EntryPoint\",\"urlTemplate\":\"https:\/\/movepainfree.org\/fr\/?s={search_term_string}\"},\"query-input\":{\"@type\":\"PropertyValueSpecification\",\"valueRequired\":true,\"valueName\":\"search_term_string\"}}],\"inLanguage\":\"fr-FR\"}]}<\/script>\n<!-- \/ Yoast SEO plugin. -->","yoast_head_json":{"title":"R\u00e9tablissement apr\u00e8s une fracture de la hanche - Fondation Canadienne d&#039;Orthop\u00e9die","description":"La Fondation canadienne d'orthop\u00e9die vient en aide aux patients orthop\u00e9diques, aux professionnels de la sant\u00e9 en orthop\u00e9die, ainsi qu'aux personnes qui se pr\u00e9occupent de leur sant\u00e9 et des questions en mati\u00e8re de sant\u00e9 au sein de la collectivit\u00e9, et ce, \u00e0 l'\u00e9gard de la sant\u00e9 des os et des articulations actuelle et \u00e0 venir.","robots":{"index":"index","follow":"follow","max-snippet":"max-snippet:-1","max-image-preview":"max-image-preview:large","max-video-preview":"max-video-preview:-1"},"canonical":"https:\/\/movepainfree.org\/fr\/patient-information-resources\/retablissement-apres-fracture-de-hanche\/","og_locale":"fr_FR","og_type":"article","og_title":"R\u00e9tablissement apr\u00e8s une fracture de la hanche - Fondation Canadienne d&#039;Orthop\u00e9die","og_description":"La Fondation canadienne d'orthop\u00e9die vient en aide aux patients orthop\u00e9diques, aux professionnels de la sant\u00e9 en orthop\u00e9die, ainsi qu'aux personnes qui se pr\u00e9occupent de leur sant\u00e9 et des questions en mati\u00e8re de sant\u00e9 au sein de la collectivit\u00e9, et ce, \u00e0 l'\u00e9gard de la sant\u00e9 des os et des articulations actuelle et \u00e0 venir.","og_url":"https:\/\/movepainfree.org\/fr\/patient-information-resources\/retablissement-apres-fracture-de-hanche\/","og_site_name":"Fondation Canadienne d&#039;Orthop\u00e9die","article_modified_time":"2016-08-17T14:02:04+00:00","twitter_card":"summary_large_image","schema":{"@context":"https:\/\/schema.org","@graph":[{"@type":"WebPage","@id":"https:\/\/movepainfree.org\/fr\/patient-information-resources\/retablissement-apres-fracture-de-hanche\/","url":"https:\/\/movepainfree.org\/fr\/patient-information-resources\/retablissement-apres-fracture-de-hanche\/","name":"R\u00e9tablissement apr\u00e8s une fracture de la hanche - Fondation Canadienne d&#039;Orthop\u00e9die","isPartOf":{"@id":"https:\/\/movepainfree.org\/fr\/#website"},"datePublished":"2016-08-09T16:21:31+00:00","dateModified":"2016-08-17T14:02:04+00:00","description":"La Fondation canadienne d'orthop\u00e9die vient en aide aux patients orthop\u00e9diques, aux professionnels de la sant\u00e9 en orthop\u00e9die, ainsi qu'aux personnes qui se pr\u00e9occupent de leur sant\u00e9 et des questions en mati\u00e8re de sant\u00e9 au sein de la collectivit\u00e9, et ce, \u00e0 l'\u00e9gard de la sant\u00e9 des os et des articulations actuelle et \u00e0 venir.","breadcrumb":{"@id":"https:\/\/movepainfree.org\/fr\/patient-information-resources\/retablissement-apres-fracture-de-hanche\/#breadcrumb"},"inLanguage":"fr-FR","potentialAction":[{"@type":"ReadAction","target":["https:\/\/movepainfree.org\/fr\/patient-information-resources\/retablissement-apres-fracture-de-hanche\/"]}]},{"@type":"BreadcrumbList","@id":"https:\/\/movepainfree.org\/fr\/patient-information-resources\/retablissement-apres-fracture-de-hanche\/#breadcrumb","itemListElement":[{"@type":"ListItem","position":1,"name":"Home","item":"https:\/\/movepainfree.org\/fr\/"},{"@type":"ListItem","position":2,"name":"Ressources informatives pour les patients","item":"https:\/\/movepainfree.org\/fr\/patient-information-resources\/"},{"@type":"ListItem","position":3,"name":"R\u00e9tablissement apr\u00e8s une fracture de la hanche"}]},{"@type":"WebSite","@id":"https:\/\/movepainfree.org\/fr\/#website","url":"https:\/\/movepainfree.org\/fr\/","name":"Fondation Canadienne d&#039;Orthop\u00e9die","description":"Fund-raising Activities Support Research, Education, Community Care","potentialAction":[{"@type":"SearchAction","target":{"@type":"EntryPoint","urlTemplate":"https:\/\/movepainfree.org\/fr\/?s={search_term_string}"},"query-input":{"@type":"PropertyValueSpecification","valueRequired":true,"valueName":"search_term_string"}}],"inLanguage":"fr-FR"}]}},"_links":{"self":[{"href":"https:\/\/movepainfree.org\/fr\/wp-json\/wp\/v2\/pages\/2270","targetHints":{"allow":["GET"]}}],"collection":[{"href":"https:\/\/movepainfree.org\/fr\/wp-json\/wp\/v2\/pages"}],"about":[{"href":"https:\/\/movepainfree.org\/fr\/wp-json\/wp\/v2\/types\/page"}],"author":[{"embeddable":true,"href":"https:\/\/movepainfree.org\/fr\/wp-json\/wp\/v2\/users\/2"}],"replies":[{"embeddable":true,"href":"https:\/\/movepainfree.org\/fr\/wp-json\/wp\/v2\/comments?post=2270"}],"version-history":[{"count":2,"href":"https:\/\/movepainfree.org\/fr\/wp-json\/wp\/v2\/pages\/2270\/revisions"}],"predecessor-version":[{"id":2288,"href":"https:\/\/movepainfree.org\/fr\/wp-json\/wp\/v2\/pages\/2270\/revisions\/2288"}],"up":[{"embeddable":true,"href":"https:\/\/movepainfree.org\/fr\/wp-json\/wp\/v2\/pages\/469"}],"wp:attachment":[{"href":"https:\/\/movepainfree.org\/fr\/wp-json\/wp\/v2\/media?parent=2270"}],"curies":[{"name":"wp","href":"https:\/\/api.w.org\/{rel}","templated":true}]}}