{"id":2168,"date":"2016-05-06T16:07:36","date_gmt":"2016-05-06T16:07:36","guid":{"rendered":"https:\/\/movepainfree.org\/fr\/?page_id=2168"},"modified":"2025-02-13T19:30:51","modified_gmt":"2025-02-13T19:30:51","slug":"temps-dattente","status":"publish","type":"page","link":"https:\/\/movepainfree.org\/fr\/about-orthopaedics\/temps-dattente\/","title":{"rendered":"Sites Web sur les temps d&rsquo;attente"},"content":{"rendered":"<p>Nous regrettons de ne pouvoir vous offrir de conseils sur les interventions ni vous recommander \u00e0 un orthop\u00e9diste. La Loi canadienne sur la sant\u00e9 stipule que seul un m\u00e9decin de famille peut recommander un patient \u00e0 un orthop\u00e9diste.<\/p>\n<h3>Sites Web gouvernementaux sur les temps d&rsquo;attente<\/h3>\n<p><a href=\"https:\/\/www.cihi.ca\/fr\/registre-canadien-des-remplacements-articulaires-rcra\" target=\"_blank\" rel=\"noopener noreferrer\">Registre canadien des remplacements articulaires<br \/>\n<\/a><a href=\"https:\/\/www.cihi.ca\/fr\/sujets\/acces-et-temps-dattente\" target=\"_blank\" rel=\"noopener noreferrer\">Temps d&rsquo;attente<\/a> &#8211;\u00a0D\u00e9lais de r\u00e9f\u00e9rence pour le traitement et tendances relatives aux temps d&rsquo;attente \u00e0 travers le Canada<a href=\"http:\/\/secure.cihi.ca\/cihiweb\/dispPage.jsp?cw_page=services_cjrr_f\" target=\"_blank\" rel=\"noopener noreferrer\"><br \/>\n<\/a><a href=\"http:\/\/www.ahw.gov.ab.ca\/waitlist\/WaitListPublicHome.jsp\" target=\"_blank\" rel=\"noopener noreferrer\">Alberta<\/a>\u00a0(en anglais seulement)<br \/>\n<a href=\"https:\/\/www2.gov.bc.ca\/gov\/content\/health\/accessing-health-care\/surgical-wait-times\" target=\"_blank\" rel=\"noopener noreferrer\">Colombie-Britannique<\/a>\u00a0(en anglais seulement)<br \/>\n<a href=\"https:\/\/www.princeedwardisland.ca\/fr\/information\/sante-i-p-e\/temps-dattente-services-sante\" target=\"_blank\" rel=\"noopener noreferrer\">\u00cele-du-Prince-\u00c9douard<\/a><br \/>\n<a href=\"https:\/\/www.gov.mb.ca\/health\/waittime\/index.fr.html\" target=\"_blank\" rel=\"noopener noreferrer\">Manitoba<\/a><br \/>\n<a href=\"https:\/\/www1.gnb.ca\/0217\/surgicalwaittimes\/index-f.aspx\" target=\"_blank\" rel=\"noopener noreferrer\">Nouveau-Brunswick<\/a><br \/>\n<a href=\"https:\/\/waittimes.novascotia.ca\/\" target=\"_blank\" rel=\"noopener noreferrer\">Nouvelle-\u00c9cosse<\/a>\u00a0(en anglais seulement)<br \/>\n<a href=\"https:\/\/www.ontario.ca\/fr\/page\/temps-dattente-en-ontario\" target=\"_blank\" rel=\"noopener noreferrer\">Ontario<\/a><br \/>\n<a href=\"https:\/\/www.lavalensante.com\/soins-et-services\/liste-des-soins-et-services\/chirurgie\/delais-pour-une-chirurgie\/\" target=\"_blank\" rel=\"noopener\">Qu\u00e9bec<\/a><br \/>\n<a href=\"http:\/\/www.sasksurgery.ca\/patient\/estimate.html\" target=\"_blank\" rel=\"noopener noreferrer\">Saskatchewan<\/a> (en anglais seulement)<br \/>\n<a href=\"http:\/\/www.health.gov.nl.ca\/health\/wait_times\/data.html\" target=\"_blank\" rel=\"noopener noreferrer\">Terre-Neuve-et-Labrador<\/a> (en anglais seulement)<\/p>\n","protected":false},"excerpt":{"rendered":"Nous regrettons de ne pouvoir vous offrir de conseils sur les interventions ni vous recommander \u00e0 un orthop\u00e9diste. La Loi canadienne sur la sant\u00e9 stipule que seul un m\u00e9decin de&#8230; <a class=\"view-article\" href=\"https:\/\/movepainfree.org\/fr\/about-orthopaedics\/temps-dattente\/\">View Article<\/a>","protected":false},"author":2,"featured_media":0,"parent":5,"menu_order":0,"comment_status":"closed","ping_status":"closed","template":"","meta":{"footnotes":""},"class_list":["post-2168","page","type-page","status-publish","hentry"],"yoast_head":"<!-- This site is optimized with the Yoast SEO plugin v27.0 - https:\/\/yoast.com\/product\/yoast-seo-wordpress\/ -->\n<title>Sites Web sur les temps d&#039;attente - Fondation Canadienne d&#039;Orthop\u00e9die<\/title>\n<meta name=\"description\" content=\"La Fondation canadienne d&#039;orthop\u00e9die vient en aide aux patients orthop\u00e9diques, aux professionnels de la sant\u00e9 en orthop\u00e9die, ainsi qu&#039;aux personnes qui se pr\u00e9occupent de leur sant\u00e9 et des questions en mati\u00e8re de sant\u00e9 au sein de la collectivit\u00e9, et ce, \u00e0 l&#039;\u00e9gard de la sant\u00e9 des os et des articulations actuelle et \u00e0 venir.\" \/>\n<meta name=\"robots\" content=\"index, follow, max-snippet:-1, max-image-preview:large, max-video-preview:-1\" \/>\n<link rel=\"canonical\" href=\"https:\/\/movepainfree.org\/fr\/about-orthopaedics\/temps-dattente\/\" \/>\n<meta property=\"og:locale\" content=\"fr_FR\" \/>\n<meta property=\"og:type\" content=\"article\" \/>\n<meta property=\"og:title\" content=\"Sites Web sur les temps d&#039;attente - Fondation Canadienne d&#039;Orthop\u00e9die\" \/>\n<meta property=\"og:description\" content=\"La Fondation canadienne d&#039;orthop\u00e9die vient en aide aux patients orthop\u00e9diques, aux professionnels de la sant\u00e9 en orthop\u00e9die, ainsi qu&#039;aux personnes qui se pr\u00e9occupent de leur sant\u00e9 et des questions en mati\u00e8re de sant\u00e9 au sein de la collectivit\u00e9, et ce, \u00e0 l&#039;\u00e9gard de la sant\u00e9 des os et des articulations actuelle et \u00e0 venir.\" \/>\n<meta property=\"og:url\" content=\"https:\/\/movepainfree.org\/fr\/about-orthopaedics\/temps-dattente\/\" \/>\n<meta property=\"og:site_name\" content=\"Fondation Canadienne d&#039;Orthop\u00e9die\" \/>\n<meta property=\"article:modified_time\" content=\"2025-02-13T19:30:51+00:00\" \/>\n<meta name=\"twitter:card\" content=\"summary_large_image\" \/>\n<meta name=\"twitter:label1\" content=\"Dur\u00e9e de lecture estim\u00e9e\" \/>\n\t<meta name=\"twitter:data1\" content=\"1 minute\" \/>\n<script type=\"application\/ld+json\" class=\"yoast-schema-graph\">{\"@context\":\"https:\/\/schema.org\",\"@graph\":[{\"@type\":\"WebPage\",\"@id\":\"https:\/\/movepainfree.org\/fr\/about-orthopaedics\/temps-dattente\/\",\"url\":\"https:\/\/movepainfree.org\/fr\/about-orthopaedics\/temps-dattente\/\",\"name\":\"Sites Web sur les temps d'attente - Fondation Canadienne d&#039;Orthop\u00e9die\",\"isPartOf\":{\"@id\":\"https:\/\/movepainfree.org\/fr\/#website\"},\"datePublished\":\"2016-05-06T16:07:36+00:00\",\"dateModified\":\"2025-02-13T19:30:51+00:00\",\"description\":\"La Fondation canadienne d'orthop\u00e9die vient en aide aux patients orthop\u00e9diques, aux professionnels de la sant\u00e9 en orthop\u00e9die, ainsi qu'aux personnes qui se pr\u00e9occupent de leur sant\u00e9 et des questions en mati\u00e8re de sant\u00e9 au sein de la collectivit\u00e9, et ce, \u00e0 l'\u00e9gard de la sant\u00e9 des os et des articulations actuelle et \u00e0 venir.\",\"breadcrumb\":{\"@id\":\"https:\/\/movepainfree.org\/fr\/about-orthopaedics\/temps-dattente\/#breadcrumb\"},\"inLanguage\":\"fr-FR\",\"potentialAction\":[{\"@type\":\"ReadAction\",\"target\":[\"https:\/\/movepainfree.org\/fr\/about-orthopaedics\/temps-dattente\/\"]}]},{\"@type\":\"BreadcrumbList\",\"@id\":\"https:\/\/movepainfree.org\/fr\/about-orthopaedics\/temps-dattente\/#breadcrumb\",\"itemListElement\":[{\"@type\":\"ListItem\",\"position\":1,\"name\":\"Home\",\"item\":\"https:\/\/movepainfree.org\/fr\/\"},{\"@type\":\"ListItem\",\"position\":2,\"name\":\"\u00c0 propos des os et articulations\",\"item\":\"https:\/\/movepainfree.org\/fr\/about-orthopaedics\/\"},{\"@type\":\"ListItem\",\"position\":3,\"name\":\"Sites Web sur les temps d&rsquo;attente\"}]},{\"@type\":\"WebSite\",\"@id\":\"https:\/\/movepainfree.org\/fr\/#website\",\"url\":\"https:\/\/movepainfree.org\/fr\/\",\"name\":\"Fondation Canadienne d&#039;Orthop\u00e9die\",\"description\":\"Fund-raising Activities Support Research, Education, Community Care\",\"potentialAction\":[{\"@type\":\"SearchAction\",\"target\":{\"@type\":\"EntryPoint\",\"urlTemplate\":\"https:\/\/movepainfree.org\/fr\/?s={search_term_string}\"},\"query-input\":{\"@type\":\"PropertyValueSpecification\",\"valueRequired\":true,\"valueName\":\"search_term_string\"}}],\"inLanguage\":\"fr-FR\"}]}<\/script>\n<!-- \/ Yoast SEO plugin. -->","yoast_head_json":{"title":"Sites Web sur les temps d'attente - Fondation Canadienne d&#039;Orthop\u00e9die","description":"La Fondation canadienne d'orthop\u00e9die vient en aide aux patients orthop\u00e9diques, aux professionnels de la sant\u00e9 en orthop\u00e9die, ainsi qu'aux personnes qui se pr\u00e9occupent de leur sant\u00e9 et des questions en mati\u00e8re de sant\u00e9 au sein de la collectivit\u00e9, et ce, \u00e0 l'\u00e9gard de la sant\u00e9 des os et des articulations actuelle et \u00e0 venir.","robots":{"index":"index","follow":"follow","max-snippet":"max-snippet:-1","max-image-preview":"max-image-preview:large","max-video-preview":"max-video-preview:-1"},"canonical":"https:\/\/movepainfree.org\/fr\/about-orthopaedics\/temps-dattente\/","og_locale":"fr_FR","og_type":"article","og_title":"Sites Web sur les temps d'attente - Fondation Canadienne d&#039;Orthop\u00e9die","og_description":"La Fondation canadienne d'orthop\u00e9die vient en aide aux patients orthop\u00e9diques, aux professionnels de la sant\u00e9 en orthop\u00e9die, ainsi qu'aux personnes qui se pr\u00e9occupent de leur sant\u00e9 et des questions en mati\u00e8re de sant\u00e9 au sein de la collectivit\u00e9, et ce, \u00e0 l'\u00e9gard de la sant\u00e9 des os et des articulations actuelle et \u00e0 venir.","og_url":"https:\/\/movepainfree.org\/fr\/about-orthopaedics\/temps-dattente\/","og_site_name":"Fondation Canadienne d&#039;Orthop\u00e9die","article_modified_time":"2025-02-13T19:30:51+00:00","twitter_card":"summary_large_image","twitter_misc":{"Dur\u00e9e de lecture estim\u00e9e":"1 minute"},"schema":{"@context":"https:\/\/schema.org","@graph":[{"@type":"WebPage","@id":"https:\/\/movepainfree.org\/fr\/about-orthopaedics\/temps-dattente\/","url":"https:\/\/movepainfree.org\/fr\/about-orthopaedics\/temps-dattente\/","name":"Sites Web sur les temps d'attente - Fondation Canadienne d&#039;Orthop\u00e9die","isPartOf":{"@id":"https:\/\/movepainfree.org\/fr\/#website"},"datePublished":"2016-05-06T16:07:36+00:00","dateModified":"2025-02-13T19:30:51+00:00","description":"La Fondation canadienne d'orthop\u00e9die vient en aide aux patients orthop\u00e9diques, aux professionnels de la sant\u00e9 en orthop\u00e9die, ainsi qu'aux personnes qui se pr\u00e9occupent de leur sant\u00e9 et des questions en mati\u00e8re de sant\u00e9 au sein de la collectivit\u00e9, et ce, \u00e0 l'\u00e9gard de la sant\u00e9 des os et des articulations actuelle et \u00e0 venir.","breadcrumb":{"@id":"https:\/\/movepainfree.org\/fr\/about-orthopaedics\/temps-dattente\/#breadcrumb"},"inLanguage":"fr-FR","potentialAction":[{"@type":"ReadAction","target":["https:\/\/movepainfree.org\/fr\/about-orthopaedics\/temps-dattente\/"]}]},{"@type":"BreadcrumbList","@id":"https:\/\/movepainfree.org\/fr\/about-orthopaedics\/temps-dattente\/#breadcrumb","itemListElement":[{"@type":"ListItem","position":1,"name":"Home","item":"https:\/\/movepainfree.org\/fr\/"},{"@type":"ListItem","position":2,"name":"\u00c0 propos des os et articulations","item":"https:\/\/movepainfree.org\/fr\/about-orthopaedics\/"},{"@type":"ListItem","position":3,"name":"Sites Web sur les temps d&rsquo;attente"}]},{"@type":"WebSite","@id":"https:\/\/movepainfree.org\/fr\/#website","url":"https:\/\/movepainfree.org\/fr\/","name":"Fondation Canadienne d&#039;Orthop\u00e9die","description":"Fund-raising Activities Support Research, Education, Community Care","potentialAction":[{"@type":"SearchAction","target":{"@type":"EntryPoint","urlTemplate":"https:\/\/movepainfree.org\/fr\/?s={search_term_string}"},"query-input":{"@type":"PropertyValueSpecification","valueRequired":true,"valueName":"search_term_string"}}],"inLanguage":"fr-FR"}]}},"_links":{"self":[{"href":"https:\/\/movepainfree.org\/fr\/wp-json\/wp\/v2\/pages\/2168","targetHints":{"allow":["GET"]}}],"collection":[{"href":"https:\/\/movepainfree.org\/fr\/wp-json\/wp\/v2\/pages"}],"about":[{"href":"https:\/\/movepainfree.org\/fr\/wp-json\/wp\/v2\/types\/page"}],"author":[{"embeddable":true,"href":"https:\/\/movepainfree.org\/fr\/wp-json\/wp\/v2\/users\/2"}],"replies":[{"embeddable":true,"href":"https:\/\/movepainfree.org\/fr\/wp-json\/wp\/v2\/comments?post=2168"}],"version-history":[{"count":7,"href":"https:\/\/movepainfree.org\/fr\/wp-json\/wp\/v2\/pages\/2168\/revisions"}],"predecessor-version":[{"id":4701,"href":"https:\/\/movepainfree.org\/fr\/wp-json\/wp\/v2\/pages\/2168\/revisions\/4701"}],"up":[{"embeddable":true,"href":"https:\/\/movepainfree.org\/fr\/wp-json\/wp\/v2\/pages\/5"}],"wp:attachment":[{"href":"https:\/\/movepainfree.org\/fr\/wp-json\/wp\/v2\/media?parent=2168"}],"curies":[{"name":"wp","href":"https:\/\/api.w.org\/{rel}","templated":true}]}}