{"id":2162,"date":"2016-05-06T15:35:29","date_gmt":"2016-05-06T15:35:29","guid":{"rendered":"https:\/\/movepainfree.org\/fr\/?page_id=2162"},"modified":"2016-05-06T15:46:12","modified_gmt":"2016-05-06T15:46:12","slug":"notre-president-dhonneur","status":"publish","type":"page","link":"https:\/\/movepainfree.org\/fr\/about-us\/notre-president-dhonneur\/","title":{"rendered":"Notre pr\u00e9sident d\u2019honneur : le Dr. Marvin Tile"},"content":{"rendered":"<p><strong>Le D<sup>r<\/sup> Marvin Tile s\u2019associe \u00e0 la Fondation Canadienne d\u2019Orthop\u00e9die afin de soutenir la campagne<\/strong> <strong><em>Misons sur une vie sans douleur<\/em><\/strong><\/p>\n<p>La Fondation Canadienne d\u2019Orthop\u00e9die a un nouveau pr\u00e9sident d\u2019honneur\u00a0: le D<sup>r<\/sup> Marvin Tile, CM, MD, FRCSC, appuie sa campagne <em>Misons sur une vie sans douleur<\/em> qui vise \u00e0 recueillir des sommes importantes pour \u00e9tendre la port\u00e9e de ses programmes de financement de la recherche et maintenir ses excellents programmes de sensibilisation et de soins aux patients.<\/p>\n<p><img loading=\"lazy\" decoding=\"async\" width=\"240\" height=\"360\" class=\"size-full wp-image-2155 alignleft\" src=\"https:\/\/movepainfree.org\/fr\/wp-content\/uploads\/sites\/3\/M-Tile-2.jpg\" sizes=\"auto, (max-width: 240px) 100vw, 240px\" srcset=\"https:\/\/movepainfree.org\/fr\/wp-content\/uploads\/sites\/3\/M-Tile-2-120x180.jpg 120w, https:\/\/movepainfree.org\/fr\/wp-content\/uploads\/sites\/3\/M-Tile-2.jpg 240w\" alt=\"M Tile 2\" \/>Le D<sup>r<\/sup>\u00a0Tile, professeur en chirurgie (honoraire) \u00e0 l\u2019Universit\u00e9 de Toronto et orthop\u00e9diste au Sunnybrook Health Sciences Centre\u00a0(SHSC), est une sommit\u00e9 mondiale en mati\u00e8re d\u2019orthop\u00e9die traumatologique, et plus particuli\u00e8rement en traitement des fractures pelviennes.<\/p>\n<p>Membre du corps chirurgical du SHSC depuis 1966, le D<sup>r\u00a0<\/sup>Tile y est nomm\u00e9 chef de la division de la chirurgie orthop\u00e9dique en 1971. Il joue un r\u00f4le cl\u00e9 dans la cr\u00e9ation de l\u2019unit\u00e9 de traumatologie de l\u2019\u00e9tablissement qui, en plus d\u2019\u00eatre la premi\u00e8re et la plus imposante au pays encore aujourd\u2019hui, jouit d\u2019une renomm\u00e9e mondiale. De 1985 \u00e0 1996, il en est le chirurgien en chef. Il pr\u00e9side la fondation du SHSC de 1996 \u00e0 2002.<\/p>\n<p>Le D<sup>r<\/sup> Tile est un auteur prolifique, un conf\u00e9rencier tr\u00e8s actif dans les universit\u00e9s, coll\u00e8ges et colloques du pays et \u00e0 l\u2019\u00e9tranger, en plus d\u2019avoir form\u00e9 des fellows qui sont aujourd\u2019hui des dirigeants respect\u00e9s de services d\u2019orthop\u00e9die traumatologique partout dans le monde.<\/p>\n<p>Il est pr\u00e9sident du comit\u00e9 d\u2019examen en chirurgie orthop\u00e9dique du Coll\u00e8ge royal des m\u00e9decins et chirurgiens du\u00a0Canada et a \u00e9t\u00e9 pr\u00e9sident-fondateur de l\u2019Ontario Orthopaedic Association\u00a0(OOA), pr\u00e9sident de l\u2019Assocation Canadienne d\u2019Orthop\u00e9die, pr\u00e9sident de l\u2019International Society for Surgery of the Lumbar Spine et pr\u00e9sident de la Fondation de l\u2019Association for Osteosynthesis\/Association for the Study of Internal Fixation\u00a0(AO\/ASIF), un organisme \u00e9tabli en Suisse qui se consacre \u00e0 la recherche et \u00e0 la formation en mati\u00e8re de traumatologie et de fractures.<\/p>\n<p>Le D<sup>r<\/sup>\u00a0Tile est un philanthrope des plus dynamiques; il a pr\u00e9sid\u00e9 la fondation du SHSC et son conseil d\u2019administration, de m\u00eame que la fondation du Holy Blossom Temple. Parmi les nombreuses r\u00e9compenses qu\u2019il a re\u00e7ues, mentionnons la M\u00e9daille du jubil\u00e9 de la Reine Elizabeth II et le prestigieux Ordre du Canada, plus grande distinction accord\u00e9e \u00e0 un civil canadien.<\/p>\n<p>Mais le D<sup>r<\/sup> Tile est surtout fier de ses 62\u00a0ans de mariage et de sa famille imm\u00e9diate. Son \u00e9pouse, Esther, et lui sont des amis de longue date de la Fondation Canadienne d\u2019Orthop\u00e9die. Le couple a jou\u00e9 un r\u00f4le majeur dans la cr\u00e9ation de la campagne <em>Hip Hip Hourra!<\/em> C\u2019est m\u00eame Esther qui a propos\u00e9 ce nom pour la campagne de financement phare de la Fondation.<\/p>\n<p>Et la campagne <em>Misons sur une vie sans douleur<\/em> vient s\u2019y ajouter. \u00c0 la demande des membres de l\u2019ACO, la Fondation mise davantage sur la recherche et souhaite offrir des programmes de port\u00e9e accrue.<\/p>\n<p>\u00ab\u00a0On trouve au Canada certains des chercheurs les plus brillants et accomplis dans le monde, des chercheurs dont les id\u00e9es peuvent permettre de grandes innovations en chirurgie de m\u00eame que dans les soins en orthop\u00e9die, affirme le D<sup>r<\/sup>\u00a0Tile. En tant qu\u2019orthop\u00e9distes, nous avons le devoir d\u2019investir dans la recherche.\u00a0\u00bb<\/p>\n<p>Les vis\u00e9es de la Fondation sont grandes\u00a0: en plus de maintenir les programmes de financement de la recherche actuels, dont le programme de l\u2019H\u00e9ritage de la recherche orthop\u00e9dique au Canada\u00a0(HROC) et le Prix J.-\u00c9douard-Samson, et d\u2019en accro\u00eetre la port\u00e9e, elle souhaite en offrir de nouveaux. Il s\u2019agira plus particuli\u00e8rement de bourses de recherche et d\u2019\u00e9tudes visant \u00e0 souligner et soutenir le travail de chercheurs en orthop\u00e9die et de figures de proue du milieu au pays. Un aper\u00e7u des nouveaux programmes de financement est fourni dans l\u2019encadr\u00e9.<\/p>\n<p>\u00ab\u00a0La Fondation Canadienne d\u2019Orthop\u00e9die est bien plac\u00e9e pour faire progresser la recherche en orthop\u00e9die et r\u00e9compenser les orthop\u00e9distes au pays, explique le D<sup>r<\/sup> Tile. Cela dit, elle doit maintenir ses investissements limit\u00e9s dans les programmes de sensibilisation des patients et de soins. Tous ces volets doivent \u00eatre financ\u00e9s, et c\u2019est par un investissement accru des orthop\u00e9distes que la Fondation poursuivra sa croissance.\u00a0\u00bb<\/p>\n<p>Il est \u00e9vident que la recherche ne s\u2019effectue jamais en vase clos; afin d\u2019exploiter le volet de la recherche essentiel \u00e0 sa r\u00e9ussite, la Fondation doit assumer les co\u00fbts administratifs, ce qui comprend la gestion de son site Web, o\u00f9 elle annonce les bourses et prix remis, l\u2019investissement dans les banques de donn\u00e9es n\u00e9cessaires \u00e0 la consignation des donn\u00e9es de nombreux chercheurs, donateurs et amis de la Fondation, et la pr\u00e9sence de la Fondation aux diverses manifestations du milieu orthop\u00e9dique. Tout cela a un prix. En tant qu\u2019organisme de bienfaisance, la Fondation doit aussi assumer des co\u00fbts suppl\u00e9mentaires, tels que l\u2019audit annuel exig\u00e9 par l\u2019Agence du revenu du Canada, en plus des frais fixes associ\u00e9s \u00e0 l\u2019\u00e9mission de re\u00e7us pour fins d\u2019imp\u00f4t. L\u2019effectif r\u00e9duit de la Fondation, compos\u00e9 de professionnels qui \u00e9liminent les frais de bureau en fonctionnant au sein d\u2019une structure virtuelle, veille \u00e0 la prestation ad\u00e9quate et \u00e9conomique des programmes. Le conseil d\u2019administration s\u2019assure quant \u00e0 lui qu\u2019on minimise les co\u00fbts.<\/p>\n<p>Le D<sup>r<\/sup> Robert Salter a \u00e9t\u00e9 le premier pr\u00e9sident d\u2019honneur de la Fondation et un contributeur cl\u00e9 dans la cr\u00e9ation du programme du HROC.<\/p>\n<p>Il faut investir dans la capacit\u00e9 d\u2019innover des chercheurs canadiens. Il faut que les orthop\u00e9distes appuient leur Fondation.<\/p>\n<p>\u00ab\u00a0J\u2019invite tous les orthop\u00e9distes \u00e0 agir en appuyant la Fondation Canadienne d\u2019Orthop\u00e9die, d\u00e9clare le D<sup>r<\/sup> Tile. En travaillant ensemble, nous ne pouvons que r\u00e9ussir \u00e0 faire de la Fondation un organisme dynamique de qualit\u00e9 mondiale dont nous pouvons \u00eatre fiers.\u00a0\u00bb<\/p>\n<p><em>Pour de plus amples renseignements sur les programmes de recherche ou la campagne <\/em>Misons sur une vie sans douleur<em> de la Fondation Canadienne d\u2019Orthop\u00e9die, communiquez avec Isla\u00a0Horvath, \u00e0 <a href=\"mailto:cofas@canorth.org\">isla@canorth.org<\/a>. <\/em><\/p>\n","protected":false},"excerpt":{"rendered":"Le Dr Marvin Tile s\u2019associe \u00e0 la Fondation Canadienne d\u2019Orthop\u00e9die afin de soutenir la campagne Misons sur une vie sans douleur La Fondation Canadienne d\u2019Orthop\u00e9die a un nouveau pr\u00e9sident d\u2019honneur\u00a0:&#8230; <a class=\"view-article\" href=\"https:\/\/movepainfree.org\/fr\/about-us\/notre-president-dhonneur\/\">View Article<\/a>","protected":false},"author":2,"featured_media":0,"parent":43,"menu_order":5,"comment_status":"closed","ping_status":"closed","template":"","meta":{"footnotes":""},"class_list":["post-2162","page","type-page","status-publish","hentry"],"yoast_head":"<!-- This site is optimized with the Yoast SEO plugin v27.0 - https:\/\/yoast.com\/product\/yoast-seo-wordpress\/ -->\n<title>Notre pr\u00e9sident d\u2019honneur : le Dr. Marvin Tile - Fondation Canadienne d&#039;Orthop\u00e9die<\/title>\n<meta name=\"description\" content=\"La Fondation canadienne d&#039;orthop\u00e9die vient en aide aux patients orthop\u00e9diques, aux professionnels de la sant\u00e9 en orthop\u00e9die, ainsi qu&#039;aux personnes qui se pr\u00e9occupent de leur sant\u00e9 et des questions en mati\u00e8re de sant\u00e9 au sein de la collectivit\u00e9, et ce, \u00e0 l&#039;\u00e9gard de la sant\u00e9 des os et des articulations actuelle et \u00e0 venir.\" \/>\n<meta name=\"robots\" content=\"index, follow, max-snippet:-1, max-image-preview:large, max-video-preview:-1\" \/>\n<link rel=\"canonical\" href=\"https:\/\/movepainfree.org\/fr\/about-us\/notre-president-dhonneur\/\" \/>\n<meta property=\"og:locale\" content=\"fr_FR\" \/>\n<meta property=\"og:type\" content=\"article\" \/>\n<meta property=\"og:title\" content=\"Notre pr\u00e9sident d\u2019honneur : le Dr. Marvin Tile - Fondation Canadienne d&#039;Orthop\u00e9die\" \/>\n<meta property=\"og:description\" content=\"La Fondation canadienne d&#039;orthop\u00e9die vient en aide aux patients orthop\u00e9diques, aux professionnels de la sant\u00e9 en orthop\u00e9die, ainsi qu&#039;aux personnes qui se pr\u00e9occupent de leur sant\u00e9 et des questions en mati\u00e8re de sant\u00e9 au sein de la collectivit\u00e9, et ce, \u00e0 l&#039;\u00e9gard de la sant\u00e9 des os et des articulations actuelle et \u00e0 venir.\" \/>\n<meta property=\"og:url\" content=\"https:\/\/movepainfree.org\/fr\/about-us\/notre-president-dhonneur\/\" \/>\n<meta property=\"og:site_name\" content=\"Fondation Canadienne d&#039;Orthop\u00e9die\" \/>\n<meta property=\"article:modified_time\" content=\"2016-05-06T15:46:12+00:00\" \/>\n<meta property=\"og:image\" content=\"https:\/\/movepainfree.org\/fr\/wp-content\/uploads\/sites\/3\/M-Tile-2.jpg\" \/>\n<meta name=\"twitter:card\" content=\"summary_large_image\" \/>\n<meta name=\"twitter:label1\" content=\"Dur\u00e9e de lecture estim\u00e9e\" \/>\n\t<meta name=\"twitter:data1\" content=\"5 minutes\" \/>\n<script type=\"application\/ld+json\" class=\"yoast-schema-graph\">{\"@context\":\"https:\/\/schema.org\",\"@graph\":[{\"@type\":\"WebPage\",\"@id\":\"https:\/\/movepainfree.org\/fr\/about-us\/notre-president-dhonneur\/\",\"url\":\"https:\/\/movepainfree.org\/fr\/about-us\/notre-president-dhonneur\/\",\"name\":\"Notre pr\u00e9sident d\u2019honneur : le Dr. Marvin Tile - Fondation Canadienne d&#039;Orthop\u00e9die\",\"isPartOf\":{\"@id\":\"https:\/\/movepainfree.org\/fr\/#website\"},\"primaryImageOfPage\":{\"@id\":\"https:\/\/movepainfree.org\/fr\/about-us\/notre-president-dhonneur\/#primaryimage\"},\"image\":{\"@id\":\"https:\/\/movepainfree.org\/fr\/about-us\/notre-president-dhonneur\/#primaryimage\"},\"thumbnailUrl\":\"https:\/\/movepainfree.org\/fr\/wp-content\/uploads\/sites\/3\/M-Tile-2.jpg\",\"datePublished\":\"2016-05-06T15:35:29+00:00\",\"dateModified\":\"2016-05-06T15:46:12+00:00\",\"description\":\"La Fondation canadienne d'orthop\u00e9die vient en aide aux patients orthop\u00e9diques, aux professionnels de la sant\u00e9 en orthop\u00e9die, ainsi qu'aux personnes qui se pr\u00e9occupent de leur sant\u00e9 et des questions en mati\u00e8re de sant\u00e9 au sein de la collectivit\u00e9, et ce, \u00e0 l'\u00e9gard de la sant\u00e9 des os et des articulations actuelle et \u00e0 venir.\",\"breadcrumb\":{\"@id\":\"https:\/\/movepainfree.org\/fr\/about-us\/notre-president-dhonneur\/#breadcrumb\"},\"inLanguage\":\"fr-FR\",\"potentialAction\":[{\"@type\":\"ReadAction\",\"target\":[\"https:\/\/movepainfree.org\/fr\/about-us\/notre-president-dhonneur\/\"]}]},{\"@type\":\"ImageObject\",\"inLanguage\":\"fr-FR\",\"@id\":\"https:\/\/movepainfree.org\/fr\/about-us\/notre-president-dhonneur\/#primaryimage\",\"url\":\"https:\/\/movepainfree.org\/fr\/wp-content\/uploads\/sites\/3\/M-Tile-2.jpg\",\"contentUrl\":\"https:\/\/movepainfree.org\/fr\/wp-content\/uploads\/sites\/3\/M-Tile-2.jpg\",\"width\":240,\"height\":360},{\"@type\":\"BreadcrumbList\",\"@id\":\"https:\/\/movepainfree.org\/fr\/about-us\/notre-president-dhonneur\/#breadcrumb\",\"itemListElement\":[{\"@type\":\"ListItem\",\"position\":1,\"name\":\"Home\",\"item\":\"https:\/\/movepainfree.org\/fr\/\"},{\"@type\":\"ListItem\",\"position\":2,\"name\":\"\u00c0 propos de nous\",\"item\":\"https:\/\/movepainfree.org\/fr\/about-us\/\"},{\"@type\":\"ListItem\",\"position\":3,\"name\":\"Notre pr\u00e9sident d\u2019honneur : le Dr. Marvin Tile\"}]},{\"@type\":\"WebSite\",\"@id\":\"https:\/\/movepainfree.org\/fr\/#website\",\"url\":\"https:\/\/movepainfree.org\/fr\/\",\"name\":\"Fondation Canadienne d&#039;Orthop\u00e9die\",\"description\":\"Fund-raising Activities Support Research, Education, Community Care\",\"potentialAction\":[{\"@type\":\"SearchAction\",\"target\":{\"@type\":\"EntryPoint\",\"urlTemplate\":\"https:\/\/movepainfree.org\/fr\/?s={search_term_string}\"},\"query-input\":{\"@type\":\"PropertyValueSpecification\",\"valueRequired\":true,\"valueName\":\"search_term_string\"}}],\"inLanguage\":\"fr-FR\"}]}<\/script>\n<!-- \/ Yoast SEO plugin. -->","yoast_head_json":{"title":"Notre pr\u00e9sident d\u2019honneur : le Dr. Marvin Tile - Fondation Canadienne d&#039;Orthop\u00e9die","description":"La Fondation canadienne d'orthop\u00e9die vient en aide aux patients orthop\u00e9diques, aux professionnels de la sant\u00e9 en orthop\u00e9die, ainsi qu'aux personnes qui se pr\u00e9occupent de leur sant\u00e9 et des questions en mati\u00e8re de sant\u00e9 au sein de la collectivit\u00e9, et ce, \u00e0 l'\u00e9gard de la sant\u00e9 des os et des articulations actuelle et \u00e0 venir.","robots":{"index":"index","follow":"follow","max-snippet":"max-snippet:-1","max-image-preview":"max-image-preview:large","max-video-preview":"max-video-preview:-1"},"canonical":"https:\/\/movepainfree.org\/fr\/about-us\/notre-president-dhonneur\/","og_locale":"fr_FR","og_type":"article","og_title":"Notre pr\u00e9sident d\u2019honneur : le Dr. Marvin Tile - Fondation Canadienne d&#039;Orthop\u00e9die","og_description":"La Fondation canadienne d'orthop\u00e9die vient en aide aux patients orthop\u00e9diques, aux professionnels de la sant\u00e9 en orthop\u00e9die, ainsi qu'aux personnes qui se pr\u00e9occupent de leur sant\u00e9 et des questions en mati\u00e8re de sant\u00e9 au sein de la collectivit\u00e9, et ce, \u00e0 l'\u00e9gard de la sant\u00e9 des os et des articulations actuelle et \u00e0 venir.","og_url":"https:\/\/movepainfree.org\/fr\/about-us\/notre-president-dhonneur\/","og_site_name":"Fondation Canadienne d&#039;Orthop\u00e9die","article_modified_time":"2016-05-06T15:46:12+00:00","og_image":[{"url":"https:\/\/movepainfree.org\/fr\/wp-content\/uploads\/sites\/3\/M-Tile-2.jpg","type":"","width":"","height":""}],"twitter_card":"summary_large_image","twitter_misc":{"Dur\u00e9e de lecture estim\u00e9e":"5 minutes"},"schema":{"@context":"https:\/\/schema.org","@graph":[{"@type":"WebPage","@id":"https:\/\/movepainfree.org\/fr\/about-us\/notre-president-dhonneur\/","url":"https:\/\/movepainfree.org\/fr\/about-us\/notre-president-dhonneur\/","name":"Notre pr\u00e9sident d\u2019honneur : le Dr. Marvin Tile - Fondation Canadienne d&#039;Orthop\u00e9die","isPartOf":{"@id":"https:\/\/movepainfree.org\/fr\/#website"},"primaryImageOfPage":{"@id":"https:\/\/movepainfree.org\/fr\/about-us\/notre-president-dhonneur\/#primaryimage"},"image":{"@id":"https:\/\/movepainfree.org\/fr\/about-us\/notre-president-dhonneur\/#primaryimage"},"thumbnailUrl":"https:\/\/movepainfree.org\/fr\/wp-content\/uploads\/sites\/3\/M-Tile-2.jpg","datePublished":"2016-05-06T15:35:29+00:00","dateModified":"2016-05-06T15:46:12+00:00","description":"La Fondation canadienne d'orthop\u00e9die vient en aide aux patients orthop\u00e9diques, aux professionnels de la sant\u00e9 en orthop\u00e9die, ainsi qu'aux personnes qui se pr\u00e9occupent de leur sant\u00e9 et des questions en mati\u00e8re de sant\u00e9 au sein de la collectivit\u00e9, et ce, \u00e0 l'\u00e9gard de la sant\u00e9 des os et des articulations actuelle et \u00e0 venir.","breadcrumb":{"@id":"https:\/\/movepainfree.org\/fr\/about-us\/notre-president-dhonneur\/#breadcrumb"},"inLanguage":"fr-FR","potentialAction":[{"@type":"ReadAction","target":["https:\/\/movepainfree.org\/fr\/about-us\/notre-president-dhonneur\/"]}]},{"@type":"ImageObject","inLanguage":"fr-FR","@id":"https:\/\/movepainfree.org\/fr\/about-us\/notre-president-dhonneur\/#primaryimage","url":"https:\/\/movepainfree.org\/fr\/wp-content\/uploads\/sites\/3\/M-Tile-2.jpg","contentUrl":"https:\/\/movepainfree.org\/fr\/wp-content\/uploads\/sites\/3\/M-Tile-2.jpg","width":240,"height":360},{"@type":"BreadcrumbList","@id":"https:\/\/movepainfree.org\/fr\/about-us\/notre-president-dhonneur\/#breadcrumb","itemListElement":[{"@type":"ListItem","position":1,"name":"Home","item":"https:\/\/movepainfree.org\/fr\/"},{"@type":"ListItem","position":2,"name":"\u00c0 propos de nous","item":"https:\/\/movepainfree.org\/fr\/about-us\/"},{"@type":"ListItem","position":3,"name":"Notre pr\u00e9sident d\u2019honneur : le Dr. Marvin Tile"}]},{"@type":"WebSite","@id":"https:\/\/movepainfree.org\/fr\/#website","url":"https:\/\/movepainfree.org\/fr\/","name":"Fondation Canadienne d&#039;Orthop\u00e9die","description":"Fund-raising Activities Support Research, Education, Community Care","potentialAction":[{"@type":"SearchAction","target":{"@type":"EntryPoint","urlTemplate":"https:\/\/movepainfree.org\/fr\/?s={search_term_string}"},"query-input":{"@type":"PropertyValueSpecification","valueRequired":true,"valueName":"search_term_string"}}],"inLanguage":"fr-FR"}]}},"_links":{"self":[{"href":"https:\/\/movepainfree.org\/fr\/wp-json\/wp\/v2\/pages\/2162","targetHints":{"allow":["GET"]}}],"collection":[{"href":"https:\/\/movepainfree.org\/fr\/wp-json\/wp\/v2\/pages"}],"about":[{"href":"https:\/\/movepainfree.org\/fr\/wp-json\/wp\/v2\/types\/page"}],"author":[{"embeddable":true,"href":"https:\/\/movepainfree.org\/fr\/wp-json\/wp\/v2\/users\/2"}],"replies":[{"embeddable":true,"href":"https:\/\/movepainfree.org\/fr\/wp-json\/wp\/v2\/comments?post=2162"}],"version-history":[{"count":2,"href":"https:\/\/movepainfree.org\/fr\/wp-json\/wp\/v2\/pages\/2162\/revisions"}],"predecessor-version":[{"id":2167,"href":"https:\/\/movepainfree.org\/fr\/wp-json\/wp\/v2\/pages\/2162\/revisions\/2167"}],"up":[{"embeddable":true,"href":"https:\/\/movepainfree.org\/fr\/wp-json\/wp\/v2\/pages\/43"}],"wp:attachment":[{"href":"https:\/\/movepainfree.org\/fr\/wp-json\/wp\/v2\/media?parent=2162"}],"curies":[{"name":"wp","href":"https:\/\/api.w.org\/{rel}","templated":true}]}}