{"id":1852,"date":"2015-07-20T21:02:40","date_gmt":"2015-07-20T21:02:40","guid":{"rendered":"https:\/\/movepainfree.org\/fr\/?page_id=1852"},"modified":"2015-12-15T20:14:43","modified_gmt":"2015-12-15T20:14:43","slug":"dysplasie-de-la-hanche","status":"publish","type":"page","link":"https:\/\/movepainfree.org\/fr\/about-orthopaedics\/joint-anatomy\/hip\/dysplasie-de-la-hanche\/","title":{"rendered":"Dysplasie de la Hanche"},"content":{"rendered":"<p>La dysplasie de la hanche (de \u00ab\u00a0dys\u00a0\u00bb, pour malformation ou anomalie, et \u00ab\u00a0plasie\u00a0\u00bb, qui se rapporte \u00e0 la formation du tissu) est un terme g\u00e9n\u00e9ral qui englobe toute une s\u00e9rie de conditions reli\u00e9es caract\u00e9ris\u00e9es par la d\u00e9formation de l&rsquo;articulation de la hanche. La dysplasie de la hanche touche principalement les nouveaux n\u00e9s et les jeunes enfants, bien que ses sympt\u00f4mes puissent se manifester \u00e0 un \u00e2ge beaucoup plus avanc\u00e9. La condition peut aller d&rsquo;une l\u00e9g\u00e8re laxit\u00e9 de la cavit\u00e9 articulaire jusqu&rsquo;\u00e0 la luxation compl\u00e8te de l&rsquo;articulation de la hanche. Pour plus d&rsquo;information sur l&rsquo;articulation de la hanche, aller \u00e0\u00a0\u00a0<a href=\"https:\/\/movepainfree.org\/fr\/about-orthopaedics\/joint-anatomy\/hip\/\">Hanche\u00a0Anatomie<\/a>.<\/p>\n<h2>Signes et sympt\u00f4mes<\/h2>\n<p>La dysplasie de la hanche \u00e9tait d\u00e9j\u00e0 connue au temps d&rsquo;Hippocrate. Des descriptions de cette condition, traditionnellement connue sous le nom de dysplasie cong\u00e9nitale de la hanche (DCH) (pr\u00e9sente \u00e0 la naissance), ont \u00e9t\u00e9 \u00e9tablies d\u00e8s les quatri\u00e8me et cinqui\u00e8me si\u00e8cles avant J.-C. Toutefois, le diagnostic de la condition n&rsquo;est pas toujours pos\u00e9 \u00e0 la naissance. Il arrive que la dysplasie de hanche se manifeste chez l&rsquo;enfant plus \u00e2g\u00e9, l&rsquo;adolescent et m\u00eame l&rsquo;adulte. Le cas \u00e9ch\u00e9ant, on parle alors de dysplasie de croissance de la hanche (DCH).<\/p>\n<p>La DCH est un terme g\u00e9n\u00e9ral, qui englobe toutes les anomalies de croissance de la hanche. Lorsqu&rsquo;il s&rsquo;agit de dysplasie ac\u00e9tabulaire, soit la forme la plus b\u00e9nigne de cette condition, le cotyle de la hanche (ac\u00e9tabulum) est sous-d\u00e9velopp\u00e9 et moins profond que la normale, ce qui peut provoquer de la laxit\u00e9 articulaire et, dans certains cas, acc\u00e9l\u00e9rer l&rsquo;usure articulaire. La hanche subluxable est moins stable; une faible force suffit pour faire sortir partiellement la t\u00eate f\u00e9morale du cotyle. La hanche dislocable est instable; la t\u00eate f\u00e9morale peut \u00eatre sortie enti\u00e8rement du cotyle, puis rentr\u00e9e (\u00ab\u00a0r\u00e9duction\u00a0\u00bb) en ex\u00e9cutant la man\u0153uvre inverse. La forme la plus grave de DCH est la hanche disloqu\u00e9e\u00a0: la t\u00eate f\u00e9morale est enti\u00e8rement s\u00e9par\u00e9e du cotyle et, dans certains cas, ne peut \u00eatre rentr\u00e9e par une man\u0153uvre de r\u00e9duction manuelle.<\/p>\n<p><a href=\"https:\/\/movepainfree.org\/fr\/wp-content\/uploads\/sites\/3\/Hanche-Normale.jpg\"><img loading=\"lazy\" decoding=\"async\" width=\"250\" height=\"92\" class=\"size-medium wp-image-2010 alignleft\" src=\"https:\/\/movepainfree.org\/fr\/wp-content\/uploads\/sites\/3\/Hanche-Normale-250x92.jpg\" alt=\"Hanche Normale\" srcset=\"https:\/\/movepainfree.org\/fr\/wp-content\/uploads\/sites\/3\/Hanche-Normale-250x92.jpg 250w, https:\/\/movepainfree.org\/fr\/wp-content\/uploads\/sites\/3\/Hanche-Normale-700x258.jpg 700w, https:\/\/movepainfree.org\/fr\/wp-content\/uploads\/sites\/3\/Hanche-Normale-120x44.jpg 120w, https:\/\/movepainfree.org\/fr\/wp-content\/uploads\/sites\/3\/Hanche-Normale.jpg 757w\" sizes=\"auto, (max-width: 250px) 100vw, 250px\" \/><\/a><\/p>\n<p>&nbsp;<\/p>\n<p>&nbsp;<\/p>\n<h2>Pr\u00e9valence<\/h2>\n<p>La pr\u00e9valence de la DCH est g\u00e9n\u00e9ralement \u00e9valu\u00e9e \u00e0 un sujet sur mille chez les personnes de race caucasienne, bien que certains chercheurs estiment qu&rsquo;elle pourrait \u00eatre beaucoup plus \u00e9lev\u00e9e. Les sujets afro-am\u00e9ricains, cor\u00e9ens et chinois du Sud seraient moins affect\u00e9s par cette condition. Il semble toutefois exister une corr\u00e9lation entre la pratique de l&#8217;emmaillotage des b\u00e9b\u00e9s (chez certains peuples nordiques et autochtones) et une hausse du taux de DCH.<\/p>\n<p>Le DCH serait de quatre \u00e0 cinq fois plus courant chez les filles que les gar\u00e7ons. La DCH est pr\u00e9pond\u00e9rante chez les filles premi\u00e8res-n\u00e9es dont la famille compte un membre atteint de cette condition.<\/p>\n<h2>Causes possibles<\/h2>\n<p>Outre le facteur g\u00e9n\u00e9tique, la pr\u00e9sentation du si\u00e8ge au moment de la naissance est d\u00e9finitivement reli\u00e9e \u00e0 une incidence accrue de DCH. On croit aussi que certaines contraintes intra-ut\u00e9rines, par exemple,\u00a0 l&rsquo;ut\u00e9rus moins volumineux lors d&rsquo;une premi\u00e8re grossesse, une faible quantit\u00e9 de liquide amniotique (oligoamnios), et l&rsquo;accouchement multiple,\u00a0 augmentent le risque de DCH.<\/p>\n<p>La DCH appara\u00eet plus souvent du c\u00f4t\u00e9 gauche, ce qui serait associ\u00e9 \u00e0 la position intra-ut\u00e9rine fr\u00e9quence du f\u0153tus, hanche gauche appuy\u00e9e contre le sacrum de la m\u00e8re.<\/p>\n<p>On a \u00e9galement avanc\u00e9 la th\u00e9orie que la r\u00e9action f\u0153tale \u00e0 l&rsquo;\u0153strog\u00e8ne maternel entra\u00eenerait le rel\u00e2chement des ligaments de la hanche et, apr\u00e8s la naissance, le glissement de la t\u00eate f\u00e9morale hors du cotyle.<\/p>\n<h2>Diagnostic<\/h2>\n<p>Bien que les sympt\u00f4mes de la DCH diff\u00e8rent chez les nouveaux n\u00e9s (l&rsquo;atteinte peut notamment \u00eatre unilat\u00e9rale ou bilat\u00e9rale), certains sympt\u00f4mes sont g\u00e9n\u00e9ralement courants et peuvent \u00eatre d\u00e9cel\u00e9s par le p\u00e9diatre lors de l&rsquo;examen de routine qui suit la naissance. Pendant cet examen, le p\u00e9diatre s&rsquo;enquiert des ant\u00e9c\u00e9dents familiaux\u00a0 pour v\u00e9rifier l&rsquo;existence d&rsquo;une DCH ou de tout autre probl\u00e8me de laxit\u00e9 ligamentaire. L&rsquo;examen physique du nouveau-n\u00e9 se r\u00e9v\u00e8le parfois difficile \u00e0 r\u00e9aliser et, puisque les signes physiques de la DCH peuvent \u00eatre tr\u00e8s discrets, il est recommand\u00e9 de proc\u00e9der \u00e0 l&rsquo;examen des hanches \u00e0 chaque consultation m\u00e9dicale jusqu&rsquo;\u00e0 ce que l&rsquo;enfant commence \u00e0 marcher.<\/p>\n<p>Lors de l&rsquo;examen physique, le m\u00e9decin manipulera les hanches de l&rsquo;enfant, effectuant une s\u00e9rie de man\u0153uvres sp\u00e9cifiques connues sous le nom d&rsquo;\u00e9preuves de Barlow et d&rsquo;Ortolani. Ces \u00e9preuves\u00a0 consistent \u00e0 faire glisser vers l&rsquo;ext\u00e9rieur et \u00e0 ramener d\u00e9licatement la t\u00eate f\u00e9morale sous le cotyle. Au fur et \u00e0 mesure que les semaines passent, il devient de plus en plus difficile d&rsquo;effectuer ces man\u0153uvres; vers trois ou quatre mois, cela devient g\u00e9n\u00e9ralement impossible \u00e0 r\u00e9aliser. Si la hanche de l&rsquo;enfant demeure luxable apr\u00e8s trois ou quatre mois, le m\u00e9decin recherchera des signes de dislocation vraie. Il v\u00e9rifiera entre autres la\u00a0 longueur et la sym\u00e9trie des membres inf\u00e9rieurs du nourrisson, et examinera les plis cutan\u00e9s au niveau des fesses et des cuisses, de m\u00eame que l&rsquo;\u00e9cartement des cuisses, recherchant tout signe d&rsquo;asym\u00e9trie.<\/p>\n<p>Le m\u00e9decin pourra aussi demander une \u00e9chographie pour \u00e9liminer toute autre cause possible aux sympt\u00f4mes observ\u00e9s chez l&rsquo;enfant. (Les articulations du nouveau-n\u00e9 \u00e9tant toujours compos\u00e9es de tissu cartilagineux et non osseux, l&rsquo;analyse aux rayons X ne donne pas une image satisfaisante.)<\/p>\n<h2>Traitement<\/h2>\n<p>Lorsque la DCH a \u00e9t\u00e9 diagnostiqu\u00e9e et que toute autre condition possible a \u00e9t\u00e9 \u00e9limin\u00e9e, le m\u00e9decin prescrira la s\u00e9rie de traitements appropri\u00e9e.<\/p>\n<p>L&rsquo;objectif des traitements, s&rsquo;ils s&rsquo;av\u00e8rent n\u00e9cessaires, consiste \u00e0 positionner et \u00e0 stabiliser la t\u00eate f\u00e9morale dans le cotyle pour assurer le d\u00e9veloppement normal de la hanche. L&rsquo;articulation doit \u00eatre maintenue dans cette position jusqu&rsquo;\u00e0 ce celle-ci soit parfaitement int\u00e9gr\u00e9e par le syst\u00e8me de l&rsquo;enfant. Les meilleurs r\u00e9sultats sont associ\u00e9s \u00e0 la pr\u00e9cocit\u00e9 de l&rsquo;intervention.<\/p>\n<p>Chez les b\u00e9b\u00e9s de moins de six mois, la technique la plus souvent utilis\u00e9e est le port du harnais de Pavlik, un dispositif ajust\u00e9 \u00e0 l&rsquo;enfant qui maintient la hanche dans la position ad\u00e9quate pour assurer son d\u00e9veloppement normal. Les b\u00e9b\u00e9s qui portent un harnais de Pavlik doivent \u00eatre examin\u00e9s r\u00e9guli\u00e8rement pour s&rsquo;assurer que leur dispositif est convenablement ajust\u00e9 (ni trop serr\u00e9, ni trop l\u00e2che) et qu&rsquo;il maintient l&rsquo;articulation de la hanche dans la position ad\u00e9quate.<\/p>\n<p><a href=\"https:\/\/movepainfree.org\/fr\/wp-content\/uploads\/sites\/3\/Pavlik-harness.jpg\"><img loading=\"lazy\" decoding=\"async\" width=\"250\" height=\"161\" class=\"size-medium wp-image-2011 alignleft\" src=\"https:\/\/movepainfree.org\/fr\/wp-content\/uploads\/sites\/3\/Pavlik-harness-250x161.jpg\" alt=\"Pavlik harness\" srcset=\"https:\/\/movepainfree.org\/fr\/wp-content\/uploads\/sites\/3\/Pavlik-harness-250x161.jpg 250w, https:\/\/movepainfree.org\/fr\/wp-content\/uploads\/sites\/3\/Pavlik-harness-120x77.jpg 120w, https:\/\/movepainfree.org\/fr\/wp-content\/uploads\/sites\/3\/Pavlik-harness.jpg 576w\" sizes=\"auto, (max-width: 250px) 100vw, 250px\" \/><\/a><\/p>\n<p>&nbsp;<\/p>\n<p>Le harnais de Pavlik peut ne pas convenir aux b\u00e9b\u00e9s \u00e2g\u00e9s de six mois ou plus; le cas \u00e9ch\u00e9ant, une autre approche th\u00e9rapeutique doit \u00eatre utilis\u00e9e. L&rsquo;enfant peut \u00eatre soumis \u00e0 une intervention connue sous le nom de\u00a0 \u00ab\u00a0r\u00e9duction orthop\u00e9dique\u00a0\u00bb,\u00a0 qui consiste \u00e0 positionner manuellement la hanche de l&rsquo;enfant plac\u00e9 sous anesth\u00e9sie g\u00e9n\u00e9rale. Cette intervention est parfois pr\u00e9c\u00e9d\u00e9e d&rsquo;une p\u00e9riode de mise sous traction de sept \u00e0 14\u00a0jours. La traction consiste \u00e0 soumettre les tissus mous entourant l&rsquo;articulation de la hanche \u00e0 une extension mod\u00e9r\u00e9e en appliquant des bandes adh\u00e9sives directement sur la peau. Si l&rsquo;intervention r\u00e9ussit, l&rsquo;enfant est ensuite \u00e9quip\u00e9 d&rsquo;un corset pl\u00e2tr\u00e9, qu&rsquo;il portera pendant trois ou quatre mois. Le corset est remplac\u00e9 r\u00e9guli\u00e8rement pour maintenir son efficacit\u00e9 au fur et \u00e0 mesure que l&rsquo;enfant grandit. Lorsque le m\u00e9decin juge que la hanche a atteint sa position normale, le corset est remplac\u00e9 par une attelle. La plupart du temps, l&rsquo;enfant doit \u00e9galement suivre un programme d&rsquo;exercices visant \u00e0 assurer la motricit\u00e9 normale de la hanche.<\/p>\n<h2>Pronostic<\/h2>\n<p>Quelle que soit l&rsquo;approche th\u00e9rapeutique choisie, la pr\u00e9cocit\u00e9 de l&rsquo;intervention est un facteur d\u00e9terminant de la r\u00e9ussite du traitement. Le taux de r\u00e9ussite du traitement atteint plus de 90\u00a0% chez les nouveaux n\u00e9s atteints de DCH et \u00e9quip\u00e9s d&rsquo;un harnais de Pavlik pendant les six premi\u00e8res semaines de la vie. Si le\u00a0 diagnostic survient plus tard, le traitement est plus complexe. Toutefois, les r\u00e9sultats atteints sont tr\u00e8s bons chez la majorit\u00e9 des patients.<\/p>\n<p>Chez les enfants \u00e2g\u00e9s de 12 \u00e0 18\u00a0mois, qui peuvent n\u00e9cessiter une s\u00e9rie de traitements complexes et plusieurs interventions, le taux de r\u00e9ussite n&rsquo;est pas constant. Les enfants qui pr\u00e9sentent une dysplasie r\u00e9siduelle peuvent ne pas montrer de probl\u00e8mes significatifs pendant l&rsquo;enfance. Toutefois, les jeunes adultes atteints de cette condition pr\u00e9sentent un risque d&rsquo;arthrite de hanche pr\u00e9coce et devront \u00e9ventuellement se soumettre \u00e0 une intervention chirurgicale qui consiste \u00e0 sectionner et \u00e0 r\u00e9orienter les os de l&rsquo;articulation de la hanche (ost\u00e9otomie de la hanche) ou encore, \u00e0 une arthroplastie totale de hanche.<\/p>\n<p>&nbsp;<\/p>\n","protected":false},"excerpt":{"rendered":"La dysplasie de la hanche (de \u00ab\u00a0dys\u00a0\u00bb, pour malformation ou anomalie, et \u00ab\u00a0plasie\u00a0\u00bb, qui se rapporte \u00e0 la formation du tissu) est un terme g\u00e9n\u00e9ral qui englobe toute une s\u00e9rie&#8230; <a class=\"view-article\" href=\"https:\/\/movepainfree.org\/fr\/about-orthopaedics\/joint-anatomy\/hip\/dysplasie-de-la-hanche\/\">View Article<\/a>","protected":false},"author":2,"featured_media":0,"parent":80,"menu_order":0,"comment_status":"closed","ping_status":"closed","template":"","meta":{"footnotes":""},"class_list":["post-1852","page","type-page","status-publish","hentry"],"yoast_head":"<!-- This site is optimized with the Yoast SEO plugin v27.0 - https:\/\/yoast.com\/product\/yoast-seo-wordpress\/ -->\n<title>Dysplasie de la Hanche - Fondation Canadienne d&#039;Orthop\u00e9die<\/title>\n<meta name=\"description\" content=\"La Fondation canadienne d&#039;orthop\u00e9die vient en aide aux patients orthop\u00e9diques, aux professionnels de la sant\u00e9 en orthop\u00e9die, ainsi qu&#039;aux personnes qui se pr\u00e9occupent de leur sant\u00e9 et des questions en mati\u00e8re de sant\u00e9 au sein de la collectivit\u00e9, et ce, \u00e0 l&#039;\u00e9gard de la sant\u00e9 des os et des articulations actuelle et \u00e0 venir.\" \/>\n<meta name=\"robots\" content=\"index, follow, max-snippet:-1, max-image-preview:large, max-video-preview:-1\" \/>\n<link rel=\"canonical\" href=\"https:\/\/movepainfree.org\/fr\/about-orthopaedics\/joint-anatomy\/hip\/dysplasie-de-la-hanche\/\" \/>\n<meta property=\"og:locale\" content=\"fr_FR\" \/>\n<meta property=\"og:type\" content=\"article\" \/>\n<meta property=\"og:title\" content=\"Dysplasie de la Hanche - Fondation Canadienne d&#039;Orthop\u00e9die\" \/>\n<meta property=\"og:description\" content=\"La Fondation canadienne d&#039;orthop\u00e9die vient en aide aux patients orthop\u00e9diques, aux professionnels de la sant\u00e9 en orthop\u00e9die, ainsi qu&#039;aux personnes qui se pr\u00e9occupent de leur sant\u00e9 et des questions en mati\u00e8re de sant\u00e9 au sein de la collectivit\u00e9, et ce, \u00e0 l&#039;\u00e9gard de la sant\u00e9 des os et des articulations actuelle et \u00e0 venir.\" \/>\n<meta property=\"og:url\" content=\"https:\/\/movepainfree.org\/fr\/about-orthopaedics\/joint-anatomy\/hip\/dysplasie-de-la-hanche\/\" \/>\n<meta property=\"og:site_name\" content=\"Fondation Canadienne d&#039;Orthop\u00e9die\" \/>\n<meta property=\"article:modified_time\" content=\"2015-12-15T20:14:43+00:00\" \/>\n<meta property=\"og:image\" content=\"https:\/\/movepainfree.org\/fr\/wp-content\/uploads\/sites\/3\/Hanche-Normale-250x92.jpg\" \/>\n<meta name=\"twitter:card\" content=\"summary_large_image\" \/>\n<meta name=\"twitter:label1\" content=\"Dur\u00e9e de lecture estim\u00e9e\" \/>\n\t<meta name=\"twitter:data1\" content=\"7 minutes\" \/>\n<script type=\"application\/ld+json\" class=\"yoast-schema-graph\">{\"@context\":\"https:\/\/schema.org\",\"@graph\":[{\"@type\":\"WebPage\",\"@id\":\"https:\/\/movepainfree.org\/fr\/about-orthopaedics\/joint-anatomy\/hip\/dysplasie-de-la-hanche\/\",\"url\":\"https:\/\/movepainfree.org\/fr\/about-orthopaedics\/joint-anatomy\/hip\/dysplasie-de-la-hanche\/\",\"name\":\"Dysplasie de la Hanche - Fondation Canadienne d&#039;Orthop\u00e9die\",\"isPartOf\":{\"@id\":\"https:\/\/movepainfree.org\/fr\/#website\"},\"primaryImageOfPage\":{\"@id\":\"https:\/\/movepainfree.org\/fr\/about-orthopaedics\/joint-anatomy\/hip\/dysplasie-de-la-hanche\/#primaryimage\"},\"image\":{\"@id\":\"https:\/\/movepainfree.org\/fr\/about-orthopaedics\/joint-anatomy\/hip\/dysplasie-de-la-hanche\/#primaryimage\"},\"thumbnailUrl\":\"https:\/\/movepainfree.org\/fr\/wp-content\/uploads\/sites\/3\/Hanche-Normale-250x92.jpg\",\"datePublished\":\"2015-07-20T21:02:40+00:00\",\"dateModified\":\"2015-12-15T20:14:43+00:00\",\"description\":\"La Fondation canadienne d'orthop\u00e9die vient en aide aux patients orthop\u00e9diques, aux professionnels de la sant\u00e9 en orthop\u00e9die, ainsi qu'aux personnes qui se pr\u00e9occupent de leur sant\u00e9 et des questions en mati\u00e8re de sant\u00e9 au sein de la collectivit\u00e9, et ce, \u00e0 l'\u00e9gard de la sant\u00e9 des os et des articulations actuelle et \u00e0 venir.\",\"breadcrumb\":{\"@id\":\"https:\/\/movepainfree.org\/fr\/about-orthopaedics\/joint-anatomy\/hip\/dysplasie-de-la-hanche\/#breadcrumb\"},\"inLanguage\":\"fr-FR\",\"potentialAction\":[{\"@type\":\"ReadAction\",\"target\":[\"https:\/\/movepainfree.org\/fr\/about-orthopaedics\/joint-anatomy\/hip\/dysplasie-de-la-hanche\/\"]}]},{\"@type\":\"ImageObject\",\"inLanguage\":\"fr-FR\",\"@id\":\"https:\/\/movepainfree.org\/fr\/about-orthopaedics\/joint-anatomy\/hip\/dysplasie-de-la-hanche\/#primaryimage\",\"url\":\"https:\/\/movepainfree.org\/fr\/wp-content\/uploads\/sites\/3\/Hanche-Normale.jpg\",\"contentUrl\":\"https:\/\/movepainfree.org\/fr\/wp-content\/uploads\/sites\/3\/Hanche-Normale.jpg\",\"width\":757,\"height\":279},{\"@type\":\"BreadcrumbList\",\"@id\":\"https:\/\/movepainfree.org\/fr\/about-orthopaedics\/joint-anatomy\/hip\/dysplasie-de-la-hanche\/#breadcrumb\",\"itemListElement\":[{\"@type\":\"ListItem\",\"position\":1,\"name\":\"Home\",\"item\":\"https:\/\/movepainfree.org\/fr\/\"},{\"@type\":\"ListItem\",\"position\":2,\"name\":\"\u00c0 propos des os et articulations\",\"item\":\"https:\/\/movepainfree.org\/fr\/about-orthopaedics\/\"},{\"@type\":\"ListItem\",\"position\":3,\"name\":\"Anatomie des articulations\",\"item\":\"https:\/\/movepainfree.org\/fr\/about-orthopaedics\/joint-anatomy\/\"},{\"@type\":\"ListItem\",\"position\":4,\"name\":\"Hanche\",\"item\":\"https:\/\/movepainfree.org\/fr\/about-orthopaedics\/joint-anatomy\/hip\/\"},{\"@type\":\"ListItem\",\"position\":5,\"name\":\"Dysplasie de la Hanche\"}]},{\"@type\":\"WebSite\",\"@id\":\"https:\/\/movepainfree.org\/fr\/#website\",\"url\":\"https:\/\/movepainfree.org\/fr\/\",\"name\":\"Fondation Canadienne d&#039;Orthop\u00e9die\",\"description\":\"Fund-raising Activities Support Research, Education, Community Care\",\"potentialAction\":[{\"@type\":\"SearchAction\",\"target\":{\"@type\":\"EntryPoint\",\"urlTemplate\":\"https:\/\/movepainfree.org\/fr\/?s={search_term_string}\"},\"query-input\":{\"@type\":\"PropertyValueSpecification\",\"valueRequired\":true,\"valueName\":\"search_term_string\"}}],\"inLanguage\":\"fr-FR\"}]}<\/script>\n<!-- \/ Yoast SEO plugin. -->","yoast_head_json":{"title":"Dysplasie de la Hanche - Fondation Canadienne d&#039;Orthop\u00e9die","description":"La Fondation canadienne d'orthop\u00e9die vient en aide aux patients orthop\u00e9diques, aux professionnels de la sant\u00e9 en orthop\u00e9die, ainsi qu'aux personnes qui se pr\u00e9occupent de leur sant\u00e9 et des questions en mati\u00e8re de sant\u00e9 au sein de la collectivit\u00e9, et ce, \u00e0 l'\u00e9gard de la sant\u00e9 des os et des articulations actuelle et \u00e0 venir.","robots":{"index":"index","follow":"follow","max-snippet":"max-snippet:-1","max-image-preview":"max-image-preview:large","max-video-preview":"max-video-preview:-1"},"canonical":"https:\/\/movepainfree.org\/fr\/about-orthopaedics\/joint-anatomy\/hip\/dysplasie-de-la-hanche\/","og_locale":"fr_FR","og_type":"article","og_title":"Dysplasie de la Hanche - Fondation Canadienne d&#039;Orthop\u00e9die","og_description":"La Fondation canadienne d'orthop\u00e9die vient en aide aux patients orthop\u00e9diques, aux professionnels de la sant\u00e9 en orthop\u00e9die, ainsi qu'aux personnes qui se pr\u00e9occupent de leur sant\u00e9 et des questions en mati\u00e8re de sant\u00e9 au sein de la collectivit\u00e9, et ce, \u00e0 l'\u00e9gard de la sant\u00e9 des os et des articulations actuelle et \u00e0 venir.","og_url":"https:\/\/movepainfree.org\/fr\/about-orthopaedics\/joint-anatomy\/hip\/dysplasie-de-la-hanche\/","og_site_name":"Fondation Canadienne d&#039;Orthop\u00e9die","article_modified_time":"2015-12-15T20:14:43+00:00","og_image":[{"url":"https:\/\/movepainfree.org\/fr\/wp-content\/uploads\/sites\/3\/Hanche-Normale-250x92.jpg","type":"","width":"","height":""}],"twitter_card":"summary_large_image","twitter_misc":{"Dur\u00e9e de lecture estim\u00e9e":"7 minutes"},"schema":{"@context":"https:\/\/schema.org","@graph":[{"@type":"WebPage","@id":"https:\/\/movepainfree.org\/fr\/about-orthopaedics\/joint-anatomy\/hip\/dysplasie-de-la-hanche\/","url":"https:\/\/movepainfree.org\/fr\/about-orthopaedics\/joint-anatomy\/hip\/dysplasie-de-la-hanche\/","name":"Dysplasie de la Hanche - Fondation Canadienne d&#039;Orthop\u00e9die","isPartOf":{"@id":"https:\/\/movepainfree.org\/fr\/#website"},"primaryImageOfPage":{"@id":"https:\/\/movepainfree.org\/fr\/about-orthopaedics\/joint-anatomy\/hip\/dysplasie-de-la-hanche\/#primaryimage"},"image":{"@id":"https:\/\/movepainfree.org\/fr\/about-orthopaedics\/joint-anatomy\/hip\/dysplasie-de-la-hanche\/#primaryimage"},"thumbnailUrl":"https:\/\/movepainfree.org\/fr\/wp-content\/uploads\/sites\/3\/Hanche-Normale-250x92.jpg","datePublished":"2015-07-20T21:02:40+00:00","dateModified":"2015-12-15T20:14:43+00:00","description":"La Fondation canadienne d'orthop\u00e9die vient en aide aux patients orthop\u00e9diques, aux professionnels de la sant\u00e9 en orthop\u00e9die, ainsi qu'aux personnes qui se pr\u00e9occupent de leur sant\u00e9 et des questions en mati\u00e8re de sant\u00e9 au sein de la collectivit\u00e9, et ce, \u00e0 l'\u00e9gard de la sant\u00e9 des os et des articulations actuelle et \u00e0 venir.","breadcrumb":{"@id":"https:\/\/movepainfree.org\/fr\/about-orthopaedics\/joint-anatomy\/hip\/dysplasie-de-la-hanche\/#breadcrumb"},"inLanguage":"fr-FR","potentialAction":[{"@type":"ReadAction","target":["https:\/\/movepainfree.org\/fr\/about-orthopaedics\/joint-anatomy\/hip\/dysplasie-de-la-hanche\/"]}]},{"@type":"ImageObject","inLanguage":"fr-FR","@id":"https:\/\/movepainfree.org\/fr\/about-orthopaedics\/joint-anatomy\/hip\/dysplasie-de-la-hanche\/#primaryimage","url":"https:\/\/movepainfree.org\/fr\/wp-content\/uploads\/sites\/3\/Hanche-Normale.jpg","contentUrl":"https:\/\/movepainfree.org\/fr\/wp-content\/uploads\/sites\/3\/Hanche-Normale.jpg","width":757,"height":279},{"@type":"BreadcrumbList","@id":"https:\/\/movepainfree.org\/fr\/about-orthopaedics\/joint-anatomy\/hip\/dysplasie-de-la-hanche\/#breadcrumb","itemListElement":[{"@type":"ListItem","position":1,"name":"Home","item":"https:\/\/movepainfree.org\/fr\/"},{"@type":"ListItem","position":2,"name":"\u00c0 propos des os et articulations","item":"https:\/\/movepainfree.org\/fr\/about-orthopaedics\/"},{"@type":"ListItem","position":3,"name":"Anatomie des articulations","item":"https:\/\/movepainfree.org\/fr\/about-orthopaedics\/joint-anatomy\/"},{"@type":"ListItem","position":4,"name":"Hanche","item":"https:\/\/movepainfree.org\/fr\/about-orthopaedics\/joint-anatomy\/hip\/"},{"@type":"ListItem","position":5,"name":"Dysplasie de la Hanche"}]},{"@type":"WebSite","@id":"https:\/\/movepainfree.org\/fr\/#website","url":"https:\/\/movepainfree.org\/fr\/","name":"Fondation Canadienne d&#039;Orthop\u00e9die","description":"Fund-raising Activities Support Research, Education, Community Care","potentialAction":[{"@type":"SearchAction","target":{"@type":"EntryPoint","urlTemplate":"https:\/\/movepainfree.org\/fr\/?s={search_term_string}"},"query-input":{"@type":"PropertyValueSpecification","valueRequired":true,"valueName":"search_term_string"}}],"inLanguage":"fr-FR"}]}},"_links":{"self":[{"href":"https:\/\/movepainfree.org\/fr\/wp-json\/wp\/v2\/pages\/1852","targetHints":{"allow":["GET"]}}],"collection":[{"href":"https:\/\/movepainfree.org\/fr\/wp-json\/wp\/v2\/pages"}],"about":[{"href":"https:\/\/movepainfree.org\/fr\/wp-json\/wp\/v2\/types\/page"}],"author":[{"embeddable":true,"href":"https:\/\/movepainfree.org\/fr\/wp-json\/wp\/v2\/users\/2"}],"replies":[{"embeddable":true,"href":"https:\/\/movepainfree.org\/fr\/wp-json\/wp\/v2\/comments?post=1852"}],"version-history":[{"count":7,"href":"https:\/\/movepainfree.org\/fr\/wp-json\/wp\/v2\/pages\/1852\/revisions"}],"predecessor-version":[{"id":2013,"href":"https:\/\/movepainfree.org\/fr\/wp-json\/wp\/v2\/pages\/1852\/revisions\/2013"}],"up":[{"embeddable":true,"href":"https:\/\/movepainfree.org\/fr\/wp-json\/wp\/v2\/pages\/80"}],"wp:attachment":[{"href":"https:\/\/movepainfree.org\/fr\/wp-json\/wp\/v2\/media?parent=1852"}],"curies":[{"name":"wp","href":"https:\/\/api.w.org\/{rel}","templated":true}]}}