{"id":175,"date":"2015-01-21T17:59:32","date_gmt":"2015-01-21T17:59:32","guid":{"rendered":"https:\/\/movepainfree.org\/fr\/?page_id=175"},"modified":"2020-02-07T21:02:55","modified_gmt":"2020-02-07T21:02:55","slug":"keeping-active","status":"publish","type":"page","link":"https:\/\/movepainfree.org\/fr\/stay-healthy\/keeping-active\/","title":{"rendered":"Soyez actif"},"content":{"rendered":"<h2>Activit\u00e9s favorisant la sant\u00e9 des os et articulations<\/h2>\n<p>L&rsquo;activit\u00e9 physique est importante pour maintenir des articulations souples et des muscles forts, mais elle am\u00e9liore \u00e9galement l&rsquo;\u00e9quilibre et la coordination. Elle contribue \u00e0 la sant\u00e9 des muscles, ce qui peut pr\u00e9venir les chutes et, ainsi, les fractures.1 Le meilleur type d&rsquo;activit\u00e9s pour nous d\u00e9pend de notre \u00e2ge et de notre capacit\u00e9. Les renseignements pr\u00e9sent\u00e9s dans ces pages sont fournis \u00e0 titre de guide seulement; avant de commencer tout programme d&rsquo;exercice ou toute activit\u00e9, consultez votre m\u00e9decin et choisissez-en un qui vous convient\u2026 et que vous aimez!<\/p>\n<h3>Masse osseuse<\/h3>\n<p>La masse osseuse est un facteur important pour la sant\u00e9 des os et articulations. La masse osseuse est d\u00e9termin\u00e9e par le type d&rsquo;exercice physique et son intensit\u00e9, l&rsquo;\u00e2ge auquel on commence \u00e0 le pratiquer et le nombre d&rsquo;ann\u00e9es pendant lesquelles on pratique cet exercice. L&rsquo;activit\u00e9 physique est essentielle \u00e0 la croissance des os chez les enfants et adolescents. L&rsquo;adulte atteint quant \u00e0 lui le sommet de sa masse osseuse vers le milieu de la trentaine. C&rsquo;est \u00e0 ce moment que l&rsquo;activit\u00e9 physique est essentielle au maintien de la masse osseuse.<\/p>\n<h3><strong>Tout est dans la vari\u00e9t\u00e9<\/strong><\/h3>\n<p>Peu importe l&rsquo;\u00e2ge, les activit\u00e9s devraient comprendre une combinaison d&rsquo;activit\u00e9s \u00e9nergiques et mod\u00e9r\u00e9es.<\/p>\n<ul>\n<li>Une activit\u00e9 \u00e9nergique rend la respiration plus difficile et acc\u00e9l\u00e8re le rythme cardiaque.<\/li>\n<li>Une activit\u00e9 mod\u00e9r\u00e9e tient actif.<\/li>\n<\/ul>\n<h3><strong>Vous ressentez d\u00e9j\u00e0 des douleurs aux articulations?<\/strong><\/h3>\n<p>Si vous avez d\u00e9j\u00e0 des douleurs aux articulations, optez pour des exercices sans impact de sorte \u00e0 ne pas user davantage vos articulations. Pensez entre autres au v\u00e9lo, \u00e0 la natation et m\u00eame au patin \u00e0 roues align\u00e9es, plut\u00f4t qu&rsquo;\u00e0 des activit\u00e9s qui \u00ab donnent des coups \u00bb (comme le jogging) ou qui font pivoter les articulations (comme le basketball). Ce d\u00e9tail est important, car ce sont les genoux qui absorbent la majorit\u00e9 des impacts.<\/p>\n<p>Au fur et \u00e0 mesure que vos articulations se renforcent, consultez votre m\u00e9decin pour savoir si vous pouvez graduellement passer \u00e0 la marche et aux escaliers. \u00c9coutez votre corps &#8211; il vous dira si vous d\u00e9passez vos limites.<\/p>\n<p>Les exercices sans impact sont id\u00e9als pour les personnes qui font de l&#8217;embonpoint, pour les m\u00eames raisons qu&rsquo;elles sont \u00e0 privil\u00e9gier lorsqu&rsquo;on a d\u00e9j\u00e0 des douleurs aux articulations. Plut\u00f4t que de risquer d&rsquo;ab\u00eemer vos articulations, mettez sur pied un programme d&rsquo;exercices sans impact. En voyant les kilos dispara\u00eetre, vous pourrez \u00e9largir votre choix d&rsquo;activit\u00e9s. Vos articulations vous montreront leur reconnaissance en vous portant avec entrain toute votre vie.<\/p>\n<p>Peu importe votre capacit\u00e9, il est avantageux de choisir une vari\u00e9t\u00e9 d&rsquo;activit\u00e9s qui favorisent l&rsquo;acquisition de diverses aptitudes tout en vous gardant motiv\u00e9. Voici les trois types d&rsquo;activit\u00e9s qui s&rsquo;offrent \u00e0 vous :<\/p>\n<ul>\n<li>Endurance &#8211; Activit\u00e9s \u00e9nergiques sur une longue distance ou p\u00e9riode<\/li>\n<li>Souplesse &#8211; \u00c9tirements et flexions, comme le yoga ou le ta\u00ef chi<\/li>\n<li>Force et \u00e9quilibre &#8211; Activit\u00e9s favorisant la r\u00e9sistance, comme soulever des poids<\/li>\n<\/ul>\n<p>Pour des conseils sur l&rsquo;\u00e9chauffement, voir la page \u00ab <a title=\"Pr\u00e9venez les blessures\" href=\"https:\/\/movepainfree.org\/fr\/stay-healthy\/injury-prevention\/\" target=\"_blank\" rel=\"noopener noreferrer\">Pr\u00e9venez les blessures <\/a>\u00bb.<\/p>\n<p>L\u2019activit\u00e9 physique est importante pour la sant\u00e9. Les Canadiens et Canadiennes de tous \u00e2ges ont besoin de bouger davantage et de passer moins de temps assis au quotidien pour \u00eatre le plus en sant\u00e9 possible. Pour en savoir plus sur les avantages de l\u2019activit\u00e9 physique, les lignes directrices, l\u2019int\u00e9gration de l\u2019activit\u00e9 physique s\u00e9curitaire dans la vie de tous les jours et les fa\u00e7ons d\u2019inciter les enfants \u00e0 \u00eatre actifs et \u00e0 jouer en toute s\u00e9curit\u00e9, <a href=\"https:\/\/www.canada.ca\/fr\/sante-publique\/services\/etre-actif.html\" target=\"_blank\" rel=\"noopener noreferrer\">cliquez\u00a0ici<\/a>.<\/p>\n","protected":false},"excerpt":{"rendered":"Activit\u00e9s favorisant la sant\u00e9 des os et articulations L&rsquo;activit\u00e9 physique est importante pour maintenir des articulations souples et des muscles forts, mais elle am\u00e9liore \u00e9galement l&rsquo;\u00e9quilibre et la coordination. Elle&#8230; <a class=\"view-article\" href=\"https:\/\/movepainfree.org\/fr\/stay-healthy\/keeping-active\/\">View Article<\/a>","protected":false},"author":1,"featured_media":0,"parent":35,"menu_order":20,"comment_status":"closed","ping_status":"closed","template":"","meta":{"footnotes":""},"class_list":["post-175","page","type-page","status-publish","hentry"],"yoast_head":"<!-- This site is optimized with the Yoast SEO plugin v27.0 - https:\/\/yoast.com\/product\/yoast-seo-wordpress\/ -->\n<title>Soyez actif - Fondation Canadienne d&#039;Orthop\u00e9die<\/title>\n<meta name=\"description\" content=\"La Fondation canadienne d&#039;orthop\u00e9die vient en aide aux patients orthop\u00e9diques, aux professionnels de la sant\u00e9 en orthop\u00e9die, ainsi qu&#039;aux personnes qui se pr\u00e9occupent de leur sant\u00e9 et des questions en mati\u00e8re de sant\u00e9 au sein de la collectivit\u00e9, et ce, \u00e0 l&#039;\u00e9gard de la sant\u00e9 des os et des articulations actuelle et \u00e0 venir.\" \/>\n<meta name=\"robots\" content=\"index, follow, max-snippet:-1, max-image-preview:large, max-video-preview:-1\" \/>\n<link rel=\"canonical\" href=\"https:\/\/movepainfree.org\/fr\/stay-healthy\/keeping-active\/\" \/>\n<meta property=\"og:locale\" content=\"fr_FR\" \/>\n<meta property=\"og:type\" content=\"article\" \/>\n<meta property=\"og:title\" content=\"Soyez actif - Fondation Canadienne d&#039;Orthop\u00e9die\" \/>\n<meta property=\"og:description\" content=\"La Fondation canadienne d&#039;orthop\u00e9die vient en aide aux patients orthop\u00e9diques, aux professionnels de la sant\u00e9 en orthop\u00e9die, ainsi qu&#039;aux personnes qui se pr\u00e9occupent de leur sant\u00e9 et des questions en mati\u00e8re de sant\u00e9 au sein de la collectivit\u00e9, et ce, \u00e0 l&#039;\u00e9gard de la sant\u00e9 des os et des articulations actuelle et \u00e0 venir.\" \/>\n<meta property=\"og:url\" content=\"https:\/\/movepainfree.org\/fr\/stay-healthy\/keeping-active\/\" \/>\n<meta property=\"og:site_name\" content=\"Fondation Canadienne d&#039;Orthop\u00e9die\" \/>\n<meta property=\"article:modified_time\" content=\"2020-02-07T21:02:55+00:00\" \/>\n<meta name=\"twitter:card\" content=\"summary_large_image\" \/>\n<meta name=\"twitter:label1\" content=\"Dur\u00e9e de lecture estim\u00e9e\" \/>\n\t<meta name=\"twitter:data1\" content=\"3 minutes\" \/>\n<script type=\"application\/ld+json\" class=\"yoast-schema-graph\">{\"@context\":\"https:\/\/schema.org\",\"@graph\":[{\"@type\":\"WebPage\",\"@id\":\"https:\/\/movepainfree.org\/fr\/stay-healthy\/keeping-active\/\",\"url\":\"https:\/\/movepainfree.org\/fr\/stay-healthy\/keeping-active\/\",\"name\":\"Soyez actif - Fondation Canadienne d&#039;Orthop\u00e9die\",\"isPartOf\":{\"@id\":\"https:\/\/movepainfree.org\/fr\/#website\"},\"datePublished\":\"2015-01-21T17:59:32+00:00\",\"dateModified\":\"2020-02-07T21:02:55+00:00\",\"description\":\"La Fondation canadienne d'orthop\u00e9die vient en aide aux patients orthop\u00e9diques, aux professionnels de la sant\u00e9 en orthop\u00e9die, ainsi qu'aux personnes qui se pr\u00e9occupent de leur sant\u00e9 et des questions en mati\u00e8re de sant\u00e9 au sein de la collectivit\u00e9, et ce, \u00e0 l'\u00e9gard de la sant\u00e9 des os et des articulations actuelle et \u00e0 venir.\",\"breadcrumb\":{\"@id\":\"https:\/\/movepainfree.org\/fr\/stay-healthy\/keeping-active\/#breadcrumb\"},\"inLanguage\":\"fr-FR\",\"potentialAction\":[{\"@type\":\"ReadAction\",\"target\":[\"https:\/\/movepainfree.org\/fr\/stay-healthy\/keeping-active\/\"]}]},{\"@type\":\"BreadcrumbList\",\"@id\":\"https:\/\/movepainfree.org\/fr\/stay-healthy\/keeping-active\/#breadcrumb\",\"itemListElement\":[{\"@type\":\"ListItem\",\"position\":1,\"name\":\"Home\",\"item\":\"https:\/\/movepainfree.org\/fr\/\"},{\"@type\":\"ListItem\",\"position\":2,\"name\":\"La sant\u00e9 de vos os et articulations\",\"item\":\"https:\/\/movepainfree.org\/fr\/stay-healthy\/\"},{\"@type\":\"ListItem\",\"position\":3,\"name\":\"Soyez actif\"}]},{\"@type\":\"WebSite\",\"@id\":\"https:\/\/movepainfree.org\/fr\/#website\",\"url\":\"https:\/\/movepainfree.org\/fr\/\",\"name\":\"Fondation Canadienne d&#039;Orthop\u00e9die\",\"description\":\"Fund-raising Activities Support Research, Education, Community Care\",\"potentialAction\":[{\"@type\":\"SearchAction\",\"target\":{\"@type\":\"EntryPoint\",\"urlTemplate\":\"https:\/\/movepainfree.org\/fr\/?s={search_term_string}\"},\"query-input\":{\"@type\":\"PropertyValueSpecification\",\"valueRequired\":true,\"valueName\":\"search_term_string\"}}],\"inLanguage\":\"fr-FR\"}]}<\/script>\n<!-- \/ Yoast SEO plugin. -->","yoast_head_json":{"title":"Soyez actif - Fondation Canadienne d&#039;Orthop\u00e9die","description":"La Fondation canadienne d'orthop\u00e9die vient en aide aux patients orthop\u00e9diques, aux professionnels de la sant\u00e9 en orthop\u00e9die, ainsi qu'aux personnes qui se pr\u00e9occupent de leur sant\u00e9 et des questions en mati\u00e8re de sant\u00e9 au sein de la collectivit\u00e9, et ce, \u00e0 l'\u00e9gard de la sant\u00e9 des os et des articulations actuelle et \u00e0 venir.","robots":{"index":"index","follow":"follow","max-snippet":"max-snippet:-1","max-image-preview":"max-image-preview:large","max-video-preview":"max-video-preview:-1"},"canonical":"https:\/\/movepainfree.org\/fr\/stay-healthy\/keeping-active\/","og_locale":"fr_FR","og_type":"article","og_title":"Soyez actif - Fondation Canadienne d&#039;Orthop\u00e9die","og_description":"La Fondation canadienne d'orthop\u00e9die vient en aide aux patients orthop\u00e9diques, aux professionnels de la sant\u00e9 en orthop\u00e9die, ainsi qu'aux personnes qui se pr\u00e9occupent de leur sant\u00e9 et des questions en mati\u00e8re de sant\u00e9 au sein de la collectivit\u00e9, et ce, \u00e0 l'\u00e9gard de la sant\u00e9 des os et des articulations actuelle et \u00e0 venir.","og_url":"https:\/\/movepainfree.org\/fr\/stay-healthy\/keeping-active\/","og_site_name":"Fondation Canadienne d&#039;Orthop\u00e9die","article_modified_time":"2020-02-07T21:02:55+00:00","twitter_card":"summary_large_image","twitter_misc":{"Dur\u00e9e de lecture estim\u00e9e":"3 minutes"},"schema":{"@context":"https:\/\/schema.org","@graph":[{"@type":"WebPage","@id":"https:\/\/movepainfree.org\/fr\/stay-healthy\/keeping-active\/","url":"https:\/\/movepainfree.org\/fr\/stay-healthy\/keeping-active\/","name":"Soyez actif - Fondation Canadienne d&#039;Orthop\u00e9die","isPartOf":{"@id":"https:\/\/movepainfree.org\/fr\/#website"},"datePublished":"2015-01-21T17:59:32+00:00","dateModified":"2020-02-07T21:02:55+00:00","description":"La Fondation canadienne d'orthop\u00e9die vient en aide aux patients orthop\u00e9diques, aux professionnels de la sant\u00e9 en orthop\u00e9die, ainsi qu'aux personnes qui se pr\u00e9occupent de leur sant\u00e9 et des questions en mati\u00e8re de sant\u00e9 au sein de la collectivit\u00e9, et ce, \u00e0 l'\u00e9gard de la sant\u00e9 des os et des articulations actuelle et \u00e0 venir.","breadcrumb":{"@id":"https:\/\/movepainfree.org\/fr\/stay-healthy\/keeping-active\/#breadcrumb"},"inLanguage":"fr-FR","potentialAction":[{"@type":"ReadAction","target":["https:\/\/movepainfree.org\/fr\/stay-healthy\/keeping-active\/"]}]},{"@type":"BreadcrumbList","@id":"https:\/\/movepainfree.org\/fr\/stay-healthy\/keeping-active\/#breadcrumb","itemListElement":[{"@type":"ListItem","position":1,"name":"Home","item":"https:\/\/movepainfree.org\/fr\/"},{"@type":"ListItem","position":2,"name":"La sant\u00e9 de vos os et articulations","item":"https:\/\/movepainfree.org\/fr\/stay-healthy\/"},{"@type":"ListItem","position":3,"name":"Soyez actif"}]},{"@type":"WebSite","@id":"https:\/\/movepainfree.org\/fr\/#website","url":"https:\/\/movepainfree.org\/fr\/","name":"Fondation Canadienne d&#039;Orthop\u00e9die","description":"Fund-raising Activities Support Research, Education, Community Care","potentialAction":[{"@type":"SearchAction","target":{"@type":"EntryPoint","urlTemplate":"https:\/\/movepainfree.org\/fr\/?s={search_term_string}"},"query-input":{"@type":"PropertyValueSpecification","valueRequired":true,"valueName":"search_term_string"}}],"inLanguage":"fr-FR"}]}},"_links":{"self":[{"href":"https:\/\/movepainfree.org\/fr\/wp-json\/wp\/v2\/pages\/175","targetHints":{"allow":["GET"]}}],"collection":[{"href":"https:\/\/movepainfree.org\/fr\/wp-json\/wp\/v2\/pages"}],"about":[{"href":"https:\/\/movepainfree.org\/fr\/wp-json\/wp\/v2\/types\/page"}],"author":[{"embeddable":true,"href":"https:\/\/movepainfree.org\/fr\/wp-json\/wp\/v2\/users\/1"}],"replies":[{"embeddable":true,"href":"https:\/\/movepainfree.org\/fr\/wp-json\/wp\/v2\/comments?post=175"}],"version-history":[{"count":10,"href":"https:\/\/movepainfree.org\/fr\/wp-json\/wp\/v2\/pages\/175\/revisions"}],"predecessor-version":[{"id":3230,"href":"https:\/\/movepainfree.org\/fr\/wp-json\/wp\/v2\/pages\/175\/revisions\/3230"}],"up":[{"embeddable":true,"href":"https:\/\/movepainfree.org\/fr\/wp-json\/wp\/v2\/pages\/35"}],"wp:attachment":[{"href":"https:\/\/movepainfree.org\/fr\/wp-json\/wp\/v2\/media?parent=175"}],"curies":[{"name":"wp","href":"https:\/\/api.w.org\/{rel}","templated":true}]}}