{"id":130,"date":"2015-01-20T17:33:21","date_gmt":"2015-01-20T17:33:21","guid":{"rendered":"https:\/\/movepainfree.org\/fr\/?page_id=130"},"modified":"2020-02-07T15:50:49","modified_gmt":"2020-02-07T15:50:49","slug":"bone-tumors","status":"publish","type":"page","link":"https:\/\/movepainfree.org\/fr\/about-orthopaedics\/conditions-and-ailments\/bone-tumors\/","title":{"rendered":"Maladies et tumeurs osseuses"},"content":{"rendered":"<p>Une tumeur consiste en une masse de tissu compos\u00e9e de cellules \u00e0 diff\u00e9renciation anormale et dont le d\u00e9veloppement est incontr\u00f4lable.\u00a0 Les tumeurs peuvent \u00eatre b\u00e9nignes (non canc\u00e9reuses) ou malignes (canc\u00e9reuses).\u00a0 Elles peuvent se d\u00e9velopper n&rsquo;importe o\u00f9 dans l&rsquo;organisme, y compris \u00e0 la surface ou \u00e0 l&rsquo;int\u00e9rieur des os et des articulations.\u00a0 Les tumeurs osseuses ne sont pas toutes canc\u00e9reuses.\u00a0 La majorit\u00e9 des tumeurs osseuses sont en fait des m\u00e9tastases de tumeurs canc\u00e9reuses affectant d&rsquo;autres parties de l&rsquo;organisme.\u00a0 Il est rare que le cancer s&rsquo;attaque d&rsquo;abord aux os.<\/p>\n<p>Le sympt\u00f4me le plus courant du cancer des os est la douleur.\u00a0 Au d\u00e9but, la douleur est g\u00e9n\u00e9ralement l\u00e9g\u00e8re, mais elle gagne en intensit\u00e9 au fur et \u00e0 mesure que la maladie \u00e9volue.<\/p>\n<p>Le traitement du cancer des os comprend la chirurgie, la chimioth\u00e9rapie et la radioth\u00e9rapie.\u00a0 L&rsquo;approche th\u00e9rapeutique d\u00e9pend du volume, du site et de l&rsquo;\u00e9tendue des tissus canc\u00e9reux (le tissu osseux et, le cas \u00e9ch\u00e9ant, les tissus adjacents).<\/p>\n<p>De nouvelles techniques chirurgicales ont contribu\u00e9 \u00e0 r\u00e9duire la fr\u00e9quence des amputations.\u00a0 Dans plusieurs cas, il est possible d&rsquo;extraire la tumeur et, selon la quantit\u00e9 de tissu \u00e0 extraire, de le remplacer.\u00a0 Si la r\u00e9gion affect\u00e9e est de petite dimension, on pourra remplacer le tissu extrait par du ciment acrylique ou proc\u00e9der \u00e0 une greffe osseuse. Si la r\u00e9gion est affect\u00e9e est plus \u00e9tendue, on aura recours \u00e0 une greffe osseuse ou \u00e0 un implant m\u00e9tallique.<\/p>\n<p>Bien qu&rsquo;il soit ne pas possible de vous prot\u00e9ger contre les tumeurs osseuses, vous pouvez faire toute la diff\u00e9rence en privil\u00e9giant, tout au long de votre vie, l&rsquo;activit\u00e9 physique, de saines habitudes alimentaires, le maintien de votre poids sant\u00e9 et la pr\u00e9vention des blessures.<\/p>\n<p>Pour plus d&rsquo;information sur le cancer des os, visitez le site Web de la <a href=\"http:\/\/www.cancer.ca\/fr\" target=\"_blank\" rel=\"noopener noreferrer\">Soci\u00e9t\u00e9 canadienne du cancer<\/a>.<\/p>\n","protected":false},"excerpt":{"rendered":"Une tumeur consiste en une masse de tissu compos\u00e9e de cellules \u00e0 diff\u00e9renciation anormale et dont le d\u00e9veloppement est incontr\u00f4lable.\u00a0 Les tumeurs peuvent \u00eatre b\u00e9nignes (non canc\u00e9reuses) ou malignes (canc\u00e9reuses).\u00a0&#8230; <a class=\"view-article\" href=\"https:\/\/movepainfree.org\/fr\/about-orthopaedics\/conditions-and-ailments\/bone-tumors\/\">View Article<\/a>","protected":false},"author":1,"featured_media":0,"parent":112,"menu_order":60,"comment_status":"closed","ping_status":"closed","template":"","meta":{"footnotes":""},"class_list":["post-130","page","type-page","status-publish","hentry"],"yoast_head":"<!-- This site is optimized with the Yoast SEO plugin v27.0 - https:\/\/yoast.com\/product\/yoast-seo-wordpress\/ -->\n<title>Maladies et tumeurs osseuses - Fondation Canadienne d&#039;Orthop\u00e9die<\/title>\n<meta name=\"description\" content=\"La Fondation canadienne d&#039;orthop\u00e9die vient en aide aux patients orthop\u00e9diques, aux professionnels de la sant\u00e9 en orthop\u00e9die, ainsi qu&#039;aux personnes qui se pr\u00e9occupent de leur sant\u00e9 et des questions en mati\u00e8re de sant\u00e9 au sein de la collectivit\u00e9, et ce, \u00e0 l&#039;\u00e9gard de la sant\u00e9 des os et des articulations actuelle et \u00e0 venir.\" \/>\n<meta name=\"robots\" content=\"index, follow, max-snippet:-1, max-image-preview:large, max-video-preview:-1\" \/>\n<link rel=\"canonical\" href=\"https:\/\/movepainfree.org\/fr\/about-orthopaedics\/conditions-and-ailments\/bone-tumors\/\" \/>\n<meta property=\"og:locale\" content=\"fr_FR\" \/>\n<meta property=\"og:type\" content=\"article\" \/>\n<meta property=\"og:title\" content=\"Maladies et tumeurs osseuses - Fondation Canadienne d&#039;Orthop\u00e9die\" \/>\n<meta property=\"og:description\" content=\"La Fondation canadienne d&#039;orthop\u00e9die vient en aide aux patients orthop\u00e9diques, aux professionnels de la sant\u00e9 en orthop\u00e9die, ainsi qu&#039;aux personnes qui se pr\u00e9occupent de leur sant\u00e9 et des questions en mati\u00e8re de sant\u00e9 au sein de la collectivit\u00e9, et ce, \u00e0 l&#039;\u00e9gard de la sant\u00e9 des os et des articulations actuelle et \u00e0 venir.\" \/>\n<meta property=\"og:url\" content=\"https:\/\/movepainfree.org\/fr\/about-orthopaedics\/conditions-and-ailments\/bone-tumors\/\" \/>\n<meta property=\"og:site_name\" content=\"Fondation Canadienne d&#039;Orthop\u00e9die\" \/>\n<meta property=\"article:modified_time\" content=\"2020-02-07T15:50:49+00:00\" \/>\n<meta name=\"twitter:card\" content=\"summary_large_image\" \/>\n<meta name=\"twitter:label1\" content=\"Dur\u00e9e de lecture estim\u00e9e\" \/>\n\t<meta name=\"twitter:data1\" content=\"2 minutes\" \/>\n<script type=\"application\/ld+json\" class=\"yoast-schema-graph\">{\"@context\":\"https:\/\/schema.org\",\"@graph\":[{\"@type\":\"WebPage\",\"@id\":\"https:\/\/movepainfree.org\/fr\/about-orthopaedics\/conditions-and-ailments\/bone-tumors\/\",\"url\":\"https:\/\/movepainfree.org\/fr\/about-orthopaedics\/conditions-and-ailments\/bone-tumors\/\",\"name\":\"Maladies et tumeurs osseuses - Fondation Canadienne d&#039;Orthop\u00e9die\",\"isPartOf\":{\"@id\":\"https:\/\/movepainfree.org\/fr\/#website\"},\"datePublished\":\"2015-01-20T17:33:21+00:00\",\"dateModified\":\"2020-02-07T15:50:49+00:00\",\"description\":\"La Fondation canadienne d'orthop\u00e9die vient en aide aux patients orthop\u00e9diques, aux professionnels de la sant\u00e9 en orthop\u00e9die, ainsi qu'aux personnes qui se pr\u00e9occupent de leur sant\u00e9 et des questions en mati\u00e8re de sant\u00e9 au sein de la collectivit\u00e9, et ce, \u00e0 l'\u00e9gard de la sant\u00e9 des os et des articulations actuelle et \u00e0 venir.\",\"breadcrumb\":{\"@id\":\"https:\/\/movepainfree.org\/fr\/about-orthopaedics\/conditions-and-ailments\/bone-tumors\/#breadcrumb\"},\"inLanguage\":\"fr-FR\",\"potentialAction\":[{\"@type\":\"ReadAction\",\"target\":[\"https:\/\/movepainfree.org\/fr\/about-orthopaedics\/conditions-and-ailments\/bone-tumors\/\"]}]},{\"@type\":\"BreadcrumbList\",\"@id\":\"https:\/\/movepainfree.org\/fr\/about-orthopaedics\/conditions-and-ailments\/bone-tumors\/#breadcrumb\",\"itemListElement\":[{\"@type\":\"ListItem\",\"position\":1,\"name\":\"Home\",\"item\":\"https:\/\/movepainfree.org\/fr\/\"},{\"@type\":\"ListItem\",\"position\":2,\"name\":\"\u00c0 propos des os et articulations\",\"item\":\"https:\/\/movepainfree.org\/fr\/about-orthopaedics\/\"},{\"@type\":\"ListItem\",\"position\":3,\"name\":\"Blessures et troubles des os et articulations\",\"item\":\"https:\/\/movepainfree.org\/fr\/about-orthopaedics\/conditions-and-ailments\/\"},{\"@type\":\"ListItem\",\"position\":4,\"name\":\"Maladies et tumeurs osseuses\"}]},{\"@type\":\"WebSite\",\"@id\":\"https:\/\/movepainfree.org\/fr\/#website\",\"url\":\"https:\/\/movepainfree.org\/fr\/\",\"name\":\"Fondation Canadienne d&#039;Orthop\u00e9die\",\"description\":\"Fund-raising Activities Support Research, Education, Community Care\",\"potentialAction\":[{\"@type\":\"SearchAction\",\"target\":{\"@type\":\"EntryPoint\",\"urlTemplate\":\"https:\/\/movepainfree.org\/fr\/?s={search_term_string}\"},\"query-input\":{\"@type\":\"PropertyValueSpecification\",\"valueRequired\":true,\"valueName\":\"search_term_string\"}}],\"inLanguage\":\"fr-FR\"}]}<\/script>\n<!-- \/ Yoast SEO plugin. -->","yoast_head_json":{"title":"Maladies et tumeurs osseuses - Fondation Canadienne d&#039;Orthop\u00e9die","description":"La Fondation canadienne d'orthop\u00e9die vient en aide aux patients orthop\u00e9diques, aux professionnels de la sant\u00e9 en orthop\u00e9die, ainsi qu'aux personnes qui se pr\u00e9occupent de leur sant\u00e9 et des questions en mati\u00e8re de sant\u00e9 au sein de la collectivit\u00e9, et ce, \u00e0 l'\u00e9gard de la sant\u00e9 des os et des articulations actuelle et \u00e0 venir.","robots":{"index":"index","follow":"follow","max-snippet":"max-snippet:-1","max-image-preview":"max-image-preview:large","max-video-preview":"max-video-preview:-1"},"canonical":"https:\/\/movepainfree.org\/fr\/about-orthopaedics\/conditions-and-ailments\/bone-tumors\/","og_locale":"fr_FR","og_type":"article","og_title":"Maladies et tumeurs osseuses - Fondation Canadienne d&#039;Orthop\u00e9die","og_description":"La Fondation canadienne d'orthop\u00e9die vient en aide aux patients orthop\u00e9diques, aux professionnels de la sant\u00e9 en orthop\u00e9die, ainsi qu'aux personnes qui se pr\u00e9occupent de leur sant\u00e9 et des questions en mati\u00e8re de sant\u00e9 au sein de la collectivit\u00e9, et ce, \u00e0 l'\u00e9gard de la sant\u00e9 des os et des articulations actuelle et \u00e0 venir.","og_url":"https:\/\/movepainfree.org\/fr\/about-orthopaedics\/conditions-and-ailments\/bone-tumors\/","og_site_name":"Fondation Canadienne d&#039;Orthop\u00e9die","article_modified_time":"2020-02-07T15:50:49+00:00","twitter_card":"summary_large_image","twitter_misc":{"Dur\u00e9e de lecture estim\u00e9e":"2 minutes"},"schema":{"@context":"https:\/\/schema.org","@graph":[{"@type":"WebPage","@id":"https:\/\/movepainfree.org\/fr\/about-orthopaedics\/conditions-and-ailments\/bone-tumors\/","url":"https:\/\/movepainfree.org\/fr\/about-orthopaedics\/conditions-and-ailments\/bone-tumors\/","name":"Maladies et tumeurs osseuses - Fondation Canadienne d&#039;Orthop\u00e9die","isPartOf":{"@id":"https:\/\/movepainfree.org\/fr\/#website"},"datePublished":"2015-01-20T17:33:21+00:00","dateModified":"2020-02-07T15:50:49+00:00","description":"La Fondation canadienne d'orthop\u00e9die vient en aide aux patients orthop\u00e9diques, aux professionnels de la sant\u00e9 en orthop\u00e9die, ainsi qu'aux personnes qui se pr\u00e9occupent de leur sant\u00e9 et des questions en mati\u00e8re de sant\u00e9 au sein de la collectivit\u00e9, et ce, \u00e0 l'\u00e9gard de la sant\u00e9 des os et des articulations actuelle et \u00e0 venir.","breadcrumb":{"@id":"https:\/\/movepainfree.org\/fr\/about-orthopaedics\/conditions-and-ailments\/bone-tumors\/#breadcrumb"},"inLanguage":"fr-FR","potentialAction":[{"@type":"ReadAction","target":["https:\/\/movepainfree.org\/fr\/about-orthopaedics\/conditions-and-ailments\/bone-tumors\/"]}]},{"@type":"BreadcrumbList","@id":"https:\/\/movepainfree.org\/fr\/about-orthopaedics\/conditions-and-ailments\/bone-tumors\/#breadcrumb","itemListElement":[{"@type":"ListItem","position":1,"name":"Home","item":"https:\/\/movepainfree.org\/fr\/"},{"@type":"ListItem","position":2,"name":"\u00c0 propos des os et articulations","item":"https:\/\/movepainfree.org\/fr\/about-orthopaedics\/"},{"@type":"ListItem","position":3,"name":"Blessures et troubles des os et articulations","item":"https:\/\/movepainfree.org\/fr\/about-orthopaedics\/conditions-and-ailments\/"},{"@type":"ListItem","position":4,"name":"Maladies et tumeurs osseuses"}]},{"@type":"WebSite","@id":"https:\/\/movepainfree.org\/fr\/#website","url":"https:\/\/movepainfree.org\/fr\/","name":"Fondation Canadienne d&#039;Orthop\u00e9die","description":"Fund-raising Activities Support Research, Education, Community Care","potentialAction":[{"@type":"SearchAction","target":{"@type":"EntryPoint","urlTemplate":"https:\/\/movepainfree.org\/fr\/?s={search_term_string}"},"query-input":{"@type":"PropertyValueSpecification","valueRequired":true,"valueName":"search_term_string"}}],"inLanguage":"fr-FR"}]}},"_links":{"self":[{"href":"https:\/\/movepainfree.org\/fr\/wp-json\/wp\/v2\/pages\/130","targetHints":{"allow":["GET"]}}],"collection":[{"href":"https:\/\/movepainfree.org\/fr\/wp-json\/wp\/v2\/pages"}],"about":[{"href":"https:\/\/movepainfree.org\/fr\/wp-json\/wp\/v2\/types\/page"}],"author":[{"embeddable":true,"href":"https:\/\/movepainfree.org\/fr\/wp-json\/wp\/v2\/users\/1"}],"replies":[{"embeddable":true,"href":"https:\/\/movepainfree.org\/fr\/wp-json\/wp\/v2\/comments?post=130"}],"version-history":[{"count":3,"href":"https:\/\/movepainfree.org\/fr\/wp-json\/wp\/v2\/pages\/130\/revisions"}],"predecessor-version":[{"id":3211,"href":"https:\/\/movepainfree.org\/fr\/wp-json\/wp\/v2\/pages\/130\/revisions\/3211"}],"up":[{"embeddable":true,"href":"https:\/\/movepainfree.org\/fr\/wp-json\/wp\/v2\/pages\/112"}],"wp:attachment":[{"href":"https:\/\/movepainfree.org\/fr\/wp-json\/wp\/v2\/media?parent=130"}],"curies":[{"name":"wp","href":"https:\/\/api.w.org\/{rel}","templated":true}]}}