{"id":128,"date":"2015-01-20T17:32:50","date_gmt":"2015-01-20T17:32:50","guid":{"rendered":"https:\/\/movepainfree.org\/fr\/?page_id=128"},"modified":"2015-05-29T18:32:26","modified_gmt":"2015-05-29T18:32:26","slug":"bone-or-joint-infections","status":"publish","type":"page","link":"https:\/\/movepainfree.org\/fr\/about-orthopaedics\/conditions-and-ailments\/bone-or-joint-infections\/","title":{"rendered":"Infections osseuses ou articulaires"},"content":{"rendered":"<p>Il est rare qu&rsquo;une infection se d\u00e9veloppe dans les os et les articulations.\u00a0 Si vous soup\u00e7onnez que vous-m\u00eame ou votre enfant peut avoir une infection osseuse ou articulaire, consultez imm\u00e9diatement votre m\u00e9decin pour obtenir un diagnostic et, au besoin, d\u00e9buter le traitement dans les plus brefs d\u00e9lais.<\/p>\n<p><strong>L&rsquo;ost\u00e9omy\u00e9lite <\/strong>est une infection osseuse g\u00e9n\u00e9ralement caus\u00e9e par une bact\u00e9rie lib\u00e9rant du pus.\u00a0\u00a0 La p\u00e9n\u00e9tration de la bact\u00e9rie dans le tissu osseux survient habituellement \u00e0 l&rsquo;occasion, par exemple, d&rsquo;une blessure caus\u00e9e par un objet tranchant, d&rsquo;une fracture ouverte ou encore, par la circulation sanguine.\u00a0 L&rsquo;infection peut s&rsquo;\u00e9tendre \u00e0 l&rsquo;os et \u00e0 la moelle osseuse.<\/p>\n<p>Le foyer infectieux peut se situer dans n&rsquo;importe quel os.\u00a0 Chez les enfants, les os longs sont le plus souvent attaqu\u00e9s.\u00a0 Chez les adultes, les vert\u00e8bres et le pelvis sont les plus souvent touch\u00e9s.\u00a0 L&rsquo;ost\u00e9omy\u00e9lite se d\u00e9veloppe g\u00e9n\u00e9ralement \u00e0 proximit\u00e9 des articulations des membres.\u00a0 Parmi les sympt\u00f4mes associ\u00e9s \u00e0 la maladie, on retrouve de la douleur profonde et des spasmes musculaires au niveau du site de l&rsquo;inflammation, ainsi que de la rougeur, de la chaleur et de la fi\u00e8vre.\u00a0 Des douleurs ou de l&rsquo;enflure au niveau des membres, de la colonne vert\u00e9brale ou du pelvis chez les enfants sont des signes potentiels d&rsquo;infection.\u00a0 L&rsquo;enfant atteint peut boiter ou refuser de marcher.<\/p>\n<p>Le traitement de l&rsquo;ost\u00e9omy\u00e9lite inclut le repos, l&rsquo;administration d&rsquo;un antibiotique, habituellement par voie intraveineuse et dans certains cas, le d\u00e9bridement chirurgical ou un autre type d&rsquo;intervention chirurgical visant \u00e0 \u00e9liminer les tissus osseux morts.<\/p>\n<p><strong>L&rsquo;arthrite septique <\/strong>est caus\u00e9e par la diss\u00e9mination d&rsquo;une bact\u00e9rie \u00e0 partir de la circulation sanguine \u00e0 l&rsquo;int\u00e9rieur de l&rsquo;articulation. Les sympt\u00f4mes de la maladie incluent la rougeur, la chaleur et l&rsquo;inflammation au niveau de la r\u00e9gion affect\u00e9e.\u00a0 Les personnes affect\u00e9es peuvent aussi \u00e9prouver de la raideur, une diminution de l&rsquo;amplitude articulaire et de la fi\u00e8vre.\u00a0 Le diagnostic est fait \u00e0 partir d&rsquo;une analyse du fluide extrait de l&rsquo;articulation.\u00a0 Le traitement consiste en une antibioth\u00e9rapie et le drainage du fluide articulaire infect\u00e9. L&rsquo;arthrite septique est parfois appel\u00e9e \u00ab\u00a0arthrite infectieuse\u00a0\u00bb, \u00ab\u00a0arthrite purulente\u00a0\u00bb ou \u00ab\u00a0pyarthrose\u00a0\u00bb.<\/p>\n<p>&nbsp;<\/p>\n","protected":false},"excerpt":{"rendered":"Il est rare qu&rsquo;une infection se d\u00e9veloppe dans les os et les articulations.\u00a0 Si vous soup\u00e7onnez que vous-m\u00eame ou votre enfant peut avoir une infection osseuse ou articulaire, consultez imm\u00e9diatement&#8230; <a class=\"view-article\" href=\"https:\/\/movepainfree.org\/fr\/about-orthopaedics\/conditions-and-ailments\/bone-or-joint-infections\/\">View Article<\/a>","protected":false},"author":1,"featured_media":0,"parent":112,"menu_order":50,"comment_status":"closed","ping_status":"closed","template":"","meta":{"footnotes":""},"class_list":["post-128","page","type-page","status-publish","hentry"],"yoast_head":"<!-- This site is optimized with the Yoast SEO plugin v27.0 - https:\/\/yoast.com\/product\/yoast-seo-wordpress\/ -->\n<title>Infections osseuses ou articulaires - Fondation Canadienne d&#039;Orthop\u00e9die<\/title>\n<meta name=\"description\" content=\"La Fondation canadienne d&#039;orthop\u00e9die vient en aide aux patients orthop\u00e9diques, aux professionnels de la sant\u00e9 en orthop\u00e9die, ainsi qu&#039;aux personnes qui se pr\u00e9occupent de leur sant\u00e9 et des questions en mati\u00e8re de sant\u00e9 au sein de la collectivit\u00e9, et ce, \u00e0 l&#039;\u00e9gard de la sant\u00e9 des os et des articulations actuelle et \u00e0 venir.\" \/>\n<meta name=\"robots\" content=\"index, follow, max-snippet:-1, max-image-preview:large, max-video-preview:-1\" \/>\n<link rel=\"canonical\" href=\"https:\/\/movepainfree.org\/fr\/about-orthopaedics\/conditions-and-ailments\/bone-or-joint-infections\/\" \/>\n<meta property=\"og:locale\" content=\"fr_FR\" \/>\n<meta property=\"og:type\" content=\"article\" \/>\n<meta property=\"og:title\" content=\"Infections osseuses ou articulaires - Fondation Canadienne d&#039;Orthop\u00e9die\" \/>\n<meta property=\"og:description\" content=\"La Fondation canadienne d&#039;orthop\u00e9die vient en aide aux patients orthop\u00e9diques, aux professionnels de la sant\u00e9 en orthop\u00e9die, ainsi qu&#039;aux personnes qui se pr\u00e9occupent de leur sant\u00e9 et des questions en mati\u00e8re de sant\u00e9 au sein de la collectivit\u00e9, et ce, \u00e0 l&#039;\u00e9gard de la sant\u00e9 des os et des articulations actuelle et \u00e0 venir.\" \/>\n<meta property=\"og:url\" content=\"https:\/\/movepainfree.org\/fr\/about-orthopaedics\/conditions-and-ailments\/bone-or-joint-infections\/\" \/>\n<meta property=\"og:site_name\" content=\"Fondation Canadienne d&#039;Orthop\u00e9die\" \/>\n<meta property=\"article:modified_time\" content=\"2015-05-29T18:32:26+00:00\" \/>\n<meta name=\"twitter:card\" content=\"summary_large_image\" \/>\n<meta name=\"twitter:label1\" content=\"Dur\u00e9e de lecture estim\u00e9e\" \/>\n\t<meta name=\"twitter:data1\" content=\"2 minutes\" \/>\n<script type=\"application\/ld+json\" class=\"yoast-schema-graph\">{\"@context\":\"https:\/\/schema.org\",\"@graph\":[{\"@type\":\"WebPage\",\"@id\":\"https:\/\/movepainfree.org\/fr\/about-orthopaedics\/conditions-and-ailments\/bone-or-joint-infections\/\",\"url\":\"https:\/\/movepainfree.org\/fr\/about-orthopaedics\/conditions-and-ailments\/bone-or-joint-infections\/\",\"name\":\"Infections osseuses ou articulaires - Fondation Canadienne d&#039;Orthop\u00e9die\",\"isPartOf\":{\"@id\":\"https:\/\/movepainfree.org\/fr\/#website\"},\"datePublished\":\"2015-01-20T17:32:50+00:00\",\"dateModified\":\"2015-05-29T18:32:26+00:00\",\"description\":\"La Fondation canadienne d'orthop\u00e9die vient en aide aux patients orthop\u00e9diques, aux professionnels de la sant\u00e9 en orthop\u00e9die, ainsi qu'aux personnes qui se pr\u00e9occupent de leur sant\u00e9 et des questions en mati\u00e8re de sant\u00e9 au sein de la collectivit\u00e9, et ce, \u00e0 l'\u00e9gard de la sant\u00e9 des os et des articulations actuelle et \u00e0 venir.\",\"breadcrumb\":{\"@id\":\"https:\/\/movepainfree.org\/fr\/about-orthopaedics\/conditions-and-ailments\/bone-or-joint-infections\/#breadcrumb\"},\"inLanguage\":\"fr-FR\",\"potentialAction\":[{\"@type\":\"ReadAction\",\"target\":[\"https:\/\/movepainfree.org\/fr\/about-orthopaedics\/conditions-and-ailments\/bone-or-joint-infections\/\"]}]},{\"@type\":\"BreadcrumbList\",\"@id\":\"https:\/\/movepainfree.org\/fr\/about-orthopaedics\/conditions-and-ailments\/bone-or-joint-infections\/#breadcrumb\",\"itemListElement\":[{\"@type\":\"ListItem\",\"position\":1,\"name\":\"Home\",\"item\":\"https:\/\/movepainfree.org\/fr\/\"},{\"@type\":\"ListItem\",\"position\":2,\"name\":\"\u00c0 propos des os et articulations\",\"item\":\"https:\/\/movepainfree.org\/fr\/about-orthopaedics\/\"},{\"@type\":\"ListItem\",\"position\":3,\"name\":\"Blessures et troubles des os et articulations\",\"item\":\"https:\/\/movepainfree.org\/fr\/about-orthopaedics\/conditions-and-ailments\/\"},{\"@type\":\"ListItem\",\"position\":4,\"name\":\"Infections osseuses ou articulaires\"}]},{\"@type\":\"WebSite\",\"@id\":\"https:\/\/movepainfree.org\/fr\/#website\",\"url\":\"https:\/\/movepainfree.org\/fr\/\",\"name\":\"Fondation Canadienne d&#039;Orthop\u00e9die\",\"description\":\"Fund-raising Activities Support Research, Education, Community Care\",\"potentialAction\":[{\"@type\":\"SearchAction\",\"target\":{\"@type\":\"EntryPoint\",\"urlTemplate\":\"https:\/\/movepainfree.org\/fr\/?s={search_term_string}\"},\"query-input\":{\"@type\":\"PropertyValueSpecification\",\"valueRequired\":true,\"valueName\":\"search_term_string\"}}],\"inLanguage\":\"fr-FR\"}]}<\/script>\n<!-- \/ Yoast SEO plugin. -->","yoast_head_json":{"title":"Infections osseuses ou articulaires - Fondation Canadienne d&#039;Orthop\u00e9die","description":"La Fondation canadienne d'orthop\u00e9die vient en aide aux patients orthop\u00e9diques, aux professionnels de la sant\u00e9 en orthop\u00e9die, ainsi qu'aux personnes qui se pr\u00e9occupent de leur sant\u00e9 et des questions en mati\u00e8re de sant\u00e9 au sein de la collectivit\u00e9, et ce, \u00e0 l'\u00e9gard de la sant\u00e9 des os et des articulations actuelle et \u00e0 venir.","robots":{"index":"index","follow":"follow","max-snippet":"max-snippet:-1","max-image-preview":"max-image-preview:large","max-video-preview":"max-video-preview:-1"},"canonical":"https:\/\/movepainfree.org\/fr\/about-orthopaedics\/conditions-and-ailments\/bone-or-joint-infections\/","og_locale":"fr_FR","og_type":"article","og_title":"Infections osseuses ou articulaires - Fondation Canadienne d&#039;Orthop\u00e9die","og_description":"La Fondation canadienne d'orthop\u00e9die vient en aide aux patients orthop\u00e9diques, aux professionnels de la sant\u00e9 en orthop\u00e9die, ainsi qu'aux personnes qui se pr\u00e9occupent de leur sant\u00e9 et des questions en mati\u00e8re de sant\u00e9 au sein de la collectivit\u00e9, et ce, \u00e0 l'\u00e9gard de la sant\u00e9 des os et des articulations actuelle et \u00e0 venir.","og_url":"https:\/\/movepainfree.org\/fr\/about-orthopaedics\/conditions-and-ailments\/bone-or-joint-infections\/","og_site_name":"Fondation Canadienne d&#039;Orthop\u00e9die","article_modified_time":"2015-05-29T18:32:26+00:00","twitter_card":"summary_large_image","twitter_misc":{"Dur\u00e9e de lecture estim\u00e9e":"2 minutes"},"schema":{"@context":"https:\/\/schema.org","@graph":[{"@type":"WebPage","@id":"https:\/\/movepainfree.org\/fr\/about-orthopaedics\/conditions-and-ailments\/bone-or-joint-infections\/","url":"https:\/\/movepainfree.org\/fr\/about-orthopaedics\/conditions-and-ailments\/bone-or-joint-infections\/","name":"Infections osseuses ou articulaires - Fondation Canadienne d&#039;Orthop\u00e9die","isPartOf":{"@id":"https:\/\/movepainfree.org\/fr\/#website"},"datePublished":"2015-01-20T17:32:50+00:00","dateModified":"2015-05-29T18:32:26+00:00","description":"La Fondation canadienne d'orthop\u00e9die vient en aide aux patients orthop\u00e9diques, aux professionnels de la sant\u00e9 en orthop\u00e9die, ainsi qu'aux personnes qui se pr\u00e9occupent de leur sant\u00e9 et des questions en mati\u00e8re de sant\u00e9 au sein de la collectivit\u00e9, et ce, \u00e0 l'\u00e9gard de la sant\u00e9 des os et des articulations actuelle et \u00e0 venir.","breadcrumb":{"@id":"https:\/\/movepainfree.org\/fr\/about-orthopaedics\/conditions-and-ailments\/bone-or-joint-infections\/#breadcrumb"},"inLanguage":"fr-FR","potentialAction":[{"@type":"ReadAction","target":["https:\/\/movepainfree.org\/fr\/about-orthopaedics\/conditions-and-ailments\/bone-or-joint-infections\/"]}]},{"@type":"BreadcrumbList","@id":"https:\/\/movepainfree.org\/fr\/about-orthopaedics\/conditions-and-ailments\/bone-or-joint-infections\/#breadcrumb","itemListElement":[{"@type":"ListItem","position":1,"name":"Home","item":"https:\/\/movepainfree.org\/fr\/"},{"@type":"ListItem","position":2,"name":"\u00c0 propos des os et articulations","item":"https:\/\/movepainfree.org\/fr\/about-orthopaedics\/"},{"@type":"ListItem","position":3,"name":"Blessures et troubles des os et articulations","item":"https:\/\/movepainfree.org\/fr\/about-orthopaedics\/conditions-and-ailments\/"},{"@type":"ListItem","position":4,"name":"Infections osseuses ou articulaires"}]},{"@type":"WebSite","@id":"https:\/\/movepainfree.org\/fr\/#website","url":"https:\/\/movepainfree.org\/fr\/","name":"Fondation Canadienne d&#039;Orthop\u00e9die","description":"Fund-raising Activities Support Research, Education, Community Care","potentialAction":[{"@type":"SearchAction","target":{"@type":"EntryPoint","urlTemplate":"https:\/\/movepainfree.org\/fr\/?s={search_term_string}"},"query-input":{"@type":"PropertyValueSpecification","valueRequired":true,"valueName":"search_term_string"}}],"inLanguage":"fr-FR"}]}},"_links":{"self":[{"href":"https:\/\/movepainfree.org\/fr\/wp-json\/wp\/v2\/pages\/128","targetHints":{"allow":["GET"]}}],"collection":[{"href":"https:\/\/movepainfree.org\/fr\/wp-json\/wp\/v2\/pages"}],"about":[{"href":"https:\/\/movepainfree.org\/fr\/wp-json\/wp\/v2\/types\/page"}],"author":[{"embeddable":true,"href":"https:\/\/movepainfree.org\/fr\/wp-json\/wp\/v2\/users\/1"}],"replies":[{"embeddable":true,"href":"https:\/\/movepainfree.org\/fr\/wp-json\/wp\/v2\/comments?post=128"}],"version-history":[{"count":3,"href":"https:\/\/movepainfree.org\/fr\/wp-json\/wp\/v2\/pages\/128\/revisions"}],"predecessor-version":[{"id":1220,"href":"https:\/\/movepainfree.org\/fr\/wp-json\/wp\/v2\/pages\/128\/revisions\/1220"}],"up":[{"embeddable":true,"href":"https:\/\/movepainfree.org\/fr\/wp-json\/wp\/v2\/pages\/112"}],"wp:attachment":[{"href":"https:\/\/movepainfree.org\/fr\/wp-json\/wp\/v2\/media?parent=128"}],"curies":[{"name":"wp","href":"https:\/\/api.w.org\/{rel}","templated":true}]}}