{"id":126,"date":"2015-01-20T17:31:55","date_gmt":"2015-01-20T17:31:55","guid":{"rendered":"https:\/\/movepainfree.org\/fr\/?page_id=126"},"modified":"2015-05-29T18:29:44","modified_gmt":"2015-05-29T18:29:44","slug":"osteoporosis","status":"publish","type":"page","link":"https:\/\/movepainfree.org\/fr\/about-orthopaedics\/conditions-and-ailments\/osteoporosis\/","title":{"rendered":"l&rsquo;Ost\u00e9oporose"},"content":{"rendered":"<p>L&rsquo;ost\u00e9oporose est une maladie caract\u00e9ris\u00e9e par la perte de masse osseuse et la d\u00e9t\u00e9rioration du tissu osseux, ce qui rend les os plus minces et plus fragiles.\u00a0 Les risques de fracture sont accrus, particuli\u00e8rement au niveau des hanches, de la colonne vert\u00e9brale et des poignets.<\/p>\n<p>Chez les personnes les plus gravement atteintes, les fractures peuvent survenir \u00e0 la suite des gestes les plus simples, par exemple, se pencher vers l&rsquo;avant ou soulever un objet lourd.\u00a0 L&rsquo;ost\u00e9oporose touche 1,4\u00a0million de personnes au Canada, la majorit\u00e9 \u00e9tant des femmes et des personnes \u00e2g\u00e9es.<\/p>\n<p>On appelle parfois l&rsquo;ost\u00e9oporose le \u00ab\u00a0voleur furtif\u00a0\u00bb en raison de son action graduelle d&rsquo;affaiblissement des os.\u00a0 Dans bien des cas, elle n&rsquo;est associ\u00e9e \u00e0 aucun sympt\u00f4me apparent avant qu&rsquo;une fracture survienne.\u00a0 Le test le plus d\u00e9terminant pour le diagnostic de l&rsquo;ost\u00e9oporose est l&rsquo;\u00e9valuation de la teneur min\u00e9rale de l&rsquo;os.<\/p>\n<p>Les femmes sont plus susceptibles de d\u00e9velopper la maladie lorsqu&rsquo;elles avancent en \u00e2ge, puisque leurs os pr\u00e9sentent une densit\u00e9 de 20 \u00e0 30\u00a0pour cent inf\u00e9rieure \u00e0 celle des hommes.\u00a0 Chez les femmes m\u00e9nopaus\u00e9es, la baisse du niveau d&rsquo;\u0153strog\u00e8nes est l&rsquo;un des principaux facteurs associ\u00e9s \u00e0 l&rsquo;apparition de l&rsquo;ost\u00e9oporose.<\/p>\n<p>Pour pr\u00e9venir l&rsquo;apparition de la maladie, il est recommand\u00e9 de consommer des aliments riches en calcium, comme le lait, les l\u00e9gumes verts, le jus d&rsquo;orange et les c\u00e9r\u00e9ales enrichis de calcium, ainsi que des suppl\u00e9ments en calcium.\u00a0 Consultez votre m\u00e9decin pour savoir si vous devriez \u00e9galement prendre des suppl\u00e9ments en vitamine\u00a0D et en calcium.\u00a0 Il est \u00e9galement recommand\u00e9 de cesser de fumer et d&rsquo;\u00e9viter la consommation excessive d&rsquo;alcool, ces deux facteurs favorisant la perte de masse osseuse.\u00a0 La pratique r\u00e9guli\u00e8re d&rsquo;exercices physiques, alliant des exercices en a\u00e9robie au renforcement musculaire, peut contribuer \u00e0 pr\u00e9server la masse osseuse.\u00a0 Le m\u00e9decin pourra proposer aux femmes m\u00e9nopaus\u00e9es l&rsquo;hormonoth\u00e9rapie substitutive (traitement aux hormones) afin de pr\u00e9server la teneur calcique osseuse et de pr\u00e9venir l&rsquo;apparition de l&rsquo;ost\u00e9oporose.<\/p>\n<p>&nbsp;<\/p>\n","protected":false},"excerpt":{"rendered":"L&rsquo;ost\u00e9oporose est une maladie caract\u00e9ris\u00e9e par la perte de masse osseuse et la d\u00e9t\u00e9rioration du tissu osseux, ce qui rend les os plus minces et plus fragiles.\u00a0 Les risques de&#8230; <a class=\"view-article\" href=\"https:\/\/movepainfree.org\/fr\/about-orthopaedics\/conditions-and-ailments\/osteoporosis\/\">View Article<\/a>","protected":false},"author":1,"featured_media":0,"parent":112,"menu_order":40,"comment_status":"closed","ping_status":"closed","template":"","meta":{"footnotes":""},"class_list":["post-126","page","type-page","status-publish","hentry"],"yoast_head":"<!-- This site is optimized with the Yoast SEO plugin v27.0 - https:\/\/yoast.com\/product\/yoast-seo-wordpress\/ -->\n<title>l&#039;Ost\u00e9oporose - Fondation Canadienne d&#039;Orthop\u00e9die<\/title>\n<meta name=\"description\" content=\"La Fondation canadienne d&#039;orthop\u00e9die vient en aide aux patients orthop\u00e9diques, aux professionnels de la sant\u00e9 en orthop\u00e9die, ainsi qu&#039;aux personnes qui se pr\u00e9occupent de leur sant\u00e9 et des questions en mati\u00e8re de sant\u00e9 au sein de la collectivit\u00e9, et ce, \u00e0 l&#039;\u00e9gard de la sant\u00e9 des os et des articulations actuelle et \u00e0 venir.\" \/>\n<meta name=\"robots\" content=\"index, follow, max-snippet:-1, max-image-preview:large, max-video-preview:-1\" \/>\n<link rel=\"canonical\" href=\"https:\/\/movepainfree.org\/fr\/about-orthopaedics\/conditions-and-ailments\/osteoporosis\/\" \/>\n<meta property=\"og:locale\" content=\"fr_FR\" \/>\n<meta property=\"og:type\" content=\"article\" \/>\n<meta property=\"og:title\" content=\"l&#039;Ost\u00e9oporose - Fondation Canadienne d&#039;Orthop\u00e9die\" \/>\n<meta property=\"og:description\" content=\"La Fondation canadienne d&#039;orthop\u00e9die vient en aide aux patients orthop\u00e9diques, aux professionnels de la sant\u00e9 en orthop\u00e9die, ainsi qu&#039;aux personnes qui se pr\u00e9occupent de leur sant\u00e9 et des questions en mati\u00e8re de sant\u00e9 au sein de la collectivit\u00e9, et ce, \u00e0 l&#039;\u00e9gard de la sant\u00e9 des os et des articulations actuelle et \u00e0 venir.\" \/>\n<meta property=\"og:url\" content=\"https:\/\/movepainfree.org\/fr\/about-orthopaedics\/conditions-and-ailments\/osteoporosis\/\" \/>\n<meta property=\"og:site_name\" content=\"Fondation Canadienne d&#039;Orthop\u00e9die\" \/>\n<meta property=\"article:modified_time\" content=\"2015-05-29T18:29:44+00:00\" \/>\n<meta name=\"twitter:card\" content=\"summary_large_image\" \/>\n<meta name=\"twitter:label1\" content=\"Dur\u00e9e de lecture estim\u00e9e\" \/>\n\t<meta name=\"twitter:data1\" content=\"2 minutes\" \/>\n<script type=\"application\/ld+json\" class=\"yoast-schema-graph\">{\"@context\":\"https:\/\/schema.org\",\"@graph\":[{\"@type\":\"WebPage\",\"@id\":\"https:\/\/movepainfree.org\/fr\/about-orthopaedics\/conditions-and-ailments\/osteoporosis\/\",\"url\":\"https:\/\/movepainfree.org\/fr\/about-orthopaedics\/conditions-and-ailments\/osteoporosis\/\",\"name\":\"l'Ost\u00e9oporose - Fondation Canadienne d&#039;Orthop\u00e9die\",\"isPartOf\":{\"@id\":\"https:\/\/movepainfree.org\/fr\/#website\"},\"datePublished\":\"2015-01-20T17:31:55+00:00\",\"dateModified\":\"2015-05-29T18:29:44+00:00\",\"description\":\"La Fondation canadienne d'orthop\u00e9die vient en aide aux patients orthop\u00e9diques, aux professionnels de la sant\u00e9 en orthop\u00e9die, ainsi qu'aux personnes qui se pr\u00e9occupent de leur sant\u00e9 et des questions en mati\u00e8re de sant\u00e9 au sein de la collectivit\u00e9, et ce, \u00e0 l'\u00e9gard de la sant\u00e9 des os et des articulations actuelle et \u00e0 venir.\",\"breadcrumb\":{\"@id\":\"https:\/\/movepainfree.org\/fr\/about-orthopaedics\/conditions-and-ailments\/osteoporosis\/#breadcrumb\"},\"inLanguage\":\"fr-FR\",\"potentialAction\":[{\"@type\":\"ReadAction\",\"target\":[\"https:\/\/movepainfree.org\/fr\/about-orthopaedics\/conditions-and-ailments\/osteoporosis\/\"]}]},{\"@type\":\"BreadcrumbList\",\"@id\":\"https:\/\/movepainfree.org\/fr\/about-orthopaedics\/conditions-and-ailments\/osteoporosis\/#breadcrumb\",\"itemListElement\":[{\"@type\":\"ListItem\",\"position\":1,\"name\":\"Home\",\"item\":\"https:\/\/movepainfree.org\/fr\/\"},{\"@type\":\"ListItem\",\"position\":2,\"name\":\"\u00c0 propos des os et articulations\",\"item\":\"https:\/\/movepainfree.org\/fr\/about-orthopaedics\/\"},{\"@type\":\"ListItem\",\"position\":3,\"name\":\"Blessures et troubles des os et articulations\",\"item\":\"https:\/\/movepainfree.org\/fr\/about-orthopaedics\/conditions-and-ailments\/\"},{\"@type\":\"ListItem\",\"position\":4,\"name\":\"l&rsquo;Ost\u00e9oporose\"}]},{\"@type\":\"WebSite\",\"@id\":\"https:\/\/movepainfree.org\/fr\/#website\",\"url\":\"https:\/\/movepainfree.org\/fr\/\",\"name\":\"Fondation Canadienne d&#039;Orthop\u00e9die\",\"description\":\"Fund-raising Activities Support Research, Education, Community Care\",\"potentialAction\":[{\"@type\":\"SearchAction\",\"target\":{\"@type\":\"EntryPoint\",\"urlTemplate\":\"https:\/\/movepainfree.org\/fr\/?s={search_term_string}\"},\"query-input\":{\"@type\":\"PropertyValueSpecification\",\"valueRequired\":true,\"valueName\":\"search_term_string\"}}],\"inLanguage\":\"fr-FR\"}]}<\/script>\n<!-- \/ Yoast SEO plugin. -->","yoast_head_json":{"title":"l'Ost\u00e9oporose - Fondation Canadienne d&#039;Orthop\u00e9die","description":"La Fondation canadienne d'orthop\u00e9die vient en aide aux patients orthop\u00e9diques, aux professionnels de la sant\u00e9 en orthop\u00e9die, ainsi qu'aux personnes qui se pr\u00e9occupent de leur sant\u00e9 et des questions en mati\u00e8re de sant\u00e9 au sein de la collectivit\u00e9, et ce, \u00e0 l'\u00e9gard de la sant\u00e9 des os et des articulations actuelle et \u00e0 venir.","robots":{"index":"index","follow":"follow","max-snippet":"max-snippet:-1","max-image-preview":"max-image-preview:large","max-video-preview":"max-video-preview:-1"},"canonical":"https:\/\/movepainfree.org\/fr\/about-orthopaedics\/conditions-and-ailments\/osteoporosis\/","og_locale":"fr_FR","og_type":"article","og_title":"l'Ost\u00e9oporose - Fondation Canadienne d&#039;Orthop\u00e9die","og_description":"La Fondation canadienne d'orthop\u00e9die vient en aide aux patients orthop\u00e9diques, aux professionnels de la sant\u00e9 en orthop\u00e9die, ainsi qu'aux personnes qui se pr\u00e9occupent de leur sant\u00e9 et des questions en mati\u00e8re de sant\u00e9 au sein de la collectivit\u00e9, et ce, \u00e0 l'\u00e9gard de la sant\u00e9 des os et des articulations actuelle et \u00e0 venir.","og_url":"https:\/\/movepainfree.org\/fr\/about-orthopaedics\/conditions-and-ailments\/osteoporosis\/","og_site_name":"Fondation Canadienne d&#039;Orthop\u00e9die","article_modified_time":"2015-05-29T18:29:44+00:00","twitter_card":"summary_large_image","twitter_misc":{"Dur\u00e9e de lecture estim\u00e9e":"2 minutes"},"schema":{"@context":"https:\/\/schema.org","@graph":[{"@type":"WebPage","@id":"https:\/\/movepainfree.org\/fr\/about-orthopaedics\/conditions-and-ailments\/osteoporosis\/","url":"https:\/\/movepainfree.org\/fr\/about-orthopaedics\/conditions-and-ailments\/osteoporosis\/","name":"l'Ost\u00e9oporose - Fondation Canadienne d&#039;Orthop\u00e9die","isPartOf":{"@id":"https:\/\/movepainfree.org\/fr\/#website"},"datePublished":"2015-01-20T17:31:55+00:00","dateModified":"2015-05-29T18:29:44+00:00","description":"La Fondation canadienne d'orthop\u00e9die vient en aide aux patients orthop\u00e9diques, aux professionnels de la sant\u00e9 en orthop\u00e9die, ainsi qu'aux personnes qui se pr\u00e9occupent de leur sant\u00e9 et des questions en mati\u00e8re de sant\u00e9 au sein de la collectivit\u00e9, et ce, \u00e0 l'\u00e9gard de la sant\u00e9 des os et des articulations actuelle et \u00e0 venir.","breadcrumb":{"@id":"https:\/\/movepainfree.org\/fr\/about-orthopaedics\/conditions-and-ailments\/osteoporosis\/#breadcrumb"},"inLanguage":"fr-FR","potentialAction":[{"@type":"ReadAction","target":["https:\/\/movepainfree.org\/fr\/about-orthopaedics\/conditions-and-ailments\/osteoporosis\/"]}]},{"@type":"BreadcrumbList","@id":"https:\/\/movepainfree.org\/fr\/about-orthopaedics\/conditions-and-ailments\/osteoporosis\/#breadcrumb","itemListElement":[{"@type":"ListItem","position":1,"name":"Home","item":"https:\/\/movepainfree.org\/fr\/"},{"@type":"ListItem","position":2,"name":"\u00c0 propos des os et articulations","item":"https:\/\/movepainfree.org\/fr\/about-orthopaedics\/"},{"@type":"ListItem","position":3,"name":"Blessures et troubles des os et articulations","item":"https:\/\/movepainfree.org\/fr\/about-orthopaedics\/conditions-and-ailments\/"},{"@type":"ListItem","position":4,"name":"l&rsquo;Ost\u00e9oporose"}]},{"@type":"WebSite","@id":"https:\/\/movepainfree.org\/fr\/#website","url":"https:\/\/movepainfree.org\/fr\/","name":"Fondation Canadienne d&#039;Orthop\u00e9die","description":"Fund-raising Activities Support Research, Education, Community Care","potentialAction":[{"@type":"SearchAction","target":{"@type":"EntryPoint","urlTemplate":"https:\/\/movepainfree.org\/fr\/?s={search_term_string}"},"query-input":{"@type":"PropertyValueSpecification","valueRequired":true,"valueName":"search_term_string"}}],"inLanguage":"fr-FR"}]}},"_links":{"self":[{"href":"https:\/\/movepainfree.org\/fr\/wp-json\/wp\/v2\/pages\/126","targetHints":{"allow":["GET"]}}],"collection":[{"href":"https:\/\/movepainfree.org\/fr\/wp-json\/wp\/v2\/pages"}],"about":[{"href":"https:\/\/movepainfree.org\/fr\/wp-json\/wp\/v2\/types\/page"}],"author":[{"embeddable":true,"href":"https:\/\/movepainfree.org\/fr\/wp-json\/wp\/v2\/users\/1"}],"replies":[{"embeddable":true,"href":"https:\/\/movepainfree.org\/fr\/wp-json\/wp\/v2\/comments?post=126"}],"version-history":[{"count":2,"href":"https:\/\/movepainfree.org\/fr\/wp-json\/wp\/v2\/pages\/126\/revisions"}],"predecessor-version":[{"id":1218,"href":"https:\/\/movepainfree.org\/fr\/wp-json\/wp\/v2\/pages\/126\/revisions\/1218"}],"up":[{"embeddable":true,"href":"https:\/\/movepainfree.org\/fr\/wp-json\/wp\/v2\/pages\/112"}],"wp:attachment":[{"href":"https:\/\/movepainfree.org\/fr\/wp-json\/wp\/v2\/media?parent=126"}],"curies":[{"name":"wp","href":"https:\/\/api.w.org\/{rel}","templated":true}]}}