{"id":122,"date":"2015-01-20T17:30:01","date_gmt":"2015-01-20T17:30:01","guid":{"rendered":"https:\/\/movepainfree.org\/fr\/?page_id=122"},"modified":"2015-05-29T18:34:57","modified_gmt":"2015-05-29T18:34:57","slug":"rheumatoid-arthritis","status":"publish","type":"page","link":"https:\/\/movepainfree.org\/fr\/about-orthopaedics\/conditions-and-ailments\/arthritis\/rheumatoid-arthritis\/","title":{"rendered":"La polyarthrite rhumato\u00efde"},"content":{"rendered":"<p>La polyarthrite rhumato\u00efde ou PR est une forme courante de l&rsquo;arthrite.\u00a0 La PR se caract\u00e9rise par l&rsquo;inflammation de la synoviale, la structure qui enveloppe et prot\u00e8ge l&rsquo;articulation, et, parfois, d&rsquo;autres organes.\u00a0 Parmi les sympt\u00f4mes de la PR, on retrouve de l&rsquo;enflure, de la douleur, de la raideur et une diminution de l&rsquo;amplitude de mouvement.\u00a0 La maladie peut survenir \u00e0 tout \u00e2ge, m\u00eame pendant la petite enfance, bien qu&rsquo;elle apparaisse dans la plupart des cas pendant la vingtaine ou la trentaine.\u00a0 La PR touche trois plus de femmes que d&rsquo;hommes.<\/p>\n<p>Elle est habituellement bilat\u00e9rale.\u00a0 Par exemple, les poignets gauche et droit sont affect\u00e9s.\u00a0 La PR affecte g\u00e9n\u00e9ralement les mains, les coudes, les \u00e9paules, le cou, les hanches, les genoux, les chevilles et les pieds.<\/p>\n<p>Un r\u00e9gime alimentaire sain, la pratique r\u00e9guli\u00e8re d&rsquo;activit\u00e9s physiques r\u00e9guli\u00e8re et un suivi aupr\u00e8s des professionnels de la sant\u00e9 font partie des composantes essentielles de la prise en charge de la polyarthrite rhumato\u00efde.\u00a0 Les personnes atteintes de PR doivent prendre grand soin de leurs articulations en \u00e9tant conscientes que plusieurs activit\u00e9s de la vie ordinaire peuvent provoquer de la douleur et aggraver la d\u00e9t\u00e9rioration articulaire.<\/p>\n","protected":false},"excerpt":{"rendered":"La polyarthrite rhumato\u00efde ou PR est une forme courante de l&rsquo;arthrite.\u00a0 La PR se caract\u00e9rise par l&rsquo;inflammation de la synoviale, la structure qui enveloppe et prot\u00e8ge l&rsquo;articulation, et, parfois, d&rsquo;autres&#8230; <a class=\"view-article\" href=\"https:\/\/movepainfree.org\/fr\/about-orthopaedics\/conditions-and-ailments\/arthritis\/rheumatoid-arthritis\/\">View Article<\/a>","protected":false},"author":1,"featured_media":0,"parent":118,"menu_order":20,"comment_status":"closed","ping_status":"closed","template":"","meta":{"footnotes":""},"class_list":["post-122","page","type-page","status-publish","hentry"],"yoast_head":"<!-- This site is optimized with the Yoast SEO plugin v27.0 - https:\/\/yoast.com\/product\/yoast-seo-wordpress\/ -->\n<title>La polyarthrite rhumato\u00efde - Fondation Canadienne d&#039;Orthop\u00e9die<\/title>\n<meta name=\"description\" content=\"La Fondation canadienne d&#039;orthop\u00e9die vient en aide aux patients orthop\u00e9diques, aux professionnels de la sant\u00e9 en orthop\u00e9die, ainsi qu&#039;aux personnes qui se pr\u00e9occupent de leur sant\u00e9 et des questions en mati\u00e8re de sant\u00e9 au sein de la collectivit\u00e9, et ce, \u00e0 l&#039;\u00e9gard de la sant\u00e9 des os et des articulations actuelle et \u00e0 venir.\" \/>\n<meta name=\"robots\" content=\"index, follow, max-snippet:-1, max-image-preview:large, max-video-preview:-1\" \/>\n<link rel=\"canonical\" href=\"https:\/\/movepainfree.org\/fr\/about-orthopaedics\/conditions-and-ailments\/arthritis\/rheumatoid-arthritis\/\" \/>\n<meta property=\"og:locale\" content=\"fr_FR\" \/>\n<meta property=\"og:type\" content=\"article\" \/>\n<meta property=\"og:title\" content=\"La polyarthrite rhumato\u00efde - Fondation Canadienne d&#039;Orthop\u00e9die\" \/>\n<meta property=\"og:description\" content=\"La Fondation canadienne d&#039;orthop\u00e9die vient en aide aux patients orthop\u00e9diques, aux professionnels de la sant\u00e9 en orthop\u00e9die, ainsi qu&#039;aux personnes qui se pr\u00e9occupent de leur sant\u00e9 et des questions en mati\u00e8re de sant\u00e9 au sein de la collectivit\u00e9, et ce, \u00e0 l&#039;\u00e9gard de la sant\u00e9 des os et des articulations actuelle et \u00e0 venir.\" \/>\n<meta property=\"og:url\" content=\"https:\/\/movepainfree.org\/fr\/about-orthopaedics\/conditions-and-ailments\/arthritis\/rheumatoid-arthritis\/\" \/>\n<meta property=\"og:site_name\" content=\"Fondation Canadienne d&#039;Orthop\u00e9die\" \/>\n<meta property=\"article:modified_time\" content=\"2015-05-29T18:34:57+00:00\" \/>\n<meta name=\"twitter:card\" content=\"summary_large_image\" \/>\n<meta name=\"twitter:label1\" content=\"Dur\u00e9e de lecture estim\u00e9e\" \/>\n\t<meta name=\"twitter:data1\" content=\"1 minute\" \/>\n<script type=\"application\/ld+json\" class=\"yoast-schema-graph\">{\"@context\":\"https:\/\/schema.org\",\"@graph\":[{\"@type\":\"WebPage\",\"@id\":\"https:\/\/movepainfree.org\/fr\/about-orthopaedics\/conditions-and-ailments\/arthritis\/rheumatoid-arthritis\/\",\"url\":\"https:\/\/movepainfree.org\/fr\/about-orthopaedics\/conditions-and-ailments\/arthritis\/rheumatoid-arthritis\/\",\"name\":\"La polyarthrite rhumato\u00efde - Fondation Canadienne d&#039;Orthop\u00e9die\",\"isPartOf\":{\"@id\":\"https:\/\/movepainfree.org\/fr\/#website\"},\"datePublished\":\"2015-01-20T17:30:01+00:00\",\"dateModified\":\"2015-05-29T18:34:57+00:00\",\"description\":\"La Fondation canadienne d'orthop\u00e9die vient en aide aux patients orthop\u00e9diques, aux professionnels de la sant\u00e9 en orthop\u00e9die, ainsi qu'aux personnes qui se pr\u00e9occupent de leur sant\u00e9 et des questions en mati\u00e8re de sant\u00e9 au sein de la collectivit\u00e9, et ce, \u00e0 l'\u00e9gard de la sant\u00e9 des os et des articulations actuelle et \u00e0 venir.\",\"breadcrumb\":{\"@id\":\"https:\/\/movepainfree.org\/fr\/about-orthopaedics\/conditions-and-ailments\/arthritis\/rheumatoid-arthritis\/#breadcrumb\"},\"inLanguage\":\"fr-FR\",\"potentialAction\":[{\"@type\":\"ReadAction\",\"target\":[\"https:\/\/movepainfree.org\/fr\/about-orthopaedics\/conditions-and-ailments\/arthritis\/rheumatoid-arthritis\/\"]}]},{\"@type\":\"BreadcrumbList\",\"@id\":\"https:\/\/movepainfree.org\/fr\/about-orthopaedics\/conditions-and-ailments\/arthritis\/rheumatoid-arthritis\/#breadcrumb\",\"itemListElement\":[{\"@type\":\"ListItem\",\"position\":1,\"name\":\"Home\",\"item\":\"https:\/\/movepainfree.org\/fr\/\"},{\"@type\":\"ListItem\",\"position\":2,\"name\":\"\u00c0 propos des os et articulations\",\"item\":\"https:\/\/movepainfree.org\/fr\/about-orthopaedics\/\"},{\"@type\":\"ListItem\",\"position\":3,\"name\":\"Blessures et troubles des os et articulations\",\"item\":\"https:\/\/movepainfree.org\/fr\/about-orthopaedics\/conditions-and-ailments\/\"},{\"@type\":\"ListItem\",\"position\":4,\"name\":\"L&rsquo;arthrite\",\"item\":\"https:\/\/movepainfree.org\/fr\/about-orthopaedics\/conditions-and-ailments\/arthritis\/\"},{\"@type\":\"ListItem\",\"position\":5,\"name\":\"La polyarthrite rhumato\u00efde\"}]},{\"@type\":\"WebSite\",\"@id\":\"https:\/\/movepainfree.org\/fr\/#website\",\"url\":\"https:\/\/movepainfree.org\/fr\/\",\"name\":\"Fondation Canadienne d&#039;Orthop\u00e9die\",\"description\":\"Fund-raising Activities Support Research, Education, Community Care\",\"potentialAction\":[{\"@type\":\"SearchAction\",\"target\":{\"@type\":\"EntryPoint\",\"urlTemplate\":\"https:\/\/movepainfree.org\/fr\/?s={search_term_string}\"},\"query-input\":{\"@type\":\"PropertyValueSpecification\",\"valueRequired\":true,\"valueName\":\"search_term_string\"}}],\"inLanguage\":\"fr-FR\"}]}<\/script>\n<!-- \/ Yoast SEO plugin. -->","yoast_head_json":{"title":"La polyarthrite rhumato\u00efde - Fondation Canadienne d&#039;Orthop\u00e9die","description":"La Fondation canadienne d'orthop\u00e9die vient en aide aux patients orthop\u00e9diques, aux professionnels de la sant\u00e9 en orthop\u00e9die, ainsi qu'aux personnes qui se pr\u00e9occupent de leur sant\u00e9 et des questions en mati\u00e8re de sant\u00e9 au sein de la collectivit\u00e9, et ce, \u00e0 l'\u00e9gard de la sant\u00e9 des os et des articulations actuelle et \u00e0 venir.","robots":{"index":"index","follow":"follow","max-snippet":"max-snippet:-1","max-image-preview":"max-image-preview:large","max-video-preview":"max-video-preview:-1"},"canonical":"https:\/\/movepainfree.org\/fr\/about-orthopaedics\/conditions-and-ailments\/arthritis\/rheumatoid-arthritis\/","og_locale":"fr_FR","og_type":"article","og_title":"La polyarthrite rhumato\u00efde - Fondation Canadienne d&#039;Orthop\u00e9die","og_description":"La Fondation canadienne d'orthop\u00e9die vient en aide aux patients orthop\u00e9diques, aux professionnels de la sant\u00e9 en orthop\u00e9die, ainsi qu'aux personnes qui se pr\u00e9occupent de leur sant\u00e9 et des questions en mati\u00e8re de sant\u00e9 au sein de la collectivit\u00e9, et ce, \u00e0 l'\u00e9gard de la sant\u00e9 des os et des articulations actuelle et \u00e0 venir.","og_url":"https:\/\/movepainfree.org\/fr\/about-orthopaedics\/conditions-and-ailments\/arthritis\/rheumatoid-arthritis\/","og_site_name":"Fondation Canadienne d&#039;Orthop\u00e9die","article_modified_time":"2015-05-29T18:34:57+00:00","twitter_card":"summary_large_image","twitter_misc":{"Dur\u00e9e de lecture estim\u00e9e":"1 minute"},"schema":{"@context":"https:\/\/schema.org","@graph":[{"@type":"WebPage","@id":"https:\/\/movepainfree.org\/fr\/about-orthopaedics\/conditions-and-ailments\/arthritis\/rheumatoid-arthritis\/","url":"https:\/\/movepainfree.org\/fr\/about-orthopaedics\/conditions-and-ailments\/arthritis\/rheumatoid-arthritis\/","name":"La polyarthrite rhumato\u00efde - Fondation Canadienne d&#039;Orthop\u00e9die","isPartOf":{"@id":"https:\/\/movepainfree.org\/fr\/#website"},"datePublished":"2015-01-20T17:30:01+00:00","dateModified":"2015-05-29T18:34:57+00:00","description":"La Fondation canadienne d'orthop\u00e9die vient en aide aux patients orthop\u00e9diques, aux professionnels de la sant\u00e9 en orthop\u00e9die, ainsi qu'aux personnes qui se pr\u00e9occupent de leur sant\u00e9 et des questions en mati\u00e8re de sant\u00e9 au sein de la collectivit\u00e9, et ce, \u00e0 l'\u00e9gard de la sant\u00e9 des os et des articulations actuelle et \u00e0 venir.","breadcrumb":{"@id":"https:\/\/movepainfree.org\/fr\/about-orthopaedics\/conditions-and-ailments\/arthritis\/rheumatoid-arthritis\/#breadcrumb"},"inLanguage":"fr-FR","potentialAction":[{"@type":"ReadAction","target":["https:\/\/movepainfree.org\/fr\/about-orthopaedics\/conditions-and-ailments\/arthritis\/rheumatoid-arthritis\/"]}]},{"@type":"BreadcrumbList","@id":"https:\/\/movepainfree.org\/fr\/about-orthopaedics\/conditions-and-ailments\/arthritis\/rheumatoid-arthritis\/#breadcrumb","itemListElement":[{"@type":"ListItem","position":1,"name":"Home","item":"https:\/\/movepainfree.org\/fr\/"},{"@type":"ListItem","position":2,"name":"\u00c0 propos des os et articulations","item":"https:\/\/movepainfree.org\/fr\/about-orthopaedics\/"},{"@type":"ListItem","position":3,"name":"Blessures et troubles des os et articulations","item":"https:\/\/movepainfree.org\/fr\/about-orthopaedics\/conditions-and-ailments\/"},{"@type":"ListItem","position":4,"name":"L&rsquo;arthrite","item":"https:\/\/movepainfree.org\/fr\/about-orthopaedics\/conditions-and-ailments\/arthritis\/"},{"@type":"ListItem","position":5,"name":"La polyarthrite rhumato\u00efde"}]},{"@type":"WebSite","@id":"https:\/\/movepainfree.org\/fr\/#website","url":"https:\/\/movepainfree.org\/fr\/","name":"Fondation Canadienne d&#039;Orthop\u00e9die","description":"Fund-raising Activities Support Research, Education, Community Care","potentialAction":[{"@type":"SearchAction","target":{"@type":"EntryPoint","urlTemplate":"https:\/\/movepainfree.org\/fr\/?s={search_term_string}"},"query-input":{"@type":"PropertyValueSpecification","valueRequired":true,"valueName":"search_term_string"}}],"inLanguage":"fr-FR"}]}},"_links":{"self":[{"href":"https:\/\/movepainfree.org\/fr\/wp-json\/wp\/v2\/pages\/122","targetHints":{"allow":["GET"]}}],"collection":[{"href":"https:\/\/movepainfree.org\/fr\/wp-json\/wp\/v2\/pages"}],"about":[{"href":"https:\/\/movepainfree.org\/fr\/wp-json\/wp\/v2\/types\/page"}],"author":[{"embeddable":true,"href":"https:\/\/movepainfree.org\/fr\/wp-json\/wp\/v2\/users\/1"}],"replies":[{"embeddable":true,"href":"https:\/\/movepainfree.org\/fr\/wp-json\/wp\/v2\/comments?post=122"}],"version-history":[{"count":3,"href":"https:\/\/movepainfree.org\/fr\/wp-json\/wp\/v2\/pages\/122\/revisions"}],"predecessor-version":[{"id":1223,"href":"https:\/\/movepainfree.org\/fr\/wp-json\/wp\/v2\/pages\/122\/revisions\/1223"}],"up":[{"embeddable":true,"href":"https:\/\/movepainfree.org\/fr\/wp-json\/wp\/v2\/pages\/118"}],"wp:attachment":[{"href":"https:\/\/movepainfree.org\/fr\/wp-json\/wp\/v2\/media?parent=122"}],"curies":[{"name":"wp","href":"https:\/\/api.w.org\/{rel}","templated":true}]}}