{"id":118,"date":"2015-01-20T17:28:40","date_gmt":"2015-01-20T17:28:40","guid":{"rendered":"https:\/\/movepainfree.org\/fr\/?page_id=118"},"modified":"2015-05-29T18:26:28","modified_gmt":"2015-05-29T18:26:28","slug":"arthritis","status":"publish","type":"page","link":"https:\/\/movepainfree.org\/fr\/about-orthopaedics\/conditions-and-ailments\/arthritis\/","title":{"rendered":"L&rsquo;arthrite"},"content":{"rendered":"<p>L&rsquo;arthrite est une maladie chronique, qui englobe une centaine d&rsquo;affections diff\u00e9rentes et touche actuellement quatre millions de personnes au Canada.\u00a0 L&rsquo;arthrite est souvent associ\u00e9e \u00e0 l&rsquo;inflammation des articulations et des tissus adjacents, c.-\u00e0-d. les muscles et les tendons.\u00a0 L&rsquo;inflammation est la r\u00e9ponse de l&rsquo;organisme \u00e0 une maladie ou \u00e0 un traumatisme. Elle peut \u00eatre accompagn\u00e9e de douleur, d&rsquo;\u0153d\u00e8me, de rougeur ou d&rsquo;une sensation de chaleur au niveau de la r\u00e9gion touch\u00e9e, par exemple, une articulation donn\u00e9e.<\/p>\n<p>Les diverses formes d&rsquo;arthrite et les maladies apparent\u00e9es appartiennent au groupe des maladies <em>rhumatismales<\/em>.\u00a0 Les maladies rhumatismales, qui affectent les articulations, les muscles et les tissus conjonctifs, sont associ\u00e9es \u00e0 diverses causes.\u00a0 Certaines formes d&rsquo;arthrite, tr\u00e8s graves, sont des maladies <em>auto-immunes<\/em>.\u00a0 Les maladies auto-immunes se caract\u00e9risent par une agression de l&rsquo;organisme par son propre syst\u00e8me immunitaire. Les m\u00e9canismes et les structures de d\u00e9fense immunitaire s&rsquo;attaquent alors aux articulations, aux cartilages, \u00e0 la peau et \u00e0 d&rsquo;autres organes, entra\u00eenant leur d\u00e9t\u00e9rioration.<\/p>\n<p>La plupart des formes d&rsquo;arthrite sont <em>chroniques<\/em>, ce qui signifie que les personnes qui en affect\u00e9es le sont pour le reste de leur vie.\u00a0 Les maladies chroniques ne gu\u00e9rissent pas et, \u00e0 ce jour, il n&rsquo;existe aucun m\u00e9dicament ni aucune th\u00e9rapie permettant de les traiter.\u00a0 Les maladies chroniques sont diff\u00e9rentes des maladies <em>aigu\u00ebs<\/em> dont on peut gu\u00e9rir sans traitement, comme la grippe, ou en prenant des m\u00e9dicaments, comme la pneumonie.<\/p>\n<p>Heureusement, les personnes atteintes d&rsquo;une forme d&rsquo;arthrite chronique ne sont pas continuellement aux prises avec les sympt\u00f4mes li\u00e9s \u00e0 la maladie, tels que la douleur et l&rsquo;inflammation.\u00a0 L&rsquo;arthrite \u00e9volue par <em>pouss\u00e9es<\/em>, des p\u00e9riodes pendant lesquelles les sympt\u00f4mes sont exacerb\u00e9s, qui alternent avec des <em>r\u00e9missions<\/em>, des p\u00e9riodes pendant lesquelles les sympt\u00f4mes disparaissent.<\/p>\n<p>Il est tout \u00e0 fait possible pour les personnes atteintes de l&rsquo;arthrite de jouir d&rsquo;une vie active et enrichissante.\u00a0 En suivant les traitements recommand\u00e9s par votre m\u00e9decin et en apprenant \u00e0 g\u00e9rer l&rsquo;arthrite et \u00e0 prot\u00e9ger vos articulations contre les \u00e9ventuelles d\u00e9t\u00e9riorations li\u00e9es \u00e0 la maladie, vous arriverez \u00e0 vivre pleinement.<\/p>\n<p>Il n&rsquo;existe aucun traitement connu contre l&rsquo;arthrite et on ignore encore les causes de plusieurs maladies rhumatismales.\u00a0 Les \u00e9tudes de recherche en cours portent sur les causes de l&rsquo;arthrite, les mesures pr\u00e9ventives contre certaines formes de la maladie et les traitements th\u00e9rapeutiques et habitudes de vie susceptibles de retarder ou de stopper la d\u00e9t\u00e9rioration des articulations.<\/p>\n","protected":false},"excerpt":{"rendered":"L&rsquo;arthrite est une maladie chronique, qui englobe une centaine d&rsquo;affections diff\u00e9rentes et touche actuellement quatre millions de personnes au Canada.\u00a0 L&rsquo;arthrite est souvent associ\u00e9e \u00e0 l&rsquo;inflammation des articulations et des&#8230; <a class=\"view-article\" href=\"https:\/\/movepainfree.org\/fr\/about-orthopaedics\/conditions-and-ailments\/arthritis\/\">View Article<\/a>","protected":false},"author":1,"featured_media":0,"parent":112,"menu_order":30,"comment_status":"closed","ping_status":"closed","template":"","meta":{"footnotes":""},"class_list":["post-118","page","type-page","status-publish","hentry"],"yoast_head":"<!-- This site is optimized with the Yoast SEO plugin v27.0 - https:\/\/yoast.com\/product\/yoast-seo-wordpress\/ -->\n<title>L&#039;arthrite - Fondation Canadienne d&#039;Orthop\u00e9die<\/title>\n<meta name=\"description\" content=\"La Fondation canadienne d&#039;orthop\u00e9die vient en aide aux patients orthop\u00e9diques, aux professionnels de la sant\u00e9 en orthop\u00e9die, ainsi qu&#039;aux personnes qui se pr\u00e9occupent de leur sant\u00e9 et des questions en mati\u00e8re de sant\u00e9 au sein de la collectivit\u00e9, et ce, \u00e0 l&#039;\u00e9gard de la sant\u00e9 des os et des articulations actuelle et \u00e0 venir.\" \/>\n<meta name=\"robots\" content=\"index, follow, max-snippet:-1, max-image-preview:large, max-video-preview:-1\" \/>\n<link rel=\"canonical\" href=\"https:\/\/movepainfree.org\/fr\/about-orthopaedics\/conditions-and-ailments\/arthritis\/\" \/>\n<meta property=\"og:locale\" content=\"fr_FR\" \/>\n<meta property=\"og:type\" content=\"article\" \/>\n<meta property=\"og:title\" content=\"L&#039;arthrite - Fondation Canadienne d&#039;Orthop\u00e9die\" \/>\n<meta property=\"og:description\" content=\"La Fondation canadienne d&#039;orthop\u00e9die vient en aide aux patients orthop\u00e9diques, aux professionnels de la sant\u00e9 en orthop\u00e9die, ainsi qu&#039;aux personnes qui se pr\u00e9occupent de leur sant\u00e9 et des questions en mati\u00e8re de sant\u00e9 au sein de la collectivit\u00e9, et ce, \u00e0 l&#039;\u00e9gard de la sant\u00e9 des os et des articulations actuelle et \u00e0 venir.\" \/>\n<meta property=\"og:url\" content=\"https:\/\/movepainfree.org\/fr\/about-orthopaedics\/conditions-and-ailments\/arthritis\/\" \/>\n<meta property=\"og:site_name\" content=\"Fondation Canadienne d&#039;Orthop\u00e9die\" \/>\n<meta property=\"article:modified_time\" content=\"2015-05-29T18:26:28+00:00\" \/>\n<meta name=\"twitter:card\" content=\"summary_large_image\" \/>\n<meta name=\"twitter:label1\" content=\"Dur\u00e9e de lecture estim\u00e9e\" \/>\n\t<meta name=\"twitter:data1\" content=\"2 minutes\" \/>\n<script type=\"application\/ld+json\" class=\"yoast-schema-graph\">{\"@context\":\"https:\/\/schema.org\",\"@graph\":[{\"@type\":\"WebPage\",\"@id\":\"https:\/\/movepainfree.org\/fr\/about-orthopaedics\/conditions-and-ailments\/arthritis\/\",\"url\":\"https:\/\/movepainfree.org\/fr\/about-orthopaedics\/conditions-and-ailments\/arthritis\/\",\"name\":\"L'arthrite - Fondation Canadienne d&#039;Orthop\u00e9die\",\"isPartOf\":{\"@id\":\"https:\/\/movepainfree.org\/fr\/#website\"},\"datePublished\":\"2015-01-20T17:28:40+00:00\",\"dateModified\":\"2015-05-29T18:26:28+00:00\",\"description\":\"La Fondation canadienne d'orthop\u00e9die vient en aide aux patients orthop\u00e9diques, aux professionnels de la sant\u00e9 en orthop\u00e9die, ainsi qu'aux personnes qui se pr\u00e9occupent de leur sant\u00e9 et des questions en mati\u00e8re de sant\u00e9 au sein de la collectivit\u00e9, et ce, \u00e0 l'\u00e9gard de la sant\u00e9 des os et des articulations actuelle et \u00e0 venir.\",\"breadcrumb\":{\"@id\":\"https:\/\/movepainfree.org\/fr\/about-orthopaedics\/conditions-and-ailments\/arthritis\/#breadcrumb\"},\"inLanguage\":\"fr-FR\",\"potentialAction\":[{\"@type\":\"ReadAction\",\"target\":[\"https:\/\/movepainfree.org\/fr\/about-orthopaedics\/conditions-and-ailments\/arthritis\/\"]}]},{\"@type\":\"BreadcrumbList\",\"@id\":\"https:\/\/movepainfree.org\/fr\/about-orthopaedics\/conditions-and-ailments\/arthritis\/#breadcrumb\",\"itemListElement\":[{\"@type\":\"ListItem\",\"position\":1,\"name\":\"Home\",\"item\":\"https:\/\/movepainfree.org\/fr\/\"},{\"@type\":\"ListItem\",\"position\":2,\"name\":\"\u00c0 propos des os et articulations\",\"item\":\"https:\/\/movepainfree.org\/fr\/about-orthopaedics\/\"},{\"@type\":\"ListItem\",\"position\":3,\"name\":\"Blessures et troubles des os et articulations\",\"item\":\"https:\/\/movepainfree.org\/fr\/about-orthopaedics\/conditions-and-ailments\/\"},{\"@type\":\"ListItem\",\"position\":4,\"name\":\"L&rsquo;arthrite\"}]},{\"@type\":\"WebSite\",\"@id\":\"https:\/\/movepainfree.org\/fr\/#website\",\"url\":\"https:\/\/movepainfree.org\/fr\/\",\"name\":\"Fondation Canadienne d&#039;Orthop\u00e9die\",\"description\":\"Fund-raising Activities Support Research, Education, Community Care\",\"potentialAction\":[{\"@type\":\"SearchAction\",\"target\":{\"@type\":\"EntryPoint\",\"urlTemplate\":\"https:\/\/movepainfree.org\/fr\/?s={search_term_string}\"},\"query-input\":{\"@type\":\"PropertyValueSpecification\",\"valueRequired\":true,\"valueName\":\"search_term_string\"}}],\"inLanguage\":\"fr-FR\"}]}<\/script>\n<!-- \/ Yoast SEO plugin. -->","yoast_head_json":{"title":"L'arthrite - Fondation Canadienne d&#039;Orthop\u00e9die","description":"La Fondation canadienne d'orthop\u00e9die vient en aide aux patients orthop\u00e9diques, aux professionnels de la sant\u00e9 en orthop\u00e9die, ainsi qu'aux personnes qui se pr\u00e9occupent de leur sant\u00e9 et des questions en mati\u00e8re de sant\u00e9 au sein de la collectivit\u00e9, et ce, \u00e0 l'\u00e9gard de la sant\u00e9 des os et des articulations actuelle et \u00e0 venir.","robots":{"index":"index","follow":"follow","max-snippet":"max-snippet:-1","max-image-preview":"max-image-preview:large","max-video-preview":"max-video-preview:-1"},"canonical":"https:\/\/movepainfree.org\/fr\/about-orthopaedics\/conditions-and-ailments\/arthritis\/","og_locale":"fr_FR","og_type":"article","og_title":"L'arthrite - Fondation Canadienne d&#039;Orthop\u00e9die","og_description":"La Fondation canadienne d'orthop\u00e9die vient en aide aux patients orthop\u00e9diques, aux professionnels de la sant\u00e9 en orthop\u00e9die, ainsi qu'aux personnes qui se pr\u00e9occupent de leur sant\u00e9 et des questions en mati\u00e8re de sant\u00e9 au sein de la collectivit\u00e9, et ce, \u00e0 l'\u00e9gard de la sant\u00e9 des os et des articulations actuelle et \u00e0 venir.","og_url":"https:\/\/movepainfree.org\/fr\/about-orthopaedics\/conditions-and-ailments\/arthritis\/","og_site_name":"Fondation Canadienne d&#039;Orthop\u00e9die","article_modified_time":"2015-05-29T18:26:28+00:00","twitter_card":"summary_large_image","twitter_misc":{"Dur\u00e9e de lecture estim\u00e9e":"2 minutes"},"schema":{"@context":"https:\/\/schema.org","@graph":[{"@type":"WebPage","@id":"https:\/\/movepainfree.org\/fr\/about-orthopaedics\/conditions-and-ailments\/arthritis\/","url":"https:\/\/movepainfree.org\/fr\/about-orthopaedics\/conditions-and-ailments\/arthritis\/","name":"L'arthrite - Fondation Canadienne d&#039;Orthop\u00e9die","isPartOf":{"@id":"https:\/\/movepainfree.org\/fr\/#website"},"datePublished":"2015-01-20T17:28:40+00:00","dateModified":"2015-05-29T18:26:28+00:00","description":"La Fondation canadienne d'orthop\u00e9die vient en aide aux patients orthop\u00e9diques, aux professionnels de la sant\u00e9 en orthop\u00e9die, ainsi qu'aux personnes qui se pr\u00e9occupent de leur sant\u00e9 et des questions en mati\u00e8re de sant\u00e9 au sein de la collectivit\u00e9, et ce, \u00e0 l'\u00e9gard de la sant\u00e9 des os et des articulations actuelle et \u00e0 venir.","breadcrumb":{"@id":"https:\/\/movepainfree.org\/fr\/about-orthopaedics\/conditions-and-ailments\/arthritis\/#breadcrumb"},"inLanguage":"fr-FR","potentialAction":[{"@type":"ReadAction","target":["https:\/\/movepainfree.org\/fr\/about-orthopaedics\/conditions-and-ailments\/arthritis\/"]}]},{"@type":"BreadcrumbList","@id":"https:\/\/movepainfree.org\/fr\/about-orthopaedics\/conditions-and-ailments\/arthritis\/#breadcrumb","itemListElement":[{"@type":"ListItem","position":1,"name":"Home","item":"https:\/\/movepainfree.org\/fr\/"},{"@type":"ListItem","position":2,"name":"\u00c0 propos des os et articulations","item":"https:\/\/movepainfree.org\/fr\/about-orthopaedics\/"},{"@type":"ListItem","position":3,"name":"Blessures et troubles des os et articulations","item":"https:\/\/movepainfree.org\/fr\/about-orthopaedics\/conditions-and-ailments\/"},{"@type":"ListItem","position":4,"name":"L&rsquo;arthrite"}]},{"@type":"WebSite","@id":"https:\/\/movepainfree.org\/fr\/#website","url":"https:\/\/movepainfree.org\/fr\/","name":"Fondation Canadienne d&#039;Orthop\u00e9die","description":"Fund-raising Activities Support Research, Education, Community Care","potentialAction":[{"@type":"SearchAction","target":{"@type":"EntryPoint","urlTemplate":"https:\/\/movepainfree.org\/fr\/?s={search_term_string}"},"query-input":{"@type":"PropertyValueSpecification","valueRequired":true,"valueName":"search_term_string"}}],"inLanguage":"fr-FR"}]}},"_links":{"self":[{"href":"https:\/\/movepainfree.org\/fr\/wp-json\/wp\/v2\/pages\/118","targetHints":{"allow":["GET"]}}],"collection":[{"href":"https:\/\/movepainfree.org\/fr\/wp-json\/wp\/v2\/pages"}],"about":[{"href":"https:\/\/movepainfree.org\/fr\/wp-json\/wp\/v2\/types\/page"}],"author":[{"embeddable":true,"href":"https:\/\/movepainfree.org\/fr\/wp-json\/wp\/v2\/users\/1"}],"replies":[{"embeddable":true,"href":"https:\/\/movepainfree.org\/fr\/wp-json\/wp\/v2\/comments?post=118"}],"version-history":[{"count":3,"href":"https:\/\/movepainfree.org\/fr\/wp-json\/wp\/v2\/pages\/118\/revisions"}],"predecessor-version":[{"id":1217,"href":"https:\/\/movepainfree.org\/fr\/wp-json\/wp\/v2\/pages\/118\/revisions\/1217"}],"up":[{"embeddable":true,"href":"https:\/\/movepainfree.org\/fr\/wp-json\/wp\/v2\/pages\/112"}],"wp:attachment":[{"href":"https:\/\/movepainfree.org\/fr\/wp-json\/wp\/v2\/media?parent=118"}],"curies":[{"name":"wp","href":"https:\/\/api.w.org\/{rel}","templated":true}]}}