{"id":114,"date":"2015-01-20T17:25:04","date_gmt":"2015-01-20T17:25:04","guid":{"rendered":"https:\/\/movepainfree.org\/fr\/?page_id=114"},"modified":"2015-05-29T19:14:18","modified_gmt":"2015-05-29T19:14:18","slug":"strains-and-sprains","status":"publish","type":"page","link":"https:\/\/movepainfree.org\/fr\/about-orthopaedics\/conditions-and-ailments\/strains-and-sprains\/","title":{"rendered":"Foulures et entorses"},"content":{"rendered":"<p>Nous souffrirons presque tous, un jour ou l&rsquo;autre, d&rsquo;une foulure ou d&rsquo;une entorse, le plus souvent aux \u00ab\u00a0tissus mous\u00a0\u00bb (muscles, tendons et ligaments) du poignet, de la cheville ou du genou. Un travail manuel exigeant et les sports de contact posent certains risques \u00e0 cet \u00e9gard.<\/p>\n<p>Comme les deux types de blessures ont des causes, sympt\u00f4mes et traitements semblables, on les m\u00eale souvent et on croit \u00e0 tort qu&rsquo;il s&rsquo;agit de la m\u00eame chose et qu&rsquo;il n&rsquo;y a que la gravit\u00e9 de la blessure qui change. En fait, la distinction repose sur le type de tissus mous qui a \u00e9t\u00e9 endommag\u00e9.<\/p>\n<h2>Entorse ou claquage?<\/h2>\n<p>Souvent, le fait de pouvoir \u00e9tablir s&rsquo;il s&rsquo;agit d&rsquo;une entorse ou d&rsquo;un claquage permet de s&rsquo;\u00e9viter une visite chez le m\u00e9decin. Il est donc utile de pouvoir les distinguer.<\/p>\n<h3>Foulures<\/h3>\n<p>Une <em>foulure<\/em> est une blessure subie par un muscle (les tissus qui fournissent la puissance n\u00e9cessaire pour bouger une articulation) ou un tendon (les tissus r\u00e9sistants et \u00e9lastiques qui relient le muscle \u00e0 l&rsquo;os). La blessure comme telle peut \u00eatre b\u00e9nigne, mod\u00e9r\u00e9e ou grave, allant de l&rsquo;\u00e9tirement excessif d&rsquo;un muscle ou tendon au d\u00e9chirement partiel ou complet de ses fibres.<\/p>\n<p>Les foulures aigu\u00ebs sont monnaie courante dans le milieu des sports de contact; elles sont en g\u00e9n\u00e9ral le r\u00e9sultat de forces exerc\u00e9es sur une partie du corps, par exemple d&rsquo;une pression excessive sur les muscles ischio-jambiers, derri\u00e8re la cuisse. Les muscles du dos sont aussi susceptibles aux foulures, entre autres \u00e0 la suite d&rsquo;une torsion qui survient lorsqu&rsquo;on soul\u00e8ve des objets lourds, une blessure des plus fr\u00e9quentes en p\u00e9riode de d\u00e9m\u00e9nagement.<\/p>\n<p>Parmi les autres blessures les plus courantes, on trouve celles subies par les joueurs des sports de raquette, qui se foulent tant\u00f4t la main, le poignet, l&rsquo;avant-bras ou le coude (foulure que l&rsquo;on surnomme alors le \u00ab\u00a0tennis elbow\u00a0\u00bb ou \u00ab\u00a0coude du tennisman\u00a0\u00bb), parce qu&rsquo;ils serrent fermement le manche de leur raquette tout en frappant \u00e0 r\u00e9p\u00e9tition un volant ou une balle. Lorsqu&rsquo;une blessure de ce genre n&rsquo;est pas bien trait\u00e9e, elle devient souvent chronique.<\/p>\n<h3>Entorses<\/h3>\n<p>Une <em>entorse<\/em> est l&rsquo;\u00e9tirement ou le d\u00e9chirement d&rsquo;un ligament (les bandes r\u00e9sistantes et souples de tissu conjonctif qui relient au moins deux os \u00e0 l&rsquo;int\u00e9rieur d&rsquo;une articulation).<\/p>\n<p>Les entorses peuvent se produire dans les membres sup\u00e9rieurs comme inf\u00e9rieurs. Parmi les entorses fr\u00e9quentes au poignet, on trouve celles subies par les personnes qui essaient de freiner une chute et dont tout le poids se retrouve alors sur les mains, pendant qu&rsquo;ils ont les poignets pli\u00e9s. Mais, le plus souvent, c&rsquo;est la cheville qui est la victime des entorses; c&rsquo;est m\u00eame la blessure la plus fr\u00e9quente sur le continent. Plus d&rsquo;un million de blessures \u00e0 la cheville surviennent chaque ann\u00e9e en Am\u00e9rique du Nord, et quelque 85\u00a0% de celles-ci sont des entorses. Une entorse \u00e0 la cheville se produit habituellement lorsque c&rsquo;est le c\u00f4t\u00e9 du pied qui touche le sol quand on descend d&rsquo;un trottoir ou d&rsquo;une marche, ou pire encore, apr\u00e8s un saut quand on joue au soccer ou au basketball.<\/p>\n<p>Une entorse peut toucher plus d&rsquo;un ligament dans une articulation. En fait, la gravit\u00e9 de l&rsquo;entorse d\u00e9pend \u00e0 la fois de l&rsquo;importance de la blessure au ligament (d\u00e9chirement partiel ou complet) et du nombre de ligaments affect\u00e9s. Les athl\u00e8tes y sont particuli\u00e8rement vuln\u00e9rables. Les joueurs de basketball, de football et de hockey sont les plus \u00e0 risque, car ils appuient souvent un pied au sol pour ensuite pivoter dessus, exer\u00e7ant parfois tellement de pression sur leur genou que celui-ci se disloque (en g\u00e9n\u00e9ral, on entend alors un \u00ab\u00a0pop!\u00a0\u00bb), ce qui cause un \u00e9tirement excessif des ligaments.<\/p>\n<h2>Sympt\u00f4mes<\/h2>\n<p>Qu&rsquo;il s&rsquo;agisse d&rsquo;une foulure ou d&rsquo;une entorse, il est bien probable que les sympt\u00f4mes seront tr\u00e8s semblables.<\/p>\n<p>Les premiers sympt\u00f4mes sont la douleur, ainsi que l&rsquo;enflure dans certains cas. Il peut \u00e9galement y avoir des ecchymoses autour de la blessure, et il est fort probable que la personne bless\u00e9e aura de la difficult\u00e9 \u00e0 bouger son articulation sans aggraver la douleur. Dans le cas d&rsquo;une blessure aux membres inf\u00e9rieurs, comme au genou ou \u00e0 la cheville, une douleur aigu\u00eb peut emp\u00eacher la personne de s&rsquo;appuyer sur sa jambe.<\/p>\n<p>Lorsque la foulure ou l&rsquo;entorse est b\u00e9nigne, il y a en g\u00e9n\u00e9ral peu de douleur et d&rsquo;enflure. Il peut aussi ne pas y avoir d&rsquo;ecchymoses. La personne bless\u00e9e peut \u00eatre capable d&rsquo;utiliser son articulation sans grimacer de douleur; si c&rsquo;est le cas, il ne devrait pas \u00eatre n\u00e9cessaire de consulter un m\u00e9decin ou de faire prendre des radiographies, \u00e0 moins que l&rsquo;on ait des doutes quant \u00e0 la blessure.<\/p>\n<p>Certains sympt\u00f4mes viennent toutefois confirmer la n\u00e9cessit\u00e9 d&rsquo;une consultation m\u00e9dicale\u00a0: la personne bless\u00e9e a de la difficult\u00e9 \u00e0 faire ne serait-ce que quelques pas; l&rsquo;application d&rsquo;une pression m\u00eame minime sur une articulation des membres sup\u00e9rieurs est pratiquement impossible; elle ne peut pas bouger l&rsquo;articulation; ou il y a une grande douleur, de l&rsquo;enflure et des ecchymoses bien \u00e9videntes.<\/p>\n<p>Il faut \u00e9galement consulter un m\u00e9decin si la zone touch\u00e9e a un aspect inhabituel, \u00e0 part l&rsquo;enflure (articulation tordue ou bossel\u00e9e, c&rsquo;est-\u00e0-dire qui n&rsquo;a pas le m\u00eame aspect que l&rsquo;articulation non bless\u00e9e).<\/p>\n<p>Enfin, si la personne bless\u00e9e est inqui\u00e8te ou qu&rsquo;elle doute de la gravit\u00e9 de la blessure, ou encore si ce n&rsquo;est pas la premi\u00e8re blessure subie par l&rsquo;articulation touch\u00e9e, il est pr\u00e9f\u00e9rable de consulter un m\u00e9decin.<\/p>\n<h2>Traitement<\/h2>\n<p>Le traitement d&rsquo;une foulure et d&rsquo;une entorse est souvent semblable. Au cours des 24 \u00e0 48\u00a0premi\u00e8res heures, l&rsquo;objectif est d&rsquo;att\u00e9nuer la douleur et l&rsquo;enflure, en g\u00e9n\u00e9ral en suivant une proc\u00e9dure assez simple\u00a0: repos, glace, compression et \u00e9l\u00e9vation.<\/p>\n<p>Le terme <em>repos<\/em> est explicite. Autant que possible, il faut \u00e9viter d&rsquo;utiliser l&rsquo;articulation touch\u00e9e pour lui donner le temps de gu\u00e9rir.<\/p>\n<p>Appliquer de la <em>glace<\/em> (un bloc r\u00e9frig\u00e9rant ou un sac de l\u00e9gumes surgel\u00e9s) aide \u00e0 r\u00e9duire l&rsquo;enflure, mais il faut cependant \u00eatre prudent\u00a0: afin de pr\u00e9venir les engelures et br\u00fblures par le froid, on doit enrouler la glace dans une serviette mince et ne pas la laisser sur la blessure plus de 10\u00a0minutes \u00e0 la fois, en attendant au moins 10\u00a0minutes entre chaque application.<\/p>\n<p>On peut appliquer une <em>compression<\/em> sur l&rsquo;articulation \u00e0 l&rsquo;aide d&rsquo;un bandage \u00e9lastique, ce qui contribue \u00e0 r\u00e9duire l&rsquo;enflure. Il faut par contre s&rsquo;assurer de ne pas trop serrer le bandage pour ne pas nuire \u00e0 la circulation sanguine.<\/p>\n<p>L&rsquo;<em>\u00e9l\u00e9vation<\/em> de l&rsquo;articulation bless\u00e9e permet d&rsquo;en drainer les fluides et de r\u00e9duire l&rsquo;enflure, ce qui soulage la douleur et acc\u00e9l\u00e8re la gu\u00e9rison. Il faut \u00e9lever l&rsquo;articulation aussi souvent que possible pendant les premi\u00e8res journ\u00e9es suivant la blessure, id\u00e9alement de 20 \u00e0 50\u00a0cm (de 8 \u00e0 12\u00a0po) au-dessus du niveau du c\u0153ur.<\/p>\n<p>Les foulures et entorses mod\u00e9r\u00e9es et graves peuvent n\u00e9cessiter une forme ou une autre d&rsquo;imagerie (radiographie, tomodensitom\u00e9trie ou imagerie par r\u00e9sonance magn\u00e9tique) afin de voir s&rsquo;il y a fracture d&rsquo;un des os de l&rsquo;articulation bless\u00e9e ou de d\u00e9terminer \u00e0 quel point les tissus mous ont \u00e9t\u00e9 \u00e9tir\u00e9s ou d\u00e9chir\u00e9s et s&rsquo;il faut faire un pl\u00e2tre pour stabiliser l&rsquo;articulation.<\/p>\n<p>La gu\u00e9rison d&rsquo;une foulure ou entorse tr\u00e8s grave, soit de niveau\u00a0III, qui comprend un d\u00e9chirement complet des tissus mous, peut n\u00e9cessiter plus de temps. Dans certains cas, la personne bless\u00e9e peut devoir consulter un sp\u00e9cialiste et passer d&rsquo;autres examens. Il arrive m\u00eame, rarement toutefois, que le traitement d&rsquo;une entorse demande une chirurgie. Les attelles pneumatiques, bottes et bottes de marche sont tr\u00e8s utiles dans le traitement de toutes les entorses de la cheville, y compris celles de niveau\u00a0III, plus particuli\u00e8rement pendant la gu\u00e9rison et la r\u00e9adaptation.<\/p>\n<p>Sauf dans les cas les plus b\u00e9nins, les foulures et entorses n\u00e9cessitent souvent une certaine r\u00e9adaptation, qui consiste habituellement en une s\u00e9rie d&rsquo;exercices d&rsquo;\u00e9tirement et de renforcement bien pr\u00e9cis qui visent \u00e0 ce que l&rsquo;articulation bless\u00e9e retrouve sa pleine capacit\u00e9 fonctionnelle et toute son amplitude. La dur\u00e9e du r\u00e9tablissement complet d\u00e9pend de la gravit\u00e9 de la blessure.<\/p>\n<h2>R\u00e9sultats<\/h2>\n<p><span id=\"lblContent\">Le traitement des foulures et entorses a en g\u00e9n\u00e9ral de bons r\u00e9sultats, soit le retour \u00e0 une mobilit\u00e9 normale. <\/span><\/p>\n","protected":false},"excerpt":{"rendered":"Nous souffrirons presque tous, un jour ou l&rsquo;autre, d&rsquo;une foulure ou d&rsquo;une entorse, le plus souvent aux \u00ab\u00a0tissus mous\u00a0\u00bb (muscles, tendons et ligaments) du poignet, de la cheville ou du&#8230; <a class=\"view-article\" href=\"https:\/\/movepainfree.org\/fr\/about-orthopaedics\/conditions-and-ailments\/strains-and-sprains\/\">View Article<\/a>","protected":false},"author":1,"featured_media":0,"parent":112,"menu_order":10,"comment_status":"closed","ping_status":"closed","template":"","meta":{"footnotes":""},"class_list":["post-114","page","type-page","status-publish","hentry"],"yoast_head":"<!-- This site is optimized with the Yoast SEO plugin v27.0 - https:\/\/yoast.com\/product\/yoast-seo-wordpress\/ -->\n<title>Foulures et entorses - Fondation Canadienne d&#039;Orthop\u00e9die<\/title>\n<meta name=\"description\" content=\"La Fondation canadienne d&#039;orthop\u00e9die vient en aide aux patients orthop\u00e9diques, aux professionnels de la sant\u00e9 en orthop\u00e9die, ainsi qu&#039;aux personnes qui se pr\u00e9occupent de leur sant\u00e9 et des questions en mati\u00e8re de sant\u00e9 au sein de la collectivit\u00e9, et ce, \u00e0 l&#039;\u00e9gard de la sant\u00e9 des os et des articulations actuelle et \u00e0 venir.\" \/>\n<meta name=\"robots\" content=\"index, follow, max-snippet:-1, max-image-preview:large, max-video-preview:-1\" \/>\n<link rel=\"canonical\" href=\"https:\/\/movepainfree.org\/fr\/about-orthopaedics\/conditions-and-ailments\/strains-and-sprains\/\" \/>\n<meta property=\"og:locale\" content=\"fr_FR\" \/>\n<meta property=\"og:type\" content=\"article\" \/>\n<meta property=\"og:title\" content=\"Foulures et entorses - Fondation Canadienne d&#039;Orthop\u00e9die\" \/>\n<meta property=\"og:description\" content=\"La Fondation canadienne d&#039;orthop\u00e9die vient en aide aux patients orthop\u00e9diques, aux professionnels de la sant\u00e9 en orthop\u00e9die, ainsi qu&#039;aux personnes qui se pr\u00e9occupent de leur sant\u00e9 et des questions en mati\u00e8re de sant\u00e9 au sein de la collectivit\u00e9, et ce, \u00e0 l&#039;\u00e9gard de la sant\u00e9 des os et des articulations actuelle et \u00e0 venir.\" \/>\n<meta property=\"og:url\" content=\"https:\/\/movepainfree.org\/fr\/about-orthopaedics\/conditions-and-ailments\/strains-and-sprains\/\" \/>\n<meta property=\"og:site_name\" content=\"Fondation Canadienne d&#039;Orthop\u00e9die\" \/>\n<meta property=\"article:modified_time\" content=\"2015-05-29T19:14:18+00:00\" \/>\n<meta name=\"twitter:card\" content=\"summary_large_image\" \/>\n<meta name=\"twitter:label1\" content=\"Dur\u00e9e de lecture estim\u00e9e\" \/>\n\t<meta name=\"twitter:data1\" content=\"7 minutes\" \/>\n<script type=\"application\/ld+json\" class=\"yoast-schema-graph\">{\"@context\":\"https:\/\/schema.org\",\"@graph\":[{\"@type\":\"WebPage\",\"@id\":\"https:\/\/movepainfree.org\/fr\/about-orthopaedics\/conditions-and-ailments\/strains-and-sprains\/\",\"url\":\"https:\/\/movepainfree.org\/fr\/about-orthopaedics\/conditions-and-ailments\/strains-and-sprains\/\",\"name\":\"Foulures et entorses - Fondation Canadienne d&#039;Orthop\u00e9die\",\"isPartOf\":{\"@id\":\"https:\/\/movepainfree.org\/fr\/#website\"},\"datePublished\":\"2015-01-20T17:25:04+00:00\",\"dateModified\":\"2015-05-29T19:14:18+00:00\",\"description\":\"La Fondation canadienne d'orthop\u00e9die vient en aide aux patients orthop\u00e9diques, aux professionnels de la sant\u00e9 en orthop\u00e9die, ainsi qu'aux personnes qui se pr\u00e9occupent de leur sant\u00e9 et des questions en mati\u00e8re de sant\u00e9 au sein de la collectivit\u00e9, et ce, \u00e0 l'\u00e9gard de la sant\u00e9 des os et des articulations actuelle et \u00e0 venir.\",\"breadcrumb\":{\"@id\":\"https:\/\/movepainfree.org\/fr\/about-orthopaedics\/conditions-and-ailments\/strains-and-sprains\/#breadcrumb\"},\"inLanguage\":\"fr-FR\",\"potentialAction\":[{\"@type\":\"ReadAction\",\"target\":[\"https:\/\/movepainfree.org\/fr\/about-orthopaedics\/conditions-and-ailments\/strains-and-sprains\/\"]}]},{\"@type\":\"BreadcrumbList\",\"@id\":\"https:\/\/movepainfree.org\/fr\/about-orthopaedics\/conditions-and-ailments\/strains-and-sprains\/#breadcrumb\",\"itemListElement\":[{\"@type\":\"ListItem\",\"position\":1,\"name\":\"Home\",\"item\":\"https:\/\/movepainfree.org\/fr\/\"},{\"@type\":\"ListItem\",\"position\":2,\"name\":\"\u00c0 propos des os et articulations\",\"item\":\"https:\/\/movepainfree.org\/fr\/about-orthopaedics\/\"},{\"@type\":\"ListItem\",\"position\":3,\"name\":\"Blessures et troubles des os et articulations\",\"item\":\"https:\/\/movepainfree.org\/fr\/about-orthopaedics\/conditions-and-ailments\/\"},{\"@type\":\"ListItem\",\"position\":4,\"name\":\"Foulures et entorses\"}]},{\"@type\":\"WebSite\",\"@id\":\"https:\/\/movepainfree.org\/fr\/#website\",\"url\":\"https:\/\/movepainfree.org\/fr\/\",\"name\":\"Fondation Canadienne d&#039;Orthop\u00e9die\",\"description\":\"Fund-raising Activities Support Research, Education, Community Care\",\"potentialAction\":[{\"@type\":\"SearchAction\",\"target\":{\"@type\":\"EntryPoint\",\"urlTemplate\":\"https:\/\/movepainfree.org\/fr\/?s={search_term_string}\"},\"query-input\":{\"@type\":\"PropertyValueSpecification\",\"valueRequired\":true,\"valueName\":\"search_term_string\"}}],\"inLanguage\":\"fr-FR\"}]}<\/script>\n<!-- \/ Yoast SEO plugin. -->","yoast_head_json":{"title":"Foulures et entorses - Fondation Canadienne d&#039;Orthop\u00e9die","description":"La Fondation canadienne d'orthop\u00e9die vient en aide aux patients orthop\u00e9diques, aux professionnels de la sant\u00e9 en orthop\u00e9die, ainsi qu'aux personnes qui se pr\u00e9occupent de leur sant\u00e9 et des questions en mati\u00e8re de sant\u00e9 au sein de la collectivit\u00e9, et ce, \u00e0 l'\u00e9gard de la sant\u00e9 des os et des articulations actuelle et \u00e0 venir.","robots":{"index":"index","follow":"follow","max-snippet":"max-snippet:-1","max-image-preview":"max-image-preview:large","max-video-preview":"max-video-preview:-1"},"canonical":"https:\/\/movepainfree.org\/fr\/about-orthopaedics\/conditions-and-ailments\/strains-and-sprains\/","og_locale":"fr_FR","og_type":"article","og_title":"Foulures et entorses - Fondation Canadienne d&#039;Orthop\u00e9die","og_description":"La Fondation canadienne d'orthop\u00e9die vient en aide aux patients orthop\u00e9diques, aux professionnels de la sant\u00e9 en orthop\u00e9die, ainsi qu'aux personnes qui se pr\u00e9occupent de leur sant\u00e9 et des questions en mati\u00e8re de sant\u00e9 au sein de la collectivit\u00e9, et ce, \u00e0 l'\u00e9gard de la sant\u00e9 des os et des articulations actuelle et \u00e0 venir.","og_url":"https:\/\/movepainfree.org\/fr\/about-orthopaedics\/conditions-and-ailments\/strains-and-sprains\/","og_site_name":"Fondation Canadienne d&#039;Orthop\u00e9die","article_modified_time":"2015-05-29T19:14:18+00:00","twitter_card":"summary_large_image","twitter_misc":{"Dur\u00e9e de lecture estim\u00e9e":"7 minutes"},"schema":{"@context":"https:\/\/schema.org","@graph":[{"@type":"WebPage","@id":"https:\/\/movepainfree.org\/fr\/about-orthopaedics\/conditions-and-ailments\/strains-and-sprains\/","url":"https:\/\/movepainfree.org\/fr\/about-orthopaedics\/conditions-and-ailments\/strains-and-sprains\/","name":"Foulures et entorses - Fondation Canadienne d&#039;Orthop\u00e9die","isPartOf":{"@id":"https:\/\/movepainfree.org\/fr\/#website"},"datePublished":"2015-01-20T17:25:04+00:00","dateModified":"2015-05-29T19:14:18+00:00","description":"La Fondation canadienne d'orthop\u00e9die vient en aide aux patients orthop\u00e9diques, aux professionnels de la sant\u00e9 en orthop\u00e9die, ainsi qu'aux personnes qui se pr\u00e9occupent de leur sant\u00e9 et des questions en mati\u00e8re de sant\u00e9 au sein de la collectivit\u00e9, et ce, \u00e0 l'\u00e9gard de la sant\u00e9 des os et des articulations actuelle et \u00e0 venir.","breadcrumb":{"@id":"https:\/\/movepainfree.org\/fr\/about-orthopaedics\/conditions-and-ailments\/strains-and-sprains\/#breadcrumb"},"inLanguage":"fr-FR","potentialAction":[{"@type":"ReadAction","target":["https:\/\/movepainfree.org\/fr\/about-orthopaedics\/conditions-and-ailments\/strains-and-sprains\/"]}]},{"@type":"BreadcrumbList","@id":"https:\/\/movepainfree.org\/fr\/about-orthopaedics\/conditions-and-ailments\/strains-and-sprains\/#breadcrumb","itemListElement":[{"@type":"ListItem","position":1,"name":"Home","item":"https:\/\/movepainfree.org\/fr\/"},{"@type":"ListItem","position":2,"name":"\u00c0 propos des os et articulations","item":"https:\/\/movepainfree.org\/fr\/about-orthopaedics\/"},{"@type":"ListItem","position":3,"name":"Blessures et troubles des os et articulations","item":"https:\/\/movepainfree.org\/fr\/about-orthopaedics\/conditions-and-ailments\/"},{"@type":"ListItem","position":4,"name":"Foulures et entorses"}]},{"@type":"WebSite","@id":"https:\/\/movepainfree.org\/fr\/#website","url":"https:\/\/movepainfree.org\/fr\/","name":"Fondation Canadienne d&#039;Orthop\u00e9die","description":"Fund-raising Activities Support Research, Education, Community Care","potentialAction":[{"@type":"SearchAction","target":{"@type":"EntryPoint","urlTemplate":"https:\/\/movepainfree.org\/fr\/?s={search_term_string}"},"query-input":{"@type":"PropertyValueSpecification","valueRequired":true,"valueName":"search_term_string"}}],"inLanguage":"fr-FR"}]}},"_links":{"self":[{"href":"https:\/\/movepainfree.org\/fr\/wp-json\/wp\/v2\/pages\/114","targetHints":{"allow":["GET"]}}],"collection":[{"href":"https:\/\/movepainfree.org\/fr\/wp-json\/wp\/v2\/pages"}],"about":[{"href":"https:\/\/movepainfree.org\/fr\/wp-json\/wp\/v2\/types\/page"}],"author":[{"embeddable":true,"href":"https:\/\/movepainfree.org\/fr\/wp-json\/wp\/v2\/users\/1"}],"replies":[{"embeddable":true,"href":"https:\/\/movepainfree.org\/fr\/wp-json\/wp\/v2\/comments?post=114"}],"version-history":[{"count":5,"href":"https:\/\/movepainfree.org\/fr\/wp-json\/wp\/v2\/pages\/114\/revisions"}],"predecessor-version":[{"id":1249,"href":"https:\/\/movepainfree.org\/fr\/wp-json\/wp\/v2\/pages\/114\/revisions\/1249"}],"up":[{"embeddable":true,"href":"https:\/\/movepainfree.org\/fr\/wp-json\/wp\/v2\/pages\/112"}],"wp:attachment":[{"href":"https:\/\/movepainfree.org\/fr\/wp-json\/wp\/v2\/media?parent=114"}],"curies":[{"name":"wp","href":"https:\/\/api.w.org\/{rel}","templated":true}]}}