{"id":112,"date":"2015-01-20T17:22:46","date_gmt":"2015-01-20T17:22:46","guid":{"rendered":"https:\/\/movepainfree.org\/fr\/?page_id=112"},"modified":"2020-04-20T19:20:37","modified_gmt":"2020-04-20T19:20:37","slug":"conditions-and-ailments","status":"publish","type":"page","link":"https:\/\/movepainfree.org\/fr\/about-orthopaedics\/conditions-and-ailments\/","title":{"rendered":"Blessures et troubles des os et articulations"},"content":{"rendered":"<p>Nos os et articulations sont tellement essentiels au quotidien que nous sommes surpris des r\u00e9percussions que peut avoir une blessure ou un trouble des os et articulations. Du jour au lendemain, nous ne pouvons plus marcher ou conduire, ou bien, graduellement, une douleur persistante nous emp\u00eache de nous lever ou de prendre notre enfant dans nos bras; notre vie se transforme alors en un combat quotidien, et ce, m\u00eame si la blessure ou le trouble est temporaire. Dans ces cas-l\u00e0, en apprendre le plus possible sur notre \u00e9tat nous aide \u00e0 prendre des d\u00e9cisions favorisant un traitement et la gu\u00e9rison, et nous devenons des participants actifs \u00e0 notre propre r\u00e9tablissement. De plus, en apprendre davantage sur les blessures et troubles des os et articulations avant d\u2019\u00eatre touch\u00e9 personnellement nous aide \u00e0 les pr\u00e9venir.<\/p>\n<p>Vous trouverez dans ces pages des renseignements de base sur les blessures et troubles courants de l\u2019appareil locomoteur. Utilisez-les comme source d\u2019information, mais assurez-vous de consulter un m\u00e9decin si vous vous trouvez dans une telle situation!<\/p>\n<ul>\n<li><a title=\"L'arthrite\" href=\"https:\/\/movepainfree.org\/fr\/about-orthopaedics\/conditions-and-ailments\/arthritis\/\">L&rsquo;arthrite<\/a>\n<ul>\n<li><a title=\"L'arthrose\" href=\"https:\/\/movepainfree.org\/fr\/about-orthopaedics\/conditions-and-ailments\/arthritis\/osteoarthritis\/\">L&rsquo;arthrose<\/a><\/li>\n<li><a title=\"La polyarthrite rhumato\u00efde\" href=\"https:\/\/movepainfree.org\/fr\/about-orthopaedics\/conditions-and-ailments\/arthritis\/rheumatoid-arthritis\/\">La polyarthrite rhumato\u00efde<\/a><\/li>\n<\/ul>\n<\/li>\n<li><a href=\"https:\/\/movepainfree.org\/fr\/about-orthopaedics\/conditions-and-ailments\/arthritis\/bursitis-and-tendonitis\/\">Bursites et tendinites<\/a><\/li>\n<li><a href=\"https:\/\/movepainfree.org\/fr\/about-orthopaedics\/conditions-and-ailments\/assessing-injuries\/\">\u00c9valuation des blessures<\/a><\/li>\n<li><a title=\"Foulures et entorses\" href=\"https:\/\/movepainfree.org\/fr\/about-orthopaedics\/conditions-and-ailments\/strains-and-sprains\/\">Foulures et entorses<\/a><\/li>\n<li><a title=\"Fractures des os longs\" href=\"https:\/\/movepainfree.org\/fr\/about-orthopaedics\/conditions-and-ailments\/long-bone-fractures\/\">Fractures des os longs<\/a><\/li>\n<li><a title=\"Infections osseuses ou articulaires\" href=\"https:\/\/movepainfree.org\/fr\/about-orthopaedics\/conditions-and-ailments\/bone-or-joint-infections\/\">Infections osseuses ou articulaires<\/a><\/li>\n<li><a href=\"https:\/\/movepainfree.org\/fr\/about-orthopaedics\/conditions-and-ailments\/osteoporosis\/\">l&rsquo;Ost\u00e9oporose<\/a><\/li>\n<li><a title=\"Tumeurs osseuses\" href=\"https:\/\/movepainfree.org\/fr\/about-orthopaedics\/conditions-and-ailments\/bone-tumors\/\">Tumeurs osseuses<\/a><\/li>\n<\/ul>\n","protected":false},"excerpt":{"rendered":"Nos os et articulations sont tellement essentiels au quotidien que nous sommes surpris des r\u00e9percussions que peut avoir une blessure ou un trouble des os et articulations. Du jour au&#8230; <a class=\"view-article\" href=\"https:\/\/movepainfree.org\/fr\/about-orthopaedics\/conditions-and-ailments\/\">View Article<\/a>","protected":false},"author":1,"featured_media":0,"parent":5,"menu_order":30,"comment_status":"closed","ping_status":"closed","template":"","meta":{"footnotes":""},"class_list":["post-112","page","type-page","status-publish","hentry"],"yoast_head":"<!-- This site is optimized with the Yoast SEO plugin v27.0 - https:\/\/yoast.com\/product\/yoast-seo-wordpress\/ -->\n<title>Blessures et troubles des os et articulations - Fondation Canadienne d&#039;Orthop\u00e9die<\/title>\n<meta name=\"description\" content=\"La Fondation canadienne d&#039;orthop\u00e9die vient en aide aux patients orthop\u00e9diques, aux professionnels de la sant\u00e9 en orthop\u00e9die, ainsi qu&#039;aux personnes qui se pr\u00e9occupent de leur sant\u00e9 et des questions en mati\u00e8re de sant\u00e9 au sein de la collectivit\u00e9, et ce, \u00e0 l&#039;\u00e9gard de la sant\u00e9 des os et des articulations actuelle et \u00e0 venir.\" \/>\n<meta name=\"robots\" content=\"index, follow, max-snippet:-1, max-image-preview:large, max-video-preview:-1\" \/>\n<link rel=\"canonical\" href=\"https:\/\/movepainfree.org\/fr\/about-orthopaedics\/conditions-and-ailments\/\" \/>\n<meta property=\"og:locale\" content=\"fr_FR\" \/>\n<meta property=\"og:type\" content=\"article\" \/>\n<meta property=\"og:title\" content=\"Blessures et troubles des os et articulations - Fondation Canadienne d&#039;Orthop\u00e9die\" \/>\n<meta property=\"og:description\" content=\"La Fondation canadienne d&#039;orthop\u00e9die vient en aide aux patients orthop\u00e9diques, aux professionnels de la sant\u00e9 en orthop\u00e9die, ainsi qu&#039;aux personnes qui se pr\u00e9occupent de leur sant\u00e9 et des questions en mati\u00e8re de sant\u00e9 au sein de la collectivit\u00e9, et ce, \u00e0 l&#039;\u00e9gard de la sant\u00e9 des os et des articulations actuelle et \u00e0 venir.\" \/>\n<meta property=\"og:url\" content=\"https:\/\/movepainfree.org\/fr\/about-orthopaedics\/conditions-and-ailments\/\" \/>\n<meta property=\"og:site_name\" content=\"Fondation Canadienne d&#039;Orthop\u00e9die\" \/>\n<meta property=\"article:modified_time\" content=\"2020-04-20T19:20:37+00:00\" \/>\n<meta name=\"twitter:card\" content=\"summary_large_image\" \/>\n<meta name=\"twitter:label1\" content=\"Dur\u00e9e de lecture estim\u00e9e\" \/>\n\t<meta name=\"twitter:data1\" content=\"1 minute\" \/>\n<script type=\"application\/ld+json\" class=\"yoast-schema-graph\">{\"@context\":\"https:\/\/schema.org\",\"@graph\":[{\"@type\":\"WebPage\",\"@id\":\"https:\/\/movepainfree.org\/fr\/about-orthopaedics\/conditions-and-ailments\/\",\"url\":\"https:\/\/movepainfree.org\/fr\/about-orthopaedics\/conditions-and-ailments\/\",\"name\":\"Blessures et troubles des os et articulations - Fondation Canadienne d&#039;Orthop\u00e9die\",\"isPartOf\":{\"@id\":\"https:\/\/movepainfree.org\/fr\/#website\"},\"datePublished\":\"2015-01-20T17:22:46+00:00\",\"dateModified\":\"2020-04-20T19:20:37+00:00\",\"description\":\"La Fondation canadienne d'orthop\u00e9die vient en aide aux patients orthop\u00e9diques, aux professionnels de la sant\u00e9 en orthop\u00e9die, ainsi qu'aux personnes qui se pr\u00e9occupent de leur sant\u00e9 et des questions en mati\u00e8re de sant\u00e9 au sein de la collectivit\u00e9, et ce, \u00e0 l'\u00e9gard de la sant\u00e9 des os et des articulations actuelle et \u00e0 venir.\",\"breadcrumb\":{\"@id\":\"https:\/\/movepainfree.org\/fr\/about-orthopaedics\/conditions-and-ailments\/#breadcrumb\"},\"inLanguage\":\"fr-FR\",\"potentialAction\":[{\"@type\":\"ReadAction\",\"target\":[\"https:\/\/movepainfree.org\/fr\/about-orthopaedics\/conditions-and-ailments\/\"]}]},{\"@type\":\"BreadcrumbList\",\"@id\":\"https:\/\/movepainfree.org\/fr\/about-orthopaedics\/conditions-and-ailments\/#breadcrumb\",\"itemListElement\":[{\"@type\":\"ListItem\",\"position\":1,\"name\":\"Home\",\"item\":\"https:\/\/movepainfree.org\/fr\/\"},{\"@type\":\"ListItem\",\"position\":2,\"name\":\"\u00c0 propos des os et articulations\",\"item\":\"https:\/\/movepainfree.org\/fr\/about-orthopaedics\/\"},{\"@type\":\"ListItem\",\"position\":3,\"name\":\"Blessures et troubles des os et articulations\"}]},{\"@type\":\"WebSite\",\"@id\":\"https:\/\/movepainfree.org\/fr\/#website\",\"url\":\"https:\/\/movepainfree.org\/fr\/\",\"name\":\"Fondation Canadienne d&#039;Orthop\u00e9die\",\"description\":\"Fund-raising Activities Support Research, Education, Community Care\",\"potentialAction\":[{\"@type\":\"SearchAction\",\"target\":{\"@type\":\"EntryPoint\",\"urlTemplate\":\"https:\/\/movepainfree.org\/fr\/?s={search_term_string}\"},\"query-input\":{\"@type\":\"PropertyValueSpecification\",\"valueRequired\":true,\"valueName\":\"search_term_string\"}}],\"inLanguage\":\"fr-FR\"}]}<\/script>\n<!-- \/ Yoast SEO plugin. -->","yoast_head_json":{"title":"Blessures et troubles des os et articulations - Fondation Canadienne d&#039;Orthop\u00e9die","description":"La Fondation canadienne d'orthop\u00e9die vient en aide aux patients orthop\u00e9diques, aux professionnels de la sant\u00e9 en orthop\u00e9die, ainsi qu'aux personnes qui se pr\u00e9occupent de leur sant\u00e9 et des questions en mati\u00e8re de sant\u00e9 au sein de la collectivit\u00e9, et ce, \u00e0 l'\u00e9gard de la sant\u00e9 des os et des articulations actuelle et \u00e0 venir.","robots":{"index":"index","follow":"follow","max-snippet":"max-snippet:-1","max-image-preview":"max-image-preview:large","max-video-preview":"max-video-preview:-1"},"canonical":"https:\/\/movepainfree.org\/fr\/about-orthopaedics\/conditions-and-ailments\/","og_locale":"fr_FR","og_type":"article","og_title":"Blessures et troubles des os et articulations - Fondation Canadienne d&#039;Orthop\u00e9die","og_description":"La Fondation canadienne d'orthop\u00e9die vient en aide aux patients orthop\u00e9diques, aux professionnels de la sant\u00e9 en orthop\u00e9die, ainsi qu'aux personnes qui se pr\u00e9occupent de leur sant\u00e9 et des questions en mati\u00e8re de sant\u00e9 au sein de la collectivit\u00e9, et ce, \u00e0 l'\u00e9gard de la sant\u00e9 des os et des articulations actuelle et \u00e0 venir.","og_url":"https:\/\/movepainfree.org\/fr\/about-orthopaedics\/conditions-and-ailments\/","og_site_name":"Fondation Canadienne d&#039;Orthop\u00e9die","article_modified_time":"2020-04-20T19:20:37+00:00","twitter_card":"summary_large_image","twitter_misc":{"Dur\u00e9e de lecture estim\u00e9e":"1 minute"},"schema":{"@context":"https:\/\/schema.org","@graph":[{"@type":"WebPage","@id":"https:\/\/movepainfree.org\/fr\/about-orthopaedics\/conditions-and-ailments\/","url":"https:\/\/movepainfree.org\/fr\/about-orthopaedics\/conditions-and-ailments\/","name":"Blessures et troubles des os et articulations - Fondation Canadienne d&#039;Orthop\u00e9die","isPartOf":{"@id":"https:\/\/movepainfree.org\/fr\/#website"},"datePublished":"2015-01-20T17:22:46+00:00","dateModified":"2020-04-20T19:20:37+00:00","description":"La Fondation canadienne d'orthop\u00e9die vient en aide aux patients orthop\u00e9diques, aux professionnels de la sant\u00e9 en orthop\u00e9die, ainsi qu'aux personnes qui se pr\u00e9occupent de leur sant\u00e9 et des questions en mati\u00e8re de sant\u00e9 au sein de la collectivit\u00e9, et ce, \u00e0 l'\u00e9gard de la sant\u00e9 des os et des articulations actuelle et \u00e0 venir.","breadcrumb":{"@id":"https:\/\/movepainfree.org\/fr\/about-orthopaedics\/conditions-and-ailments\/#breadcrumb"},"inLanguage":"fr-FR","potentialAction":[{"@type":"ReadAction","target":["https:\/\/movepainfree.org\/fr\/about-orthopaedics\/conditions-and-ailments\/"]}]},{"@type":"BreadcrumbList","@id":"https:\/\/movepainfree.org\/fr\/about-orthopaedics\/conditions-and-ailments\/#breadcrumb","itemListElement":[{"@type":"ListItem","position":1,"name":"Home","item":"https:\/\/movepainfree.org\/fr\/"},{"@type":"ListItem","position":2,"name":"\u00c0 propos des os et articulations","item":"https:\/\/movepainfree.org\/fr\/about-orthopaedics\/"},{"@type":"ListItem","position":3,"name":"Blessures et troubles des os et articulations"}]},{"@type":"WebSite","@id":"https:\/\/movepainfree.org\/fr\/#website","url":"https:\/\/movepainfree.org\/fr\/","name":"Fondation Canadienne d&#039;Orthop\u00e9die","description":"Fund-raising Activities Support Research, Education, Community Care","potentialAction":[{"@type":"SearchAction","target":{"@type":"EntryPoint","urlTemplate":"https:\/\/movepainfree.org\/fr\/?s={search_term_string}"},"query-input":{"@type":"PropertyValueSpecification","valueRequired":true,"valueName":"search_term_string"}}],"inLanguage":"fr-FR"}]}},"_links":{"self":[{"href":"https:\/\/movepainfree.org\/fr\/wp-json\/wp\/v2\/pages\/112","targetHints":{"allow":["GET"]}}],"collection":[{"href":"https:\/\/movepainfree.org\/fr\/wp-json\/wp\/v2\/pages"}],"about":[{"href":"https:\/\/movepainfree.org\/fr\/wp-json\/wp\/v2\/types\/page"}],"author":[{"embeddable":true,"href":"https:\/\/movepainfree.org\/fr\/wp-json\/wp\/v2\/users\/1"}],"replies":[{"embeddable":true,"href":"https:\/\/movepainfree.org\/fr\/wp-json\/wp\/v2\/comments?post=112"}],"version-history":[{"count":7,"href":"https:\/\/movepainfree.org\/fr\/wp-json\/wp\/v2\/pages\/112\/revisions"}],"predecessor-version":[{"id":3341,"href":"https:\/\/movepainfree.org\/fr\/wp-json\/wp\/v2\/pages\/112\/revisions\/3341"}],"up":[{"embeddable":true,"href":"https:\/\/movepainfree.org\/fr\/wp-json\/wp\/v2\/pages\/5"}],"wp:attachment":[{"href":"https:\/\/movepainfree.org\/fr\/wp-json\/wp\/v2\/media?parent=112"}],"curies":[{"name":"wp","href":"https:\/\/api.w.org\/{rel}","templated":true}]}}